{"id":41,"date":"2022-08-08T15:47:12","date_gmt":"2022-08-08T13:47:12","guid":{"rendered":"https:\/\/supermatic.ch\/?page_id=41"},"modified":"2023-08-23T14:30:40","modified_gmt":"2023-08-23T12:30:40","slug":"home","status":"publish","type":"page","link":"https:\/\/supermatic.ch\/en\/","title":{"rendered":"Home"},"content":{"rendered":"\n<div class=\"wp-block-columns is-layout-flex wp-container-core-columns-is-layout-28f84493 wp-block-columns-is-layout-flex\">\n<div class=\"wp-block-column is-layout-flow wp-block-column-is-layout-flow\"><div id=\"div_block-5-78\" class=\"ct-div-block \" ><div id=\"new_columns-6-78\" class=\"ct-new-columns underlineHover\" ><div id=\"div_block-14-78\" class=\"ct-div-block bg-texture\" ><h1 id=\"headline-18-78\" class=\"ct-headline\">Willkommen bei supermatic, Ihr Verpackungsspezialist!<br><\/h1><div id=\"text_block-17-78\" class=\"ct-text-block\" ><div>Seit 1955 sind wir ein zuverl\u00e4ssiger Partner und Grossh\u00e4ndler f\u00fcr Ihre Verpackungsw\u00fcnsche.&nbsp;<\/div><div><br><\/div><div>Ob Verpackungen f\u00fcr Lebensmittel, Getr\u00e4nke, Kosmetika oder Chemikalien, wir k\u00f6nnen Sie kompetent beraten und Ihnen genau die L\u00f6sungen anbieten, die Sie ben\u00f6tigen.<\/div><br>Neben der Entwicklung von neuen Verpackungen k\u00f6nnen wir auch Bedrucken, Etikettieren oder Konfektionieren anbieten.<\/div><a id=\"link_text-16-78\" class=\"ct-link-text \" href=\"https:\/\/supermatic.ch\/services\/\" target=\"_self\"><u>Services \u2794  <\/u><\/a><\/div><div id=\"div_block-2-78\" class=\"ct-div-block bg-texture\" ><div id=\"text_block-3-78\" class=\"ct-text-block\" ><div>Schon etwas bestimmtes im Kopf?&nbsp;<\/div><div><br><\/div><div>Schauen Sie sich unser Sortiment an, welches Sie direkt im Onlineshop bestellen k\u00f6nnen.<\/div><div><br><\/div><div>Von Seifenspender bis Getr\u00e4nkeflaschen, egal ob PET, Glas oder Aluminium: Bei uns finden Sie die perfekte Verpackung f\u00fcr Ihr Produkt.<br><br>Als erfahrener Grossh\u00e4ndler f\u00fcr Verpackungsl\u00f6sungen in der Schweiz stehen wir bereit, um Ihre Anforderungen zu erf\u00fcllen.<\/div><\/div><a id=\"link_text-4-78\" class=\"ct-link-text \" href=\"https:\/\/supermatic.ch\/produkte\/\" target=\"_self\"><u>Shop \u2794  <\/u><\/a><\/div><\/div><\/div><\/div>\n<\/div>\n\n\n<div id=\"new_columns-3-92\" class=\"ct-new-columns\" ><div id=\"div_block-4-92\" class=\"ct-div-block\" >        \n                <div id=\"_posts_grid-2-92\" class='oxy-easy-posts oxy-posts-grid' >\n                                    <div class='oxy-posts'>\n                     <a class=\"oxy-post\" href=\"https:\/\/supermatic.ch\/en\/neu-im-sortiment-schraubdeckeldosen\/\">\n\n  <div class='oxy-post-image' >\n      <div class='oxy-post-image-fixed-ratio' style='background-image: url(https:\/\/supermatic.ch\/wp-content\/uploads\/2024\/06\/Aluminiumdose-50ml-55x23mm.jpg);'>\n      <\/div>\n  <\/div>\n\n  <div class='oxy-post-wrap'>\n    <h2 class='oxy-post-title'>Neu im Sortiment: Schraubdeckeldosen<\/h2>\n\n   \n\n    <!-- Here's the excerpt -->\n    <div class='oxy-post-excerpt'><p>Wir erweitert unser Sortiment um eine neue Reihe von Aluminium Schraubdeckeldosen, die speziell f\u00fcr die Kosmetikindustrie [&hellip;]<\/p>\n<\/div>\n\n     <div class='oxy-post-meta'>\n      <div class='oxy-post-meta-date oxy-post-meta-item'>\n        July 10, 2024      <\/div>\n    <\/div>\n\n    <p class='oxy-read-more'>Weiterlesen<\/p>\n  <\/div>\n\n<\/a>\n <a class=\"oxy-post\" href=\"https:\/\/supermatic.ch\/en\/tethered-caps-und-die-eu-richtlinie-2019-904\/\">\n\n  <div class='oxy-post-image' >\n      <div class='oxy-post-image-fixed-ratio' style='background-image: url(https:\/\/supermatic.ch\/wp-content\/uploads\/2023\/11\/shutterstock_2385125441.jpg);'>\n      <\/div>\n  <\/div>\n\n  <div class='oxy-post-wrap'>\n    <h2 class='oxy-post-title'>Tethered Caps und die EU-Richtlinie 2019\/904<\/h2>\n\n   \n\n    <!-- Here's the excerpt -->\n    <div class='oxy-post-excerpt'><p>Die Verwendung von Schraubverschl\u00fcssen auf Getr\u00e4nkebeh\u00e4ltnissen, sei es auf Milchkartons oder PET-Flaschen, ist zweifellos praktisch. Dennoch [&hellip;]<\/p>\n<\/div>\n\n     <div class='oxy-post-meta'>\n      <div class='oxy-post-meta-date oxy-post-meta-item'>\n        November 8, 2023      <\/div>\n    <\/div>\n\n    <p class='oxy-read-more'>Weiterlesen<\/p>\n  <\/div>\n\n<\/a>\n <a class=\"oxy-post\" href=\"https:\/\/supermatic.ch\/en\/cheertainer-gewicht-bei-verpackungen-einsparen\/\">\n\n  <div class='oxy-post-image' >\n      <div class='oxy-post-image-fixed-ratio' style='background-image: url(https:\/\/supermatic.ch\/wp-content\/uploads\/2023\/08\/nqI43wywI-waEnb1o7i-C-transformed-1.webp);'>\n      <\/div>\n  <\/div>\n\n  <div class='oxy-post-wrap'>\n    <h2 class='oxy-post-title'>Cheertainer: Gewicht bei Verpackungen einsparen<\/h2>\n\n   \n\n    <!-- Here's the excerpt -->\n    <div class='oxy-post-excerpt'><p>Verabschieden Sie sich von Kanistern und steigen Sie auf Cheertainer um. In einer Welt, in der [&hellip;]<\/p>\n<\/div>\n\n     <div class='oxy-post-meta'>\n      <div class='oxy-post-meta-date oxy-post-meta-item'>\n        August 13, 2023      <\/div>\n    <\/div>\n\n    <p class='oxy-read-more'>Weiterlesen<\/p>\n  <\/div>\n\n<\/a>\n <a class=\"oxy-post\" href=\"https:\/\/supermatic.ch\/en\/unser-sortiment-an-kanister\/\">\n\n  <div class='oxy-post-image' >\n      <div class='oxy-post-image-fixed-ratio' style='background-image: url(https:\/\/supermatic.ch\/wp-content\/uploads\/2023\/08\/Untitled-4.jpg);'>\n      <\/div>\n  <\/div>\n\n  <div class='oxy-post-wrap'>\n    <h2 class='oxy-post-title'>Unser Sortiment an Kanister<\/h2>\n\n   \n\n    <!-- Here's the excerpt -->\n    <div class='oxy-post-excerpt'><p>Kanister aus HD-PE f\u00fcr vielf\u00e4ltige Anwendungen Die richtige Lagerung und der Transport von Fl\u00fcssigkeiten, sei es [&hellip;]<\/p>\n<\/div>\n\n     <div class='oxy-post-meta'>\n      <div class='oxy-post-meta-date oxy-post-meta-item'>\n        August 12, 2023      <\/div>\n    <\/div>\n\n    <p class='oxy-read-more'>Weiterlesen<\/p>\n  <\/div>\n\n<\/a>\n <a class=\"oxy-post\" href=\"https:\/\/supermatic.ch\/en\/unser-sortiment-an-bierflaschen\/\">\n\n  <div class='oxy-post-image' >\n      <div class='oxy-post-image-fixed-ratio' style='background-image: url(https:\/\/supermatic.ch\/wp-content\/uploads\/2023\/08\/yiran-ding-1ej9kHoHWq0-unsplash-scaled.jpg);'>\n      <\/div>\n  <\/div>\n\n  <div class='oxy-post-wrap'>\n    <h2 class='oxy-post-title'>Unser Sortiment an Bierflaschen<\/h2>\n\n   \n\n    <!-- Here's the excerpt -->\n    <div class='oxy-post-excerpt'><p>Bier ist mehr als nur ein Getr\u00e4nk; es ist ein Kulturgut. Der Geschmack, das Bouquet, die [&hellip;]<\/p>\n<\/div>\n\n     <div class='oxy-post-meta'>\n      <div class='oxy-post-meta-date oxy-post-meta-item'>\n        August 7, 2023      <\/div>\n    <\/div>\n\n    <p class='oxy-read-more'>Weiterlesen<\/p>\n  <\/div>\n\n<\/a>\n <a class=\"oxy-post\" href=\"https:\/\/supermatic.ch\/en\/hot-fill-pet-flaschen-fuer-heissabfuellung\/\">\n\n  <div class='oxy-post-image' >\n      <div class='oxy-post-image-fixed-ratio' style='background-image: url(https:\/\/supermatic.ch\/wp-content\/uploads\/2023\/08\/hotfill-flaschen.jpg);'>\n      <\/div>\n  <\/div>\n\n  <div class='oxy-post-wrap'>\n    <h2 class='oxy-post-title'>Hot-Fill PET Flaschen f\u00fcr Heissabf\u00fcllung<\/h2>\n\n   \n\n    <!-- Here's the excerpt -->\n    <div class='oxy-post-excerpt'><p>Das Heissabf\u00fcllverfahren (Hot Fill) wird haupts\u00e4chlich f\u00fcr Getr\u00e4nke verwendet, die empfindlich gegen\u00fcber Mikroorganismen sind und ohne [&hellip;]<\/p>\n<\/div>\n\n     <div class='oxy-post-meta'>\n      <div class='oxy-post-meta-date oxy-post-meta-item'>\n        August 7, 2023      <\/div>\n    <\/div>\n\n    <p class='oxy-read-more'>Weiterlesen<\/p>\n  <\/div>\n\n<\/a>\n                <\/div>\n                                            <\/div>\n                <div id=\"div_block-24-92\" class=\"ct-div-block bg-texture underlineHover\" ><div id=\"fancy_icon-25-92\" class=\"ct-fancy-icon\" ><svg id=\"svg-fancy_icon-25-92\"><use xlink:href=\"#FontAwesomeicon-arrow-right\"><\/use><\/svg><\/div><div id=\"fancy_icon-28-92\" class=\"ct-fancy-icon\" ><svg id=\"svg-fancy_icon-28-92\"><use xlink:href=\"#Lineariconsicon-book\"><\/use><\/svg><\/div><a id=\"link_text-34-92\" class=\"ct-link-text \" href=\"https:\/\/supermatic.ch\/infos\/\">Alle Beitr\u00e4ge ansehen<br><\/a><\/div><\/div><div id=\"div_block-5-92\" class=\"ct-div-block\" >\n\t\t<div id=\"-woo-product-categories-22-92\" class=\"oxy-woo-product-categories underlineHoverBlack oxy-woo-element\" ><div class=\"woocommerce columns-3\"><ul class=\"products columns-3\">\n<li class=\"product-category product first\">\n\t<a aria-label=\"Visit product category Beutel und Bag-in-Box\" href=\"https:\/\/supermatic.ch\/en\/produkt-kategorie\/beutel\/\"><img loading=\"lazy\" decoding=\"async\" src=\"https:\/\/supermatic.ch\/wp-content\/uploads\/2022\/08\/beutel-300x300.jpg\" alt=\"Beutel und Bag-in-Box\" width=\"300\" height=\"300\" srcset=\"https:\/\/supermatic.ch\/wp-content\/uploads\/2022\/08\/beutel-300x300.jpg 300w, https:\/\/supermatic.ch\/wp-content\/uploads\/2022\/08\/beutel-320x320.jpg 320w, https:\/\/supermatic.ch\/wp-content\/uploads\/2022\/08\/beutel-12x12.jpg 12w, https:\/\/supermatic.ch\/wp-content\/uploads\/2022\/08\/beutel-100x100.jpg 100w, https:\/\/supermatic.ch\/wp-content\/uploads\/2022\/08\/beutel.jpg 400w\" sizes=\"auto, (max-width: 300px) 100vw, 300px\" title=\"\">\t\t<h2 class=\"woocommerce-loop-category__title\">\n\t\t\tBeutel und Bag-in-Box <mark class=\"count\">(9)<\/mark>\t\t<\/h2>\n\t\t<\/a><\/li>\n<li class=\"product-category product\">\n\t<a aria-label=\"Visit product category Bierflaschen\" href=\"https:\/\/supermatic.ch\/en\/produkt-kategorie\/flaschen\/bierflaschen\/\"><img loading=\"lazy\" decoding=\"async\" src=\"https:\/\/supermatic.ch\/wp-content\/uploads\/2023\/08\/leere-bierflaschen-300x300.jpg\" alt=\"Bierflaschen\" width=\"300\" height=\"300\" srcset=\"https:\/\/supermatic.ch\/wp-content\/uploads\/2023\/08\/leere-bierflaschen-300x300.jpg 300w, https:\/\/supermatic.ch\/wp-content\/uploads\/2023\/08\/leere-bierflaschen-320x320.jpg 320w, https:\/\/supermatic.ch\/wp-content\/uploads\/2023\/08\/leere-bierflaschen-12x12.jpg 12w, https:\/\/supermatic.ch\/wp-content\/uploads\/2023\/08\/leere-bierflaschen-100x100.jpg 100w, https:\/\/supermatic.ch\/wp-content\/uploads\/2023\/08\/leere-bierflaschen.jpg 400w\" sizes=\"auto, (max-width: 300px) 100vw, 300px\" title=\"\">\t\t<h2 class=\"woocommerce-loop-category__title\">\n\t\t\tBierflaschen <mark class=\"count\">(16)<\/mark>\t\t<\/h2>\n\t\t<\/a><\/li>\n<li class=\"product-category product last\">\n\t<a aria-label=\"Visit product category Dispenser und Pumpen\" href=\"https:\/\/supermatic.ch\/en\/produkt-kategorie\/verschluesse\/dispenser-und-pumpen\/\"><img loading=\"lazy\" decoding=\"async\" src=\"https:\/\/supermatic.ch\/wp-content\/uploads\/2022\/10\/ES6A0256-300x300.jpg\" alt=\"Dispenser und Pumpen\" width=\"300\" height=\"300\" srcset=\"https:\/\/supermatic.ch\/wp-content\/uploads\/2022\/10\/ES6A0256-300x300.jpg 300w, https:\/\/supermatic.ch\/wp-content\/uploads\/2022\/10\/ES6A0256-100x100.jpg 100w\" sizes=\"auto, (max-width: 300px) 100vw, 300px\" title=\"\">\t\t<h2 class=\"woocommerce-loop-category__title\">\n\t\t\tDispenser und Pumpen <mark class=\"count\">(27)<\/mark>\t\t<\/h2>\n\t\t<\/a><\/li>\n<li class=\"product-category product first\">\n\t<a aria-label=\"Visit product category Feinzerst\u00e4uber\" href=\"https:\/\/supermatic.ch\/en\/produkt-kategorie\/verschluesse\/feinzerstaeuber\/\"><img loading=\"lazy\" decoding=\"async\" src=\"https:\/\/supermatic.ch\/wp-content\/uploads\/2022\/10\/ES6A0225-300x300.jpg\" alt=\"Feinzerst\u00e4uber\" width=\"300\" height=\"300\" srcset=\"https:\/\/supermatic.ch\/wp-content\/uploads\/2022\/10\/ES6A0225-300x300.jpg 300w, https:\/\/supermatic.ch\/wp-content\/uploads\/2022\/10\/ES6A0225-100x100.jpg 100w\" sizes=\"auto, (max-width: 300px) 100vw, 300px\" title=\"\">\t\t<h2 class=\"woocommerce-loop-category__title\">\n\t\t\tFeinzerst\u00e4uber <mark class=\"count\">(7)<\/mark>\t\t<\/h2>\n\t\t<\/a><\/li>\n<li class=\"product-category product\">\n\t<a aria-label=\"Visit product category Hotfill Flaschen\" href=\"https:\/\/supermatic.ch\/en\/produkt-kategorie\/flaschen\/hotfill-flaschen\/\"><img loading=\"lazy\" decoding=\"async\" src=\"https:\/\/supermatic.ch\/wp-content\/uploads\/2022\/10\/ES6A0345-2-scaled-450x450.jpg\" alt=\"Hotfill Flaschen\" width=\"300\" height=\"300\" srcset=\"https:\/\/supermatic.ch\/wp-content\/uploads\/2022\/10\/ES6A0345-2-scaled-450x450.jpg 450w, https:\/\/supermatic.ch\/wp-content\/uploads\/2022\/10\/ES6A0345-2-100x100.jpg 100w\" sizes=\"auto, (max-width: 300px) 100vw, 300px\" title=\"\">\t\t<h2 class=\"woocommerce-loop-category__title\">\n\t\t\tHotfill Flaschen <mark class=\"count\">(6)<\/mark>\t\t<\/h2>\n\t\t<\/a><\/li>\n<li class=\"product-category product last\">\n\t<a aria-label=\"Visit product category Nachhaltig\" href=\"https:\/\/supermatic.ch\/en\/produkt-kategorie\/nachhaltig\/\"><img loading=\"lazy\" decoding=\"async\" src=\"https:\/\/supermatic.ch\/wp-content\/uploads\/2022\/08\/nachhaltig-300x300.jpg\" alt=\"Nachhaltig\" width=\"300\" height=\"300\" srcset=\"https:\/\/supermatic.ch\/wp-content\/uploads\/2022\/08\/nachhaltig-300x300.jpg 300w, https:\/\/supermatic.ch\/wp-content\/uploads\/2022\/08\/nachhaltig-320x320.jpg 320w, https:\/\/supermatic.ch\/wp-content\/uploads\/2022\/08\/nachhaltig-12x12.jpg 12w, https:\/\/supermatic.ch\/wp-content\/uploads\/2022\/08\/nachhaltig-100x100.jpg 100w, https:\/\/supermatic.ch\/wp-content\/uploads\/2022\/08\/nachhaltig.jpg 400w\" sizes=\"auto, (max-width: 300px) 100vw, 300px\" title=\"\">\t\t<h2 class=\"woocommerce-loop-category__title\">\n\t\t\tNachhaltig <mark class=\"count\">(301)<\/mark>\t\t<\/h2>\n\t\t<\/a><\/li>\n<li class=\"product-category product first\">\n\t<a aria-label=\"Visit product category Saucenflaschen\" href=\"https:\/\/supermatic.ch\/en\/produkt-kategorie\/flaschen\/saucenflaschen\/\"><img loading=\"lazy\" decoding=\"async\" src=\"https:\/\/supermatic.ch\/wp-content\/uploads\/2023\/08\/saucenflaschen-300x300.jpg\" alt=\"Saucenflaschen\" width=\"300\" height=\"300\" srcset=\"https:\/\/supermatic.ch\/wp-content\/uploads\/2023\/08\/saucenflaschen-300x300.jpg 300w, https:\/\/supermatic.ch\/wp-content\/uploads\/2023\/08\/saucenflaschen-480x480.jpg 480w, https:\/\/supermatic.ch\/wp-content\/uploads\/2023\/08\/saucenflaschen-320x320.jpg 320w, https:\/\/supermatic.ch\/wp-content\/uploads\/2023\/08\/saucenflaschen-768x768.jpg 768w, https:\/\/supermatic.ch\/wp-content\/uploads\/2023\/08\/saucenflaschen-12x12.jpg 12w, https:\/\/supermatic.ch\/wp-content\/uploads\/2023\/08\/saucenflaschen-600x600.jpg 600w, https:\/\/supermatic.ch\/wp-content\/uploads\/2023\/08\/saucenflaschen-100x100.jpg 100w, https:\/\/supermatic.ch\/wp-content\/uploads\/2023\/08\/saucenflaschen.jpg 800w\" sizes=\"auto, (max-width: 300px) 100vw, 300px\" title=\"\">\t\t<h2 class=\"woocommerce-loop-category__title\">\n\t\t\tSaucenflaschen <mark class=\"count\">(21)<\/mark>\t\t<\/h2>\n\t\t<\/a><\/li>\n<li class=\"product-category product\">\n\t<a aria-label=\"Visit product category Spirituosenflaschen\" href=\"https:\/\/supermatic.ch\/en\/produkt-kategorie\/flaschen\/spirituosenflaschen\/\"><img loading=\"lazy\" decoding=\"async\" src=\"https:\/\/supermatic.ch\/wp-content\/uploads\/2024\/01\/AWI02208-450x450.jpg\" alt=\"Spirituosenflaschen\" width=\"300\" height=\"300\" srcset=\"https:\/\/supermatic.ch\/wp-content\/uploads\/2024\/01\/AWI02208-450x450.jpg 450w, https:\/\/supermatic.ch\/wp-content\/uploads\/2024\/01\/AWI02208-100x100.jpg 100w\" sizes=\"auto, (max-width: 300px) 100vw, 300px\" title=\"\">\t\t<h2 class=\"woocommerce-loop-category__title\">\n\t\t\tSpirituosenflaschen <mark class=\"count\">(78)<\/mark>\t\t<\/h2>\n\t\t<\/a><\/li>\n<li class=\"product-category product last\">\n\t<a aria-label=\"Visit product category Spr\u00fcher\" href=\"https:\/\/supermatic.ch\/en\/produkt-kategorie\/verschluesse\/sprueher\/\"><img loading=\"lazy\" decoding=\"async\" src=\"https:\/\/supermatic.ch\/wp-content\/uploads\/2022\/08\/image1-4-300x300.jpg\" alt=\"Spr\u00fcher\" width=\"300\" height=\"300\" srcset=\"https:\/\/supermatic.ch\/wp-content\/uploads\/2022\/08\/image1-4-300x300.jpg 300w, https:\/\/supermatic.ch\/wp-content\/uploads\/2022\/08\/image1-4-100x100.jpg 100w\" sizes=\"auto, (max-width: 300px) 100vw, 300px\" title=\"\">\t\t<h2 class=\"woocommerce-loop-category__title\">\n\t\t\tSpr\u00fcher <mark class=\"count\">(18)<\/mark>\t\t<\/h2>\n\t\t<\/a><\/li>\n<li class=\"product-category product first\">\n\t<a aria-label=\"Visit product category Weinflaschen und Sektflaschen\" href=\"https:\/\/supermatic.ch\/en\/produkt-kategorie\/flaschen\/wein-und-sektflaschen\/\"><img loading=\"lazy\" decoding=\"async\" src=\"https:\/\/supermatic.ch\/wp-content\/uploads\/2023\/08\/leere-weinflaschen-300x300.jpg\" alt=\"Weinflaschen und Sektflaschen\" width=\"300\" height=\"300\" srcset=\"https:\/\/supermatic.ch\/wp-content\/uploads\/2023\/08\/leere-weinflaschen-300x300.jpg 300w, https:\/\/supermatic.ch\/wp-content\/uploads\/2023\/08\/leere-weinflaschen-320x320.jpg 320w, https:\/\/supermatic.ch\/wp-content\/uploads\/2023\/08\/leere-weinflaschen-12x12.jpg 12w, https:\/\/supermatic.ch\/wp-content\/uploads\/2023\/08\/leere-weinflaschen-100x100.jpg 100w, https:\/\/supermatic.ch\/wp-content\/uploads\/2023\/08\/leere-weinflaschen.jpg 400w\" sizes=\"auto, (max-width: 300px) 100vw, 300px\" title=\"\">\t\t<h2 class=\"woocommerce-loop-category__title\">\n\t\t\tWeinflaschen und Sektflaschen <mark class=\"count\">(83)<\/mark>\t\t<\/h2>\n\t\t<\/a><\/li>\n<li class=\"product-category product\">\n\t<a aria-label=\"Visit product category Flaschen\" href=\"https:\/\/supermatic.ch\/en\/produkt-kategorie\/flaschen\/\"><img loading=\"lazy\" decoding=\"async\" src=\"https:\/\/supermatic.ch\/wp-content\/uploads\/2022\/08\/flaschen-300x300.jpg\" alt=\"Flaschen\" width=\"300\" height=\"300\" srcset=\"https:\/\/supermatic.ch\/wp-content\/uploads\/2022\/08\/flaschen-300x300.jpg 300w, https:\/\/supermatic.ch\/wp-content\/uploads\/2022\/08\/flaschen-320x320.jpg 320w, https:\/\/supermatic.ch\/wp-content\/uploads\/2022\/08\/flaschen-12x12.jpg 12w, https:\/\/supermatic.ch\/wp-content\/uploads\/2022\/08\/flaschen-100x100.jpg 100w, https:\/\/supermatic.ch\/wp-content\/uploads\/2022\/08\/flaschen.jpg 400w\" sizes=\"auto, (max-width: 300px) 100vw, 300px\" title=\"\">\t\t<h2 class=\"woocommerce-loop-category__title\">\n\t\t\tFlaschen <mark class=\"count\">(518)<\/mark>\t\t<\/h2>\n\t\t<\/a><\/li>\n<li class=\"product-category product last\">\n\t<a aria-label=\"Visit product category Dosen\" href=\"https:\/\/supermatic.ch\/en\/produkt-kategorie\/dosen\/\"><img loading=\"lazy\" decoding=\"async\" src=\"https:\/\/supermatic.ch\/wp-content\/uploads\/2022\/08\/dosen-300x300.jpg\" alt=\"Dosen\" width=\"300\" height=\"300\" srcset=\"https:\/\/supermatic.ch\/wp-content\/uploads\/2022\/08\/dosen-300x300.jpg 300w, https:\/\/supermatic.ch\/wp-content\/uploads\/2022\/08\/dosen-320x320.jpg 320w, https:\/\/supermatic.ch\/wp-content\/uploads\/2022\/08\/dosen-12x12.jpg 12w, https:\/\/supermatic.ch\/wp-content\/uploads\/2022\/08\/dosen-100x100.jpg 100w, https:\/\/supermatic.ch\/wp-content\/uploads\/2022\/08\/dosen.jpg 400w\" sizes=\"auto, (max-width: 300px) 100vw, 300px\" title=\"\">\t\t<h2 class=\"woocommerce-loop-category__title\">\n\t\t\tDosen <mark class=\"count\">(73)<\/mark>\t\t<\/h2>\n\t\t<\/a><\/li>\n<li class=\"product-category product first\">\n\t<a aria-label=\"Visit product category Eimer\" href=\"https:\/\/supermatic.ch\/en\/produkt-kategorie\/eimer\/\"><img loading=\"lazy\" decoding=\"async\" src=\"https:\/\/supermatic.ch\/wp-content\/uploads\/2022\/08\/eimer-300x300.jpg\" alt=\"Eimer\" width=\"300\" height=\"300\" srcset=\"https:\/\/supermatic.ch\/wp-content\/uploads\/2022\/08\/eimer-300x300.jpg 300w, https:\/\/supermatic.ch\/wp-content\/uploads\/2022\/08\/eimer-320x320.jpg 320w, https:\/\/supermatic.ch\/wp-content\/uploads\/2022\/08\/eimer-12x12.jpg 12w, https:\/\/supermatic.ch\/wp-content\/uploads\/2022\/08\/eimer-100x100.jpg 100w, https:\/\/supermatic.ch\/wp-content\/uploads\/2022\/08\/eimer.jpg 400w\" sizes=\"auto, (max-width: 300px) 100vw, 300px\" title=\"\">\t\t<h2 class=\"woocommerce-loop-category__title\">\n\t\t\tEimer\t\t<\/h2>\n\t\t<\/a><\/li>\n<li class=\"product-category product\">\n\t<a aria-label=\"Visit product category Kanister\" href=\"https:\/\/supermatic.ch\/en\/produkt-kategorie\/kanister\/\"><img loading=\"lazy\" decoding=\"async\" src=\"https:\/\/supermatic.ch\/wp-content\/uploads\/2022\/08\/kanister-300x300.jpg\" alt=\"Kanister\" width=\"300\" height=\"300\" srcset=\"https:\/\/supermatic.ch\/wp-content\/uploads\/2022\/08\/kanister-300x300.jpg 300w, https:\/\/supermatic.ch\/wp-content\/uploads\/2022\/08\/kanister-320x320.jpg 320w, https:\/\/supermatic.ch\/wp-content\/uploads\/2022\/08\/kanister-12x12.jpg 12w, https:\/\/supermatic.ch\/wp-content\/uploads\/2022\/08\/kanister-100x100.jpg 100w, https:\/\/supermatic.ch\/wp-content\/uploads\/2022\/08\/kanister.jpg 400w\" sizes=\"auto, (max-width: 300px) 100vw, 300px\" title=\"\">\t\t<h2 class=\"woocommerce-loop-category__title\">\n\t\t\tKanister <mark class=\"count\">(21)<\/mark>\t\t<\/h2>\n\t\t<\/a><\/li>\n<li class=\"product-category product last\">\n\t<a aria-label=\"Visit product category Chemikalien\" href=\"https:\/\/supermatic.ch\/en\/produkt-kategorie\/chemikalien\/\"><img loading=\"lazy\" decoding=\"async\" src=\"https:\/\/supermatic.ch\/wp-content\/uploads\/2022\/08\/chemikalien-300x300.jpg\" alt=\"Chemikalien\" width=\"300\" height=\"300\" srcset=\"https:\/\/supermatic.ch\/wp-content\/uploads\/2022\/08\/chemikalien-300x300.jpg 300w, https:\/\/supermatic.ch\/wp-content\/uploads\/2022\/08\/chemikalien-320x320.jpg 320w, https:\/\/supermatic.ch\/wp-content\/uploads\/2022\/08\/chemikalien-12x12.jpg 12w, https:\/\/supermatic.ch\/wp-content\/uploads\/2022\/08\/chemikalien-100x100.jpg 100w, https:\/\/supermatic.ch\/wp-content\/uploads\/2022\/08\/chemikalien.jpg 400w\" sizes=\"auto, (max-width: 300px) 100vw, 300px\" title=\"\">\t\t<h2 class=\"woocommerce-loop-category__title\">\n\t\t\tChemikalien <mark class=\"count\">(263)<\/mark>\t\t<\/h2>\n\t\t<\/a><\/li>\n<\/ul>\n<\/div><\/div>\n\n\t\t<\/div><\/div>","protected":false},"excerpt":{"rendered":"","protected":false},"author":1,"featured_media":4758,"parent":0,"menu_order":0,"comment_status":"closed","ping_status":"closed","template":"","meta":{"footnotes":""},"class_list":["post-41","page","type-page","status-publish","has-post-thumbnail","hentry"],"_links":{"self":[{"href":"https:\/\/supermatic.ch\/en\/wp-json\/wp\/v2\/pages\/41","targetHints":{"allow":["GET"]}}],"collection":[{"href":"https:\/\/supermatic.ch\/en\/wp-json\/wp\/v2\/pages"}],"about":[{"href":"https:\/\/supermatic.ch\/en\/wp-json\/wp\/v2\/types\/page"}],"author":[{"embeddable":true,"href":"https:\/\/supermatic.ch\/en\/wp-json\/wp\/v2\/users\/1"}],"replies":[{"embeddable":true,"href":"https:\/\/supermatic.ch\/en\/wp-json\/wp\/v2\/comments?post=41"}],"version-history":[{"count":0,"href":"https:\/\/supermatic.ch\/en\/wp-json\/wp\/v2\/pages\/41\/revisions"}],"wp:featuredmedia":[{"embeddable":true,"href":"https:\/\/supermatic.ch\/en\/wp-json\/wp\/v2\/media\/4758"}],"wp:attachment":[{"href":"https:\/\/supermatic.ch\/en\/wp-json\/wp\/v2\/media?parent=41"}],"curies":[{"name":"wp","href":"https:\/\/api.w.org\/{rel}","templated":true}]}}