{"id":146,"date":"2022-08-18T16:48:56","date_gmt":"2022-08-18T14:48:56","guid":{"rendered":"https:\/\/supermatic.ch\/?post_type=product&#038;p=146"},"modified":"2025-05-09T15:59:03","modified_gmt":"2025-05-09T13:59:03","slug":"500ml-refill-bag-white","status":"publish","type":"product","link":"https:\/\/supermatic.ch\/en\/produkte\/beutel\/500ml-nachfuellbeutel-weiss\/","title":{"rendered":"500ml stand-up\/refill pouch PE white matt, with cap white"},"content":{"rendered":"<p>Mono PE stand-up pouch,<br \/>\nwhite matt semi-transparent,<br \/>\nLateral opening 45 degrees,<br \/>\nOpening diameter 16mm,<br \/>\nFilling through thread,<br \/>\nFilling quantity 500ml,<br \/>\nMaterial thickness 150my,<br \/>\nScrew cap white with guarantee ring,<\/p>\n<p>Length: 210x140mm + 40mmx2 (bottom fold)<\/p>\n<p>Packaging unit: <\/p>\n<p>Available on request - approx. July 2024.<\/p>\n<p>Discover our robust mono PE stand-up pouch in matt white. The refill bag is ideal for storing shampoo, shower gel, liquid soap, lotions, cleaning products and other liquid products. The closure with vertical grooves and guarantee ring ensures easy and safe handling, ideal for everyday use. The matt surface also offers a very pleasant and high-quality feel.<\/p>\n<p>Whether for personal use, in the catering trade or industry - this refill bag is the perfect solution for storing and refilling products safely, hygienically and efficiently. <\/p>\n<p>Thanks to its low weight and design, the bag is easy to recycle by type.<\/p>","protected":false},"excerpt":{"rendered":"<p>Mono PE-Standbodenbeutel, weiss matt halbtransparent, seitliche \u00d6ffnung 45Grad, \u00d6ffnungsdurchmesser 16mm, Bef\u00fcllung durch Gewinde, F\u00fcllmenge 500ml, Materialst\u00e4rke [&hellip;]<\/p>\n","protected":false},"featured_media":5919,"comment_status":"open","ping_status":"closed","template":"","meta":[],"product_brand":[],"product_cat":[27,26],"product_tag":[],"class_list":{"0":"post-146","1":"product","2":"type-product","3":"status-publish","4":"has-post-thumbnail","6":"product_cat-beutel","7":"product_cat-chemikalien","8":"product_shipping_class-5-8-tage-lieferzeit","9":"pa_farbe-weiss","10":"pa_fuellmenge-58","11":"pa_gewinde-9-5mm","13":"first","14":"instock","15":"taxable","16":"shipping-taxable","17":"purchasable","18":"product-type-variable"},"_links":{"self":[{"href":"https:\/\/supermatic.ch\/en\/wp-json\/wp\/v2\/product\/146","targetHints":{"allow":["GET"]}}],"collection":[{"href":"https:\/\/supermatic.ch\/en\/wp-json\/wp\/v2\/product"}],"about":[{"href":"https:\/\/supermatic.ch\/en\/wp-json\/wp\/v2\/types\/product"}],"replies":[{"embeddable":true,"href":"https:\/\/supermatic.ch\/en\/wp-json\/wp\/v2\/comments?post=146"}],"wp:featuredmedia":[{"embeddable":true,"href":"https:\/\/supermatic.ch\/en\/wp-json\/wp\/v2\/media\/5919"}],"wp:attachment":[{"href":"https:\/\/supermatic.ch\/en\/wp-json\/wp\/v2\/media?parent=146"}],"wp:term":[{"taxonomy":"product_brand","embeddable":true,"href":"https:\/\/supermatic.ch\/en\/wp-json\/wp\/v2\/product_brand?post=146"},{"taxonomy":"product_cat","embeddable":true,"href":"https:\/\/supermatic.ch\/en\/wp-json\/wp\/v2\/product_cat?post=146"},{"taxonomy":"product_tag","embeddable":true,"href":"https:\/\/supermatic.ch\/en\/wp-json\/wp\/v2\/product_tag?post=146"}],"curies":[{"name":"wp","href":"https:\/\/api.w.org\/{rel}","templated":true}]}}