{"id":1871,"date":"2022-10-03T18:52:54","date_gmt":"2022-10-03T16:52:54","guid":{"rendered":"https:\/\/supermatic.ch\/produkt\/30ml-pet-flasche-m0301\/"},"modified":"2023-11-23T18:14:03","modified_gmt":"2023-11-23T16:14:03","slug":"30ml-pet-flasche-m0301","status":"publish","type":"product","link":"https:\/\/supermatic.ch\/en\/produkte\/flaschen\/30ml-pet-flasche-m0301\/","title":{"rendered":"30ml PET bottle M0301"},"content":{"rendered":"<p>Height: 90.5mm<br \/>\nDiameter: 28.2mm<br \/>\nShape: round<br \/>\nColours: transparent and green<\/p>\n<p>Small PET bottle (PET miniature) for filling alcoholic and non-alcoholic beverages, drugstore, pharmaceutical and food products.<\/p>\n<p><strong>Packing:<br \/>\n<\/strong>Quantity in carton: 1200pcs.<br \/>\nKartonabmessungen: 580x400x450mm<br \/>\nPallet quantity: 24000pcs.<br \/>\nPalettenabmessungen: 1200x1000x1960mm<br \/>\nPallet weight: 265kg<\/p>","protected":false},"excerpt":{"rendered":"<p>H\u00f6he: 90.5mm Durchmesser: 28.2mm Form: rund Farben: transparent und gr\u00fcn Kleine PET-Flasche (PET-Miniatur) f\u00fcr das Abf\u00fcllen [&hellip;]<\/p>\n","protected":false},"featured_media":2862,"comment_status":"open","ping_status":"closed","template":"","meta":[],"product_brand":[],"product_cat":[15,24],"product_tag":[],"class_list":{"0":"post-1871","1":"product","2":"type-product","3":"status-publish","4":"has-post-thumbnail","6":"product_cat-flaschen","7":"product_cat-lebensmittel","8":"product_shipping_class-5-8-tage-lieferzeit","9":"pa_farbe-gruen","10":"pa_farbe-transparent","11":"pa_fuellmenge-41","12":"pa_gewinde-pp-18","13":"pa_material-pet","15":"first","16":"instock","17":"taxable","18":"shipping-taxable","19":"purchasable","20":"product-type-simple"},"_links":{"self":[{"href":"https:\/\/supermatic.ch\/en\/wp-json\/wp\/v2\/product\/1871","targetHints":{"allow":["GET"]}}],"collection":[{"href":"https:\/\/supermatic.ch\/en\/wp-json\/wp\/v2\/product"}],"about":[{"href":"https:\/\/supermatic.ch\/en\/wp-json\/wp\/v2\/types\/product"}],"replies":[{"embeddable":true,"href":"https:\/\/supermatic.ch\/en\/wp-json\/wp\/v2\/comments?post=1871"}],"wp:featuredmedia":[{"embeddable":true,"href":"https:\/\/supermatic.ch\/en\/wp-json\/wp\/v2\/media\/2862"}],"wp:attachment":[{"href":"https:\/\/supermatic.ch\/en\/wp-json\/wp\/v2\/media?parent=1871"}],"wp:term":[{"taxonomy":"product_brand","embeddable":true,"href":"https:\/\/supermatic.ch\/en\/wp-json\/wp\/v2\/product_brand?post=1871"},{"taxonomy":"product_cat","embeddable":true,"href":"https:\/\/supermatic.ch\/en\/wp-json\/wp\/v2\/product_cat?post=1871"},{"taxonomy":"product_tag","embeddable":true,"href":"https:\/\/supermatic.ch\/en\/wp-json\/wp\/v2\/product_tag?post=1871"}],"curies":[{"name":"wp","href":"https:\/\/api.w.org\/{rel}","templated":true}]}}