{"id":1887,"date":"2022-10-03T18:52:54","date_gmt":"2022-10-03T16:52:54","guid":{"rendered":"https:\/\/supermatic.ch\/produkt\/50ml-pet-flasche-m0503\/"},"modified":"2023-11-23T18:14:05","modified_gmt":"2023-11-23T16:14:05","slug":"50ml-pet-flasche-m0503","status":"publish","type":"product","link":"https:\/\/supermatic.ch\/en\/produkte\/flaschen\/50ml-pet-flasche-m0503\/","title":{"rendered":"50ml PET bottle M0503"},"content":{"rendered":"<p>Height: 95mm<br \/>\nLength: 29.2mm<br \/>\nWidth: 29.2mm<\/p>\n<p>Shape: square<br \/>\nColours: transparent and green<\/p>\n<p>Small PET bottle (PET miniature) for filling alcoholic and non-alcoholic beverages, drugstore, pharmaceutical and food products.<\/p>\n<p><strong>Packing:<br \/>\n<\/strong>Quantity in carton: 690pcs.<br \/>\nKartonabmessungen: 600x400x400mm<br \/>\nPallet quantity: 12420pcs.<br \/>\nPalettenabmessungen: 1200x800x1950mm<br \/>\nPallet weight: 155kg<\/p>","protected":false},"excerpt":{"rendered":"<p>H\u00f6he: 95mm L\u00e4nge: 29.2mm Breite: 29.2mm Form: quadratisch Farben: transparent und gr\u00fcn Kleine PET-Flasche (PET-Miniatur) f\u00fcr [&hellip;]<\/p>\n","protected":false},"featured_media":2866,"comment_status":"open","ping_status":"closed","template":"","meta":[],"product_brand":[],"product_cat":[15,24],"product_tag":[],"class_list":{"0":"post-1887","1":"product","2":"type-product","3":"status-publish","4":"has-post-thumbnail","6":"product_cat-flaschen","7":"product_cat-lebensmittel","8":"product_shipping_class-5-8-tage-lieferzeit","9":"pa_farbe-gruen","10":"pa_farbe-transparent","11":"pa_fuellmenge-43","12":"pa_gewinde-pp-18","13":"pa_material-pet","15":"first","16":"instock","17":"taxable","18":"shipping-taxable","19":"purchasable","20":"product-type-simple"},"_links":{"self":[{"href":"https:\/\/supermatic.ch\/en\/wp-json\/wp\/v2\/product\/1887","targetHints":{"allow":["GET"]}}],"collection":[{"href":"https:\/\/supermatic.ch\/en\/wp-json\/wp\/v2\/product"}],"about":[{"href":"https:\/\/supermatic.ch\/en\/wp-json\/wp\/v2\/types\/product"}],"replies":[{"embeddable":true,"href":"https:\/\/supermatic.ch\/en\/wp-json\/wp\/v2\/comments?post=1887"}],"wp:featuredmedia":[{"embeddable":true,"href":"https:\/\/supermatic.ch\/en\/wp-json\/wp\/v2\/media\/2866"}],"wp:attachment":[{"href":"https:\/\/supermatic.ch\/en\/wp-json\/wp\/v2\/media?parent=1887"}],"wp:term":[{"taxonomy":"product_brand","embeddable":true,"href":"https:\/\/supermatic.ch\/en\/wp-json\/wp\/v2\/product_brand?post=1887"},{"taxonomy":"product_cat","embeddable":true,"href":"https:\/\/supermatic.ch\/en\/wp-json\/wp\/v2\/product_cat?post=1887"},{"taxonomy":"product_tag","embeddable":true,"href":"https:\/\/supermatic.ch\/en\/wp-json\/wp\/v2\/product_tag?post=1887"}],"curies":[{"name":"wp","href":"https:\/\/api.w.org\/{rel}","templated":true}]}}