{"id":1891,"date":"2022-10-03T18:52:54","date_gmt":"2022-10-03T16:52:54","guid":{"rendered":"https:\/\/supermatic.ch\/produkt\/50ml-pet-flasche-m0507\/"},"modified":"2023-11-23T18:14:06","modified_gmt":"2023-11-23T16:14:06","slug":"50ml-pet-flasche-m0507","status":"publish","type":"product","link":"https:\/\/supermatic.ch\/en\/produkte\/flaschen\/50ml-pet-flasche-m0507\/","title":{"rendered":"50ml PET bottle M0507"},"content":{"rendered":"<p>Height: 82mm<br \/>\nLength: 30mm<br \/>\nWidth: 30mm<br \/>\nShape: square<br \/>\nColours: transparent and green<\/p>\n<p>Small PET bottle (PET miniature) for filling alcoholic and non-alcoholic beverages, drugstore, pharmaceutical and food products.<\/p>\n<p><strong>Packing:<br \/>\n<\/strong>Quantity in carton: 900pcs.<br \/>\nKartonabmessungen: 580x400x450mm<br \/>\nPallet quantity: 18000pcs.<br \/>\nPalettenabmessungen: 1200x1000x1950mm<br \/>\nPallet weight: 205kg<\/p>","protected":false},"excerpt":{"rendered":"<p>H\u00f6he: 82mm L\u00e4nge: 30mm Breite: 30mm Form: quadratisch Farben: transparent und gr\u00fcn Kleine PET-Flasche (PET-Miniatur) f\u00fcr [&hellip;]<\/p>\n","protected":false},"featured_media":2886,"comment_status":"open","ping_status":"closed","template":"","meta":[],"product_brand":[],"product_cat":[15,24],"product_tag":[],"class_list":{"0":"post-1891","1":"product","2":"type-product","3":"status-publish","4":"has-post-thumbnail","6":"product_cat-flaschen","7":"product_cat-lebensmittel","8":"product_shipping_class-5-8-tage-lieferzeit","9":"pa_farbe-gruen","10":"pa_farbe-transparent","11":"pa_fuellmenge-43","12":"pa_gewinde-pp-18","13":"pa_material-pet","15":"first","16":"instock","17":"taxable","18":"shipping-taxable","19":"purchasable","20":"product-type-simple"},"_links":{"self":[{"href":"https:\/\/supermatic.ch\/en\/wp-json\/wp\/v2\/product\/1891","targetHints":{"allow":["GET"]}}],"collection":[{"href":"https:\/\/supermatic.ch\/en\/wp-json\/wp\/v2\/product"}],"about":[{"href":"https:\/\/supermatic.ch\/en\/wp-json\/wp\/v2\/types\/product"}],"replies":[{"embeddable":true,"href":"https:\/\/supermatic.ch\/en\/wp-json\/wp\/v2\/comments?post=1891"}],"wp:featuredmedia":[{"embeddable":true,"href":"https:\/\/supermatic.ch\/en\/wp-json\/wp\/v2\/media\/2886"}],"wp:attachment":[{"href":"https:\/\/supermatic.ch\/en\/wp-json\/wp\/v2\/media?parent=1891"}],"wp:term":[{"taxonomy":"product_brand","embeddable":true,"href":"https:\/\/supermatic.ch\/en\/wp-json\/wp\/v2\/product_brand?post=1891"},{"taxonomy":"product_cat","embeddable":true,"href":"https:\/\/supermatic.ch\/en\/wp-json\/wp\/v2\/product_cat?post=1891"},{"taxonomy":"product_tag","embeddable":true,"href":"https:\/\/supermatic.ch\/en\/wp-json\/wp\/v2\/product_tag?post=1891"}],"curies":[{"name":"wp","href":"https:\/\/api.w.org\/{rel}","templated":true}]}}