{"id":1977,"date":"2022-10-03T18:53:14","date_gmt":"2022-10-03T16:53:14","guid":{"rendered":"https:\/\/supermatic.ch\/produkt\/80ml-aluminiumflasche-mit-schraubgewinde-24-410\/"},"modified":"2023-11-23T18:13:57","modified_gmt":"2023-11-23T16:13:57","slug":"80ml-aluminium-bottle-with-screw-thread-24-410","status":"publish","type":"product","link":"https:\/\/supermatic.ch\/en\/produkte\/flaschen\/80ml-aluminiumflasche-mit-schraubgewinde-24-410\/","title":{"rendered":"80ml aluminium bottle 24\/410"},"content":{"rendered":"<p>seamless, silver matt<br \/>\nFlare open<br \/>\nDiameter 40mm<br \/>\nHeight 99mm<br \/>\nRV volume 100ml<\/p>\n<p>1 bunch \u00e0 89pcs.<br \/>\n1 pallet \u00e0 5'340pcs.<\/p>","protected":false},"excerpt":{"rendered":"<p>nahtlos, silbermatt B\u00f6rdel offen Durchmesser 40mm H\u00f6he 99mm RV-Volumen 100ml 1 Bund \u00e0 89St. 1 Palette [&hellip;]<\/p>\n","protected":false},"featured_media":3344,"comment_status":"open","ping_status":"closed","template":"","meta":[],"product_brand":[],"product_cat":[15,26,25],"product_tag":[],"class_list":{"0":"post-1977","1":"product","2":"type-product","3":"status-publish","4":"has-post-thumbnail","6":"product_cat-flaschen","7":"product_cat-chemikalien","8":"product_cat-kosmetik","9":"product_shipping_class-5-8-tage-lieferzeit","10":"pa_farbe-farblos-lackiert","11":"pa_farbe-silber","12":"pa_form-rund","13":"pa_fuellmenge-236","14":"pa_gewinde-24-410","15":"pa_material-aluminium","17":"first","18":"instock","19":"taxable","20":"shipping-taxable","21":"purchasable","22":"product-type-simple"},"_links":{"self":[{"href":"https:\/\/supermatic.ch\/en\/wp-json\/wp\/v2\/product\/1977","targetHints":{"allow":["GET"]}}],"collection":[{"href":"https:\/\/supermatic.ch\/en\/wp-json\/wp\/v2\/product"}],"about":[{"href":"https:\/\/supermatic.ch\/en\/wp-json\/wp\/v2\/types\/product"}],"replies":[{"embeddable":true,"href":"https:\/\/supermatic.ch\/en\/wp-json\/wp\/v2\/comments?post=1977"}],"wp:featuredmedia":[{"embeddable":true,"href":"https:\/\/supermatic.ch\/en\/wp-json\/wp\/v2\/media\/3344"}],"wp:attachment":[{"href":"https:\/\/supermatic.ch\/en\/wp-json\/wp\/v2\/media?parent=1977"}],"wp:term":[{"taxonomy":"product_brand","embeddable":true,"href":"https:\/\/supermatic.ch\/en\/wp-json\/wp\/v2\/product_brand?post=1977"},{"taxonomy":"product_cat","embeddable":true,"href":"https:\/\/supermatic.ch\/en\/wp-json\/wp\/v2\/product_cat?post=1977"},{"taxonomy":"product_tag","embeddable":true,"href":"https:\/\/supermatic.ch\/en\/wp-json\/wp\/v2\/product_tag?post=1977"}],"curies":[{"name":"wp","href":"https:\/\/api.w.org\/{rel}","templated":true}]}}