{"id":2016,"date":"2022-10-03T18:53:27","date_gmt":"2022-10-03T16:53:27","guid":{"rendered":"https:\/\/supermatic.ch\/produkt\/25ml-runddose-pet-konisch\/"},"modified":"2023-11-23T18:13:51","modified_gmt":"2023-11-23T16:13:51","slug":"25ml-round-can-pet-conical","status":"publish","type":"product","link":"https:\/\/supermatic.ch\/en\/produkte\/dosen\/25ml-runddose-pet-konisch\/","title":{"rendered":"25ml round can PET conical"},"content":{"rendered":"<p>Type 9<br \/>\nColours: transparent, white<br \/>\nDiameter: 46.90mm<br \/>\nHeight: 36.00mm<\/p>\n<p>1 carton \u00e0 500pcs.<br \/>\n1 pallet \u00e0 10'000pcs.<\/p>\n<p>Closure options:<br \/>\nColours: white<br \/>\nSurface: glossy, matt<br \/>\nSeal: EPE seal<\/p>","protected":false},"excerpt":{"rendered":"<p>Typ 9 Farben: transparent, weiss Durchmesser: 46.90mm H\u00f6he: 36.00mm 1 Karton \u00e0 500St. 1 Palette \u00e0 [&hellip;]<\/p>\n","protected":false},"featured_media":2835,"comment_status":"open","ping_status":"closed","template":"","meta":[],"product_brand":[],"product_cat":[19,25],"product_tag":[],"class_list":{"0":"post-2016","1":"product","2":"type-product","3":"status-publish","4":"has-post-thumbnail","6":"product_cat-dosen","7":"product_cat-kosmetik","8":"product_shipping_class-5-8-tage-lieferzeit","9":"pa_farbe-transparent","10":"pa_farbe-weiss","11":"pa_fuellmenge-40","12":"pa_material-pet","14":"first","15":"instock","16":"taxable","17":"shipping-taxable","18":"purchasable","19":"product-type-simple"},"_links":{"self":[{"href":"https:\/\/supermatic.ch\/en\/wp-json\/wp\/v2\/product\/2016","targetHints":{"allow":["GET"]}}],"collection":[{"href":"https:\/\/supermatic.ch\/en\/wp-json\/wp\/v2\/product"}],"about":[{"href":"https:\/\/supermatic.ch\/en\/wp-json\/wp\/v2\/types\/product"}],"replies":[{"embeddable":true,"href":"https:\/\/supermatic.ch\/en\/wp-json\/wp\/v2\/comments?post=2016"}],"wp:featuredmedia":[{"embeddable":true,"href":"https:\/\/supermatic.ch\/en\/wp-json\/wp\/v2\/media\/2835"}],"wp:attachment":[{"href":"https:\/\/supermatic.ch\/en\/wp-json\/wp\/v2\/media?parent=2016"}],"wp:term":[{"taxonomy":"product_brand","embeddable":true,"href":"https:\/\/supermatic.ch\/en\/wp-json\/wp\/v2\/product_brand?post=2016"},{"taxonomy":"product_cat","embeddable":true,"href":"https:\/\/supermatic.ch\/en\/wp-json\/wp\/v2\/product_cat?post=2016"},{"taxonomy":"product_tag","embeddable":true,"href":"https:\/\/supermatic.ch\/en\/wp-json\/wp\/v2\/product_tag?post=2016"}],"curies":[{"name":"wp","href":"https:\/\/api.w.org\/{rel}","templated":true}]}}