{"id":2172,"date":"2022-10-03T18:54:06","date_gmt":"2022-10-03T16:54:06","guid":{"rendered":"https:\/\/supermatic.ch\/produkt\/stand-up-pouch-10lt\/"},"modified":"2023-11-23T18:12:44","modified_gmt":"2023-11-23T16:12:44","slug":"stand-up-pouch-10lt","status":"publish","type":"product","link":"https:\/\/supermatic.ch\/en\/produkte\/beutel\/stand-up-pouch-10lt\/","title":{"rendered":"Stand up Pouch 10lt"},"content":{"rendered":"<p>PE transparent,<br \/>\nStandard barrier,<br \/>\nwith retaining holes,<br \/>\nairtight bag for freshness and product safety,<br \/>\nespecially suitable for cosmetic and chem. techn. products,<br \/>\nspace-saving storage,<br \/>\nFilling through spout,<br \/>\nScrew cap colour natural with guarantee opening,<br \/>\ncan be completely emptied and flattened after use,<\/p>\n<p>Width (mm): 475mm,<br \/>\nHeight (mm): 355mm,<\/p>\n<p>Print on demand<\/p>\n<p>1 box with 150pcs.<\/p>\n<p>1 pallet with 1800pcs.<\/p>","protected":false},"excerpt":{"rendered":"<p>PE transparent, Standardbarriere, mit Halte\u00f6ffnungen, luftdichter Beutel f\u00fcr Frische und Produktsicherheit, speziell geeignet f\u00fcr Kosmetik- und [&hellip;]<\/p>\n","protected":false},"featured_media":2685,"comment_status":"open","ping_status":"closed","template":"","meta":[],"product_brand":[],"product_cat":[27,26,25],"product_tag":[],"class_list":{"0":"post-2172","1":"product","2":"type-product","3":"status-publish","4":"has-post-thumbnail","6":"product_cat-beutel","7":"product_cat-chemikalien","8":"product_cat-kosmetik","9":"product_shipping_class-5-8-tage-lieferzeit","10":"pa_farbe-transparent","11":"pa_fuellmenge-122","12":"pa_material-hd-pe","14":"first","15":"instock","16":"taxable","17":"shipping-taxable","18":"purchasable","19":"product-type-variable"},"_links":{"self":[{"href":"https:\/\/supermatic.ch\/en\/wp-json\/wp\/v2\/product\/2172","targetHints":{"allow":["GET"]}}],"collection":[{"href":"https:\/\/supermatic.ch\/en\/wp-json\/wp\/v2\/product"}],"about":[{"href":"https:\/\/supermatic.ch\/en\/wp-json\/wp\/v2\/types\/product"}],"replies":[{"embeddable":true,"href":"https:\/\/supermatic.ch\/en\/wp-json\/wp\/v2\/comments?post=2172"}],"wp:featuredmedia":[{"embeddable":true,"href":"https:\/\/supermatic.ch\/en\/wp-json\/wp\/v2\/media\/2685"}],"wp:attachment":[{"href":"https:\/\/supermatic.ch\/en\/wp-json\/wp\/v2\/media?parent=2172"}],"wp:term":[{"taxonomy":"product_brand","embeddable":true,"href":"https:\/\/supermatic.ch\/en\/wp-json\/wp\/v2\/product_brand?post=2172"},{"taxonomy":"product_cat","embeddable":true,"href":"https:\/\/supermatic.ch\/en\/wp-json\/wp\/v2\/product_cat?post=2172"},{"taxonomy":"product_tag","embeddable":true,"href":"https:\/\/supermatic.ch\/en\/wp-json\/wp\/v2\/product_tag?post=2172"}],"curies":[{"name":"wp","href":"https:\/\/api.w.org\/{rel}","templated":true}]}}