{"id":2233,"date":"2022-10-03T18:54:24","date_gmt":"2022-10-03T16:54:24","guid":{"rendered":"https:\/\/supermatic.ch\/produkt\/50ml-klarglastiegel-klarglas\/"},"modified":"2025-03-04T16:52:17","modified_gmt":"2025-03-04T14:52:17","slug":"50ml-clear-glass-jar-clear-glass","status":"publish","type":"product","link":"https:\/\/supermatic.ch\/en\/produkte\/nachhaltig\/50ml-klarglastiegel-klarglas\/","title":{"rendered":"50ml clear glass jar clear glass"},"content":{"rendered":"<p>Diameter: 56mm<br \/>\nHeight incl. lid: 47.5mm<\/p>\n<p>Lid surface: smooth<br \/>\nFlat gasket: yes<\/p>\n<p>Original packaging:<br \/>\nJar: 1 carton \u00e0 120pcs. \/ 1 pallet \u00e0 5040pcs.<br \/>\nClosure: 1 carton \u00e0 700pcs. <\/p>\n<p>Art. No. Jar: 9200G03<br \/>\nArt. No. Lid: 9200G04 <\/p>","protected":false},"excerpt":{"rendered":"<p>Durchmesser: 56mm H\u00f6he inkl. Deckel: 47.5mm Deckeloberfl\u00e4che: glatt Flachdichtung: ja Originalverpackung: Tiegel: 1 Karton \u00e0 120St. [&hellip;]<\/p>\n","protected":false},"featured_media":3867,"comment_status":"open","ping_status":"closed","template":"","meta":[],"product_brand":[],"product_cat":[55,19,25],"product_tag":[],"class_list":{"0":"post-2233","1":"product","2":"type-product","3":"status-publish","4":"has-post-thumbnail","6":"product_cat-nachhaltig","7":"product_cat-dosen","8":"product_cat-kosmetik","9":"product_shipping_class-5-8-tage-lieferzeit","10":"pa_farbe-transparent","11":"pa_farbe-weiss","12":"pa_form-rund","13":"pa_fuellmenge-43","14":"pa_gewinde-gcmi-53-400","15":"pa_material-glas","17":"first","18":"instock","19":"taxable","20":"shipping-taxable","21":"product-type-simple"},"_links":{"self":[{"href":"https:\/\/supermatic.ch\/en\/wp-json\/wp\/v2\/product\/2233","targetHints":{"allow":["GET"]}}],"collection":[{"href":"https:\/\/supermatic.ch\/en\/wp-json\/wp\/v2\/product"}],"about":[{"href":"https:\/\/supermatic.ch\/en\/wp-json\/wp\/v2\/types\/product"}],"replies":[{"embeddable":true,"href":"https:\/\/supermatic.ch\/en\/wp-json\/wp\/v2\/comments?post=2233"}],"wp:featuredmedia":[{"embeddable":true,"href":"https:\/\/supermatic.ch\/en\/wp-json\/wp\/v2\/media\/3867"}],"wp:attachment":[{"href":"https:\/\/supermatic.ch\/en\/wp-json\/wp\/v2\/media?parent=2233"}],"wp:term":[{"taxonomy":"product_brand","embeddable":true,"href":"https:\/\/supermatic.ch\/en\/wp-json\/wp\/v2\/product_brand?post=2233"},{"taxonomy":"product_cat","embeddable":true,"href":"https:\/\/supermatic.ch\/en\/wp-json\/wp\/v2\/product_cat?post=2233"},{"taxonomy":"product_tag","embeddable":true,"href":"https:\/\/supermatic.ch\/en\/wp-json\/wp\/v2\/product_tag?post=2233"}],"curies":[{"name":"wp","href":"https:\/\/api.w.org\/{rel}","templated":true}]}}