{"id":3260,"date":"2022-10-24T18:25:58","date_gmt":"2022-10-24T16:25:58","guid":{"rendered":"https:\/\/supermatic.ch\/?post_type=product&#038;p=3260"},"modified":"2025-03-03T10:56:42","modified_gmt":"2025-03-03T08:56:42","slug":"sprueher-opus-spruehnebel-strahl-28-400-2","status":"publish","type":"product","link":"https:\/\/supermatic.ch\/en\/produkte\/verschluesse\/sprueher\/sprueher-opus-nebel-strahl-weiss\/","title":{"rendered":"Sprayer OpUs Spray Mist\/Jet White"},"content":{"rendered":"<p>This sprayer combines functionality and design. Thanks to its pre-compression technology, the OpUs sprayer ensures a constant, precise dosage - whether in a fine mist or a targeted jet. Whether for cosmetics, cleaning agents or other liquids, with the OpUs sprayer you always have the right tool at hand. And thanks to the possibility of individually adjusting the riser tube, you can adapt the sprayer perfectly to your needs.<\/p>\n<p><strong>Product details:<\/strong><\/p>\n<ul>\n<li><strong>Model<\/strong>: OpUs.<\/li>\n<li><strong>Function<\/strong>: Provides both spray mist and spray jet.<\/li>\n<li><strong>Colour combination<\/strong>White and Nature.<\/li>\n<li><strong>Output<\/strong>: 1.3ml per stroke.<\/li>\n<li><strong>Technology<\/strong>: With pre-compression for even and precise dosing.<\/li>\n<li><strong>Lever<\/strong>Standard version.<\/li>\n<\/ul>\n<p><strong>Riser specifications:<\/strong><\/p>\n<ul>\n<li><strong>Length<\/strong>: 267mm.<\/li>\n<li><strong>Form<\/strong>: Curved.<\/li>\n<li>Note: Risers can be cut to desired length.<\/li>\n<\/ul>","protected":false},"excerpt":{"rendered":"<p>Dieser Spr\u00fcher vereint Funktionalit\u00e4t und Design. Der OpUs Spr\u00fcher gew\u00e4hrleistet durch seine Pre-Compression Technologie eine konstante, [&hellip;]<\/p>\n","protected":false},"featured_media":3264,"comment_status":"open","ping_status":"closed","template":"","meta":[],"product_brand":[],"product_cat":[26,25,302],"product_tag":[],"class_list":{"0":"post-3260","1":"product","2":"type-product","3":"status-publish","4":"has-post-thumbnail","6":"product_cat-chemikalien","7":"product_cat-kosmetik","8":"product_cat-sprueher","9":"product_shipping_class-1-3-tage-lieferzeit","10":"pa_farbe-weiss","11":"pa_gewinde-28-400","12":"pa_material-pp","14":"first","15":"instock","16":"taxable","17":"shipping-taxable","18":"purchasable","19":"product-type-variable"},"_links":{"self":[{"href":"https:\/\/supermatic.ch\/en\/wp-json\/wp\/v2\/product\/3260","targetHints":{"allow":["GET"]}}],"collection":[{"href":"https:\/\/supermatic.ch\/en\/wp-json\/wp\/v2\/product"}],"about":[{"href":"https:\/\/supermatic.ch\/en\/wp-json\/wp\/v2\/types\/product"}],"replies":[{"embeddable":true,"href":"https:\/\/supermatic.ch\/en\/wp-json\/wp\/v2\/comments?post=3260"}],"wp:featuredmedia":[{"embeddable":true,"href":"https:\/\/supermatic.ch\/en\/wp-json\/wp\/v2\/media\/3264"}],"wp:attachment":[{"href":"https:\/\/supermatic.ch\/en\/wp-json\/wp\/v2\/media?parent=3260"}],"wp:term":[{"taxonomy":"product_brand","embeddable":true,"href":"https:\/\/supermatic.ch\/en\/wp-json\/wp\/v2\/product_brand?post=3260"},{"taxonomy":"product_cat","embeddable":true,"href":"https:\/\/supermatic.ch\/en\/wp-json\/wp\/v2\/product_cat?post=3260"},{"taxonomy":"product_tag","embeddable":true,"href":"https:\/\/supermatic.ch\/en\/wp-json\/wp\/v2\/product_tag?post=3260"}],"curies":[{"name":"wp","href":"https:\/\/api.w.org\/{rel}","templated":true}]}}