{"id":3285,"date":"2022-10-25T11:29:27","date_gmt":"2022-10-25T09:29:27","guid":{"rendered":"https:\/\/supermatic.ch\/?post_type=product&#038;p=3285"},"modified":"2024-10-03T12:05:37","modified_gmt":"2024-10-03T10:05:37","slug":"200ml-bottle-standard-red-brown-with-wood-handle-cork","status":"publish","type":"product","link":"https:\/\/supermatic.ch\/en\/produkte\/nachhaltig\/200ml-flasche-standard-rot-braun-mit-holzgriffkorken\/","title":{"rendered":"200ml Stoneware Bottle Red-Brown with Wooden Handle Cork"},"content":{"rendered":"<h5><strong>Stoneware bottle 200ml in red-brown<\/strong><\/h5>\n<p>The compact 200ml stoneware bottle in red-brown is predestined for liqueurs, spirits, juices and syrups. With the resistant nature of stoneware, it clearly stands out from conventional clay bottles by bringing more robust and long-lasting properties.<\/p>\n<p><strong>Mass:<\/strong><\/p>\n<ul>\n<li>Height: 175mm<\/li>\n<li>Diameter: 53mm<\/li>\n<li>Filling quantity: 200ml<\/li>\n<\/ul>\n<p><strong>Features:<\/strong><\/p>\n<ul>\n<li><strong>100% Light protection<\/strong>: Ensured by dense firing at over 1230 degrees.<\/li>\n<li><strong>Closure<\/strong>: Equipped with an unvarnished wooden handle cork. Alternatively, swing stopper or screw cap (31.5 PP standard) available on request.<\/li>\n<li><strong>Versatile use<\/strong>: The inner glaze makes the bottle food safe, acid and alkali resistant and microwaveable.<\/li>\n<li><strong>Special robustness<\/strong>Stoneware is much more resistant than pure clay bottles.<\/li>\n<li><strong>Individualisation options<\/strong>: Different colour variations and printing options are available on request.<\/li>\n<\/ul>\n<p>Packaging details: Our bottles are delivered safely and in their original packaging on 100 x 120 cm pallets wrapped in shrink film. One pallet contains 2628 bottles.<\/p>\n<p>Discover the advantages of our 200ml stoneware bottle in red-brown and bet on quality and uniqueness!<\/p>","protected":false},"excerpt":{"rendered":"<p>Steinzeug-Flasche 200ml in Rot-Braun Die kompakte 200ml Steinzeug-Flasche in Rot-Braun ist pr\u00e4destiniert f\u00fcr Lik\u00f6re, Spirituosen, S\u00e4fte [&hellip;]<\/p>\n","protected":false},"featured_media":3292,"comment_status":"open","ping_status":"closed","template":"","meta":[],"product_brand":[],"product_cat":[55,15,24],"product_tag":[],"class_list":{"0":"post-3285","1":"product","2":"type-product","3":"status-publish","4":"has-post-thumbnail","6":"product_cat-nachhaltig","7":"product_cat-flaschen","8":"product_cat-lebensmittel","9":"product_shipping_class-5-8-tage-lieferzeit","10":"pa_farbe-braun","11":"pa_farbe-rot","12":"pa_form-rund","13":"pa_fuellmenge-47","14":"pa_material-steinzeug","16":"first","17":"instock","18":"taxable","19":"shipping-taxable","20":"product-type-simple"},"_links":{"self":[{"href":"https:\/\/supermatic.ch\/en\/wp-json\/wp\/v2\/product\/3285","targetHints":{"allow":["GET"]}}],"collection":[{"href":"https:\/\/supermatic.ch\/en\/wp-json\/wp\/v2\/product"}],"about":[{"href":"https:\/\/supermatic.ch\/en\/wp-json\/wp\/v2\/types\/product"}],"replies":[{"embeddable":true,"href":"https:\/\/supermatic.ch\/en\/wp-json\/wp\/v2\/comments?post=3285"}],"wp:featuredmedia":[{"embeddable":true,"href":"https:\/\/supermatic.ch\/en\/wp-json\/wp\/v2\/media\/3292"}],"wp:attachment":[{"href":"https:\/\/supermatic.ch\/en\/wp-json\/wp\/v2\/media?parent=3285"}],"wp:term":[{"taxonomy":"product_brand","embeddable":true,"href":"https:\/\/supermatic.ch\/en\/wp-json\/wp\/v2\/product_brand?post=3285"},{"taxonomy":"product_cat","embeddable":true,"href":"https:\/\/supermatic.ch\/en\/wp-json\/wp\/v2\/product_cat?post=3285"},{"taxonomy":"product_tag","embeddable":true,"href":"https:\/\/supermatic.ch\/en\/wp-json\/wp\/v2\/product_tag?post=3285"}],"curies":[{"name":"wp","href":"https:\/\/api.w.org\/{rel}","templated":true}]}}