{"id":3808,"date":"2022-11-01T13:22:18","date_gmt":"2022-11-01T11:22:18","guid":{"rendered":"https:\/\/supermatic.ch\/?post_type=product&#038;p=3808"},"modified":"2026-02-18T10:37:16","modified_gmt":"2026-02-18T08:37:16","slug":"flap-closure-white-28-400-with-1mm-opening","status":"publish","type":"product","link":"https:\/\/supermatic.ch\/en\/produkte\/verschluesse\/klappverschluss-weiss-mit-oeffnung\/","title":{"rendered":"Flap fastener white, 28\/400, 1.4mm"},"content":{"rendered":"<h4>Hinged latch with slanted opening<\/h4>\n<p>This flap closure is perfect for a variety of products. The neutral colour and the 28\/400 thread, with 1.4mm opening make it a good choice for many applications. The angled exit makes it easy to handle.<\/p>\n<p><strong>Technical details:<\/strong><\/p>\n<ul>\n<li><strong>Mass<\/strong>: 32x55mm<\/li>\n<li><strong>Hole diameter<\/strong>: 1.4mm<\/li>\n<li><strong>Special features<\/strong>: Exit oblique<\/li>\n<\/ul>\n<p>Whether for cosmetics, food or cleaning products - this closure is the perfect choice for various applications.<\/p>","protected":false},"excerpt":{"rendered":"<p>Klappscharnierverschluss mit schr\u00e4ger \u00d6ffnung Dieser Klappverschluss ist perfekt f\u00fcr eine Vielzahl von Produkten. Die neutrale Farbe [&hellip;]<\/p>\n","protected":false},"featured_media":3765,"comment_status":"open","ping_status":"closed","template":"","meta":[],"product_brand":[],"product_cat":[23,26,25],"product_tag":[],"class_list":{"0":"post-3808","1":"product","2":"type-product","3":"status-publish","4":"has-post-thumbnail","6":"product_cat-verschluesse","7":"product_cat-chemikalien","8":"product_cat-kosmetik","9":"product_shipping_class-3-5-tage-lieferzeit","10":"pa_farbe-weiss","11":"pa_gewinde-28-400","12":"pa_material-pp","14":"first","15":"instock","16":"taxable","17":"shipping-taxable","18":"purchasable","19":"product-type-variable"},"_links":{"self":[{"href":"https:\/\/supermatic.ch\/en\/wp-json\/wp\/v2\/product\/3808","targetHints":{"allow":["GET"]}}],"collection":[{"href":"https:\/\/supermatic.ch\/en\/wp-json\/wp\/v2\/product"}],"about":[{"href":"https:\/\/supermatic.ch\/en\/wp-json\/wp\/v2\/types\/product"}],"replies":[{"embeddable":true,"href":"https:\/\/supermatic.ch\/en\/wp-json\/wp\/v2\/comments?post=3808"}],"wp:featuredmedia":[{"embeddable":true,"href":"https:\/\/supermatic.ch\/en\/wp-json\/wp\/v2\/media\/3765"}],"wp:attachment":[{"href":"https:\/\/supermatic.ch\/en\/wp-json\/wp\/v2\/media?parent=3808"}],"wp:term":[{"taxonomy":"product_brand","embeddable":true,"href":"https:\/\/supermatic.ch\/en\/wp-json\/wp\/v2\/product_brand?post=3808"},{"taxonomy":"product_cat","embeddable":true,"href":"https:\/\/supermatic.ch\/en\/wp-json\/wp\/v2\/product_cat?post=3808"},{"taxonomy":"product_tag","embeddable":true,"href":"https:\/\/supermatic.ch\/en\/wp-json\/wp\/v2\/product_tag?post=3808"}],"curies":[{"name":"wp","href":"https:\/\/api.w.org\/{rel}","templated":true}]}}