{"id":4382,"date":"2023-04-04T13:14:07","date_gmt":"2023-04-04T11:14:07","guid":{"rendered":"https:\/\/supermatic.ch\/?post_type=product&#038;p=4382"},"modified":"2024-10-03T12:00:39","modified_gmt":"2024-10-03T10:00:39","slug":"fine-atomiser-black-thread-24-410-412","status":"publish","type":"product","link":"https:\/\/supermatic.ch\/en\/produkte\/verschluesse\/feinzerstaeuber\/feinzerstaeuber-silber\/","title":{"rendered":"Fine atomiser silver glossy, 24\/410"},"content":{"rendered":"<p>Atomiser silver, shiny,<br \/>\nNozzle natural,<br \/>\nwith transparent cover cap,<br \/>\nThreaded attachment 24\/410,<br \/>\nOutput 0.12ml\/stroke,<br \/>\nCollar and dosing head shiny silver metal<br \/>\nRiser tube length 156mm (is cut to length to fit the bottle)<\/p>","protected":false},"excerpt":{"rendered":"<p>Zerst\u00e4uber silber, gl\u00e4nzend, D\u00fcse natur, mit Abdeckkappe transparent, Gewindeaufsatz 24\/410, Ausbringung 0.12ml\/Hub, Kragen und Dosierkopf silber [&hellip;]<\/p>\n","protected":false},"featured_media":5243,"comment_status":"open","ping_status":"closed","template":"","meta":[],"product_brand":[],"product_cat":[26,300,25,23],"product_tag":[400,402,378,401,377,399],"class_list":{"0":"post-4382","1":"product","2":"type-product","3":"status-publish","4":"has-post-thumbnail","6":"product_cat-chemikalien","7":"product_cat-feinzerstaeuber","8":"product_cat-kosmetik","9":"product_cat-verschluesse","10":"product_tag-feinzerstaeuber","11":"product_tag-glaenzend","12":"product_tag-kosmetik","13":"product_tag-silber","14":"product_tag-sprueher","15":"product_tag-zerstaeuber","16":"product_shipping_class-5-8-tage-lieferzeit","17":"pa_farbe-metall","18":"pa_farbe-silber","19":"pa_gewinde-24-410","20":"pa_material-metall","22":"first","23":"instock","24":"taxable","25":"shipping-taxable","26":"product-type-simple"},"_links":{"self":[{"href":"https:\/\/supermatic.ch\/en\/wp-json\/wp\/v2\/product\/4382","targetHints":{"allow":["GET"]}}],"collection":[{"href":"https:\/\/supermatic.ch\/en\/wp-json\/wp\/v2\/product"}],"about":[{"href":"https:\/\/supermatic.ch\/en\/wp-json\/wp\/v2\/types\/product"}],"replies":[{"embeddable":true,"href":"https:\/\/supermatic.ch\/en\/wp-json\/wp\/v2\/comments?post=4382"}],"wp:featuredmedia":[{"embeddable":true,"href":"https:\/\/supermatic.ch\/en\/wp-json\/wp\/v2\/media\/5243"}],"wp:attachment":[{"href":"https:\/\/supermatic.ch\/en\/wp-json\/wp\/v2\/media?parent=4382"}],"wp:term":[{"taxonomy":"product_brand","embeddable":true,"href":"https:\/\/supermatic.ch\/en\/wp-json\/wp\/v2\/product_brand?post=4382"},{"taxonomy":"product_cat","embeddable":true,"href":"https:\/\/supermatic.ch\/en\/wp-json\/wp\/v2\/product_cat?post=4382"},{"taxonomy":"product_tag","embeddable":true,"href":"https:\/\/supermatic.ch\/en\/wp-json\/wp\/v2\/product_tag?post=4382"}],"curies":[{"name":"wp","href":"https:\/\/api.w.org\/{rel}","templated":true}]}}