{"id":4383,"date":"2023-04-04T13:20:24","date_gmt":"2023-04-04T11:20:24","guid":{"rendered":"https:\/\/supermatic.ch\/?post_type=product&#038;p=4383"},"modified":"2024-10-03T12:00:39","modified_gmt":"2024-10-03T10:00:39","slug":"fine-atomiser-black-thread-24-410-413","status":"publish","type":"product","link":"https:\/\/supermatic.ch\/en\/produkte\/verschluesse\/feinzerstaeuber\/feinzerstaeuber-gold\/","title":{"rendered":"Fine atomiser gold glossy, 24\/410"},"content":{"rendered":"<p>Fine atomiser gold, shiny,<br \/>\nNozzle natural,<br \/>\nwith transparent cover cap,<br \/>\nThreaded attachment 24\/410,<br \/>\nOutput 0.12ml\/stroke,<br \/>\nCollar and dosing head shiny gold metal,<br \/>\nRiser tube length 210mm (is cut to length to fit the bottle)<\/p>","protected":false},"excerpt":{"rendered":"<p>Feinzerst\u00e4uber gold, gl\u00e4nzend, D\u00fcse natur, mit Abdeckkappe transparent, Gewindeaufsatz 24\/410, Ausbringung 0.12ml\/Hub, Kragen und Dosierkopf gold [&hellip;]<\/p>\n","protected":false},"featured_media":5242,"comment_status":"open","ping_status":"closed","template":"","meta":[],"product_brand":[],"product_cat":[26,300,25,23],"product_tag":[400,402,403,404,378,377,399],"class_list":{"0":"post-4383","1":"product","2":"type-product","3":"status-publish","4":"has-post-thumbnail","6":"product_cat-chemikalien","7":"product_cat-feinzerstaeuber","8":"product_cat-kosmetik","9":"product_cat-verschluesse","10":"product_tag-feinzerstaeuber","11":"product_tag-glaenzend","12":"product_tag-gold","13":"product_tag-goldig","14":"product_tag-kosmetik","15":"product_tag-sprueher","16":"product_tag-zerstaeuber","17":"product_shipping_class-5-8-tage-lieferzeit","18":"pa_farbe-gold","19":"pa_form-rund","20":"pa_gewinde-24-410","21":"pa_material-metall","23":"first","24":"instock","25":"taxable","26":"shipping-taxable","27":"product-type-simple"},"_links":{"self":[{"href":"https:\/\/supermatic.ch\/en\/wp-json\/wp\/v2\/product\/4383","targetHints":{"allow":["GET"]}}],"collection":[{"href":"https:\/\/supermatic.ch\/en\/wp-json\/wp\/v2\/product"}],"about":[{"href":"https:\/\/supermatic.ch\/en\/wp-json\/wp\/v2\/types\/product"}],"replies":[{"embeddable":true,"href":"https:\/\/supermatic.ch\/en\/wp-json\/wp\/v2\/comments?post=4383"}],"wp:featuredmedia":[{"embeddable":true,"href":"https:\/\/supermatic.ch\/en\/wp-json\/wp\/v2\/media\/5242"}],"wp:attachment":[{"href":"https:\/\/supermatic.ch\/en\/wp-json\/wp\/v2\/media?parent=4383"}],"wp:term":[{"taxonomy":"product_brand","embeddable":true,"href":"https:\/\/supermatic.ch\/en\/wp-json\/wp\/v2\/product_brand?post=4383"},{"taxonomy":"product_cat","embeddable":true,"href":"https:\/\/supermatic.ch\/en\/wp-json\/wp\/v2\/product_cat?post=4383"},{"taxonomy":"product_tag","embeddable":true,"href":"https:\/\/supermatic.ch\/en\/wp-json\/wp\/v2\/product_tag?post=4383"}],"curies":[{"name":"wp","href":"https:\/\/api.w.org\/{rel}","templated":true}]}}