{"id":536,"date":"2022-10-03T18:36:03","date_gmt":"2022-10-03T16:36:03","guid":{"rendered":"https:\/\/supermatic.ch\/produkt\/500ml-spruehflasche-weiss\/"},"modified":"2024-10-03T12:10:40","modified_gmt":"2024-10-03T10:10:40","slug":"500ml-bottle-white","status":"publish","type":"product","link":"https:\/\/supermatic.ch\/en\/produkte\/flaschen\/500ml-spruehflasche-weiss\/","title":{"rendered":"500ml Spray Bottle White"},"content":{"rendered":"<h5><strong>500ml spray bottle in white<\/strong><\/h5>\n<p>For precise and even spraying, we present our 500ml spray bottle in elegant white. Whether for household cleaners, pesticides or cosmetic products - with this bottle you make the right choice.<\/p>\n<p><strong>Features:<\/strong><\/p>\n<ul>\n<li><strong>Material<\/strong>: Made of high quality HD-PE, known for its durability and resistance.<\/li>\n<li><strong>Closure<\/strong>: Equipped with a 28\/410 Lock Cap thread that prevents accidental opening.<\/li>\n<li><strong>Design<\/strong>: Slim and ergonomic design for easy handling.<\/li>\n<\/ul>\n<p><strong>Mass:<\/strong><\/p>\n<ul>\n<li>Height: 240mm<\/li>\n<li>Width: 108mm<\/li>\n<li>Depth: 48mm<\/li>\n<\/ul>\n<p>This product combines functionality with a timeless design to meet your packaging needs.<\/p>","protected":false},"excerpt":{"rendered":"<p>500ml Spr\u00fchflasche in Weiss F\u00fcr pr\u00e4zises und gleichm\u00e4ssiges Aufspr\u00fchen stellen wir Ihnen unsere 500ml Spr\u00fchflasche in [&hellip;]<\/p>\n","protected":false},"featured_media":3747,"comment_status":"open","ping_status":"closed","template":"","meta":[],"product_brand":[],"product_cat":[15,26],"product_tag":[],"class_list":{"0":"post-536","1":"product","2":"type-product","3":"status-publish","4":"has-post-thumbnail","6":"product_cat-flaschen","7":"product_cat-chemikalien","8":"product_shipping_class-3-5-tage-lieferzeit","9":"pa_farbe-weiss","10":"pa_form-eckig","11":"pa_fuellmenge-58","12":"pa_gewinde-28-410","13":"pa_material-hd-pe","15":"first","16":"instock","17":"taxable","18":"shipping-taxable","19":"purchasable","20":"product-type-variable"},"_links":{"self":[{"href":"https:\/\/supermatic.ch\/en\/wp-json\/wp\/v2\/product\/536","targetHints":{"allow":["GET"]}}],"collection":[{"href":"https:\/\/supermatic.ch\/en\/wp-json\/wp\/v2\/product"}],"about":[{"href":"https:\/\/supermatic.ch\/en\/wp-json\/wp\/v2\/types\/product"}],"replies":[{"embeddable":true,"href":"https:\/\/supermatic.ch\/en\/wp-json\/wp\/v2\/comments?post=536"}],"wp:featuredmedia":[{"embeddable":true,"href":"https:\/\/supermatic.ch\/en\/wp-json\/wp\/v2\/media\/3747"}],"wp:attachment":[{"href":"https:\/\/supermatic.ch\/en\/wp-json\/wp\/v2\/media?parent=536"}],"wp:term":[{"taxonomy":"product_brand","embeddable":true,"href":"https:\/\/supermatic.ch\/en\/wp-json\/wp\/v2\/product_brand?post=536"},{"taxonomy":"product_cat","embeddable":true,"href":"https:\/\/supermatic.ch\/en\/wp-json\/wp\/v2\/product_cat?post=536"},{"taxonomy":"product_tag","embeddable":true,"href":"https:\/\/supermatic.ch\/en\/wp-json\/wp\/v2\/product_tag?post=536"}],"curies":[{"name":"wp","href":"https:\/\/api.w.org\/{rel}","templated":true}]}}