{"id":581,"date":"2022-10-03T18:36:16","date_gmt":"2022-10-03T16:36:16","guid":{"rendered":"https:\/\/supermatic.ch\/produkt\/250ml-rundflasche-natur\/"},"modified":"2026-03-09T09:47:33","modified_gmt":"2026-03-09T07:47:33","slug":"250ml-round-bottle-nature-4","status":"publish","type":"product","link":"https:\/\/supermatic.ch\/en\/produkte\/flaschen\/250ml-rundflasche-natur\/","title":{"rendered":"250ml atomiser bottle natural, 20\/410"},"content":{"rendered":"<h4><strong>250ml atomiser bottle, Uncoloured<\/strong><\/h4>\n<p>The semi-transparent design allows for easy visual inspection of the contents. Combined with an atomiser closure, the bottle ensures even distribution. It is ideal for a variety of applications and provides a reliable packaging solution for a wide range of needs.<\/p>\n<p><strong>Product details:<\/strong><\/p>\n<ul>\n<li><strong>Material<\/strong>HDPE in semi-transparent version.<\/li>\n<li><strong>Capacity<\/strong>: 250ml.<\/li>\n<li><strong>Form<\/strong>: Round<\/li>\n<li><strong>Mass<\/strong>:\n<ul>\n<li>Diameter: 50mm<\/li>\n<li>Height: 176mm<\/li>\n<\/ul>\n<\/li>\n<li><strong>Thread size<\/strong>: 20\/410.<\/li>\n<\/ul>\n<p><strong>Areas of application<\/strong>:<\/p>\n<ul>\n<li><strong>Cosmetics<\/strong>: For creams, lotions and soaps.<\/li>\n<li><strong>Chemicals &amp; Cleaning<\/strong>: For glass cleaners, disinfectants and other cleaning solutions.<\/li>\n<li><strong>Plant care<\/strong>: Fertiliser, pesticide.<\/li>\n<li><strong>Hair care<\/strong>: For hair products and applications, such as shampoo and conditioner.<\/li>\n<\/ul>\n<p>&nbsp;<\/p>\n<p>&nbsp;<\/p>","protected":false},"excerpt":{"rendered":"<p>250ml Zerst\u00e4uberflasche, Ungef\u00e4rbt Die halbtransparente Ausf\u00fchrung erm\u00f6glicht eine einfache Sichtkontrolle des Inhalts. Kombiniert mit einem Zerst\u00e4uberverschluss [&hellip;]<\/p>\n","protected":false},"featured_media":3738,"comment_status":"open","ping_status":"closed","template":"","meta":[],"product_brand":[],"product_cat":[15,26,25],"product_tag":[],"class_list":{"0":"post-581","1":"product","2":"type-product","3":"status-publish","4":"has-post-thumbnail","6":"product_cat-flaschen","7":"product_cat-chemikalien","8":"product_cat-kosmetik","9":"product_shipping_class-3-5-tage-lieferzeit","10":"pa_farbe-farblos","11":"pa_fuellmenge-133","12":"pa_gewinde-20-410","13":"pa_material-hd-pe","15":"first","16":"instock","17":"taxable","18":"shipping-taxable","19":"purchasable","20":"product-type-variable"},"_links":{"self":[{"href":"https:\/\/supermatic.ch\/en\/wp-json\/wp\/v2\/product\/581","targetHints":{"allow":["GET"]}}],"collection":[{"href":"https:\/\/supermatic.ch\/en\/wp-json\/wp\/v2\/product"}],"about":[{"href":"https:\/\/supermatic.ch\/en\/wp-json\/wp\/v2\/types\/product"}],"replies":[{"embeddable":true,"href":"https:\/\/supermatic.ch\/en\/wp-json\/wp\/v2\/comments?post=581"}],"wp:featuredmedia":[{"embeddable":true,"href":"https:\/\/supermatic.ch\/en\/wp-json\/wp\/v2\/media\/3738"}],"wp:attachment":[{"href":"https:\/\/supermatic.ch\/en\/wp-json\/wp\/v2\/media?parent=581"}],"wp:term":[{"taxonomy":"product_brand","embeddable":true,"href":"https:\/\/supermatic.ch\/en\/wp-json\/wp\/v2\/product_brand?post=581"},{"taxonomy":"product_cat","embeddable":true,"href":"https:\/\/supermatic.ch\/en\/wp-json\/wp\/v2\/product_cat?post=581"},{"taxonomy":"product_tag","embeddable":true,"href":"https:\/\/supermatic.ch\/en\/wp-json\/wp\/v2\/product_tag?post=581"}],"curies":[{"name":"wp","href":"https:\/\/api.w.org\/{rel}","templated":true}]}}