{"id":6219,"date":"2024-09-17T15:01:19","date_gmt":"2024-09-17T13:01:19","guid":{"rendered":"https:\/\/supermatic.ch\/?post_type=product&#038;p=6219"},"modified":"2024-10-03T11:51:00","modified_gmt":"2024-10-03T09:51:00","slug":"500ml-rundflasche-pet-gewinde-24-410-412","status":"publish","type":"product","link":"https:\/\/supermatic.ch\/en\/produkte\/flaschen\/500ml-rundflasche-pe-weiss-24-410\/","title":{"rendered":"500ml round bottle PE white, 24\/410"},"content":{"rendered":"<p>Colour white<br \/>\nWeight 35g<br \/>\nZip volume 555ml<br \/>\nDiameter: 65mm<br \/>\nHeight: 204.5mm<br \/>\nLabelling height max. 150mm<\/p>\n<p>1 pallet \u00e0 1225pcs.<\/p>","protected":false},"excerpt":{"rendered":"<p>Farbe weiss Gewicht 35g RV-Volumen 555ml Durchmesser: 65mm H\u00f6he: 204.5mm Etikettierh\u00f6he max. 150mm 1 Palette \u00e0 [&hellip;]<\/p>\n","protected":false},"featured_media":6229,"comment_status":"open","ping_status":"closed","template":"","meta":[],"product_brand":[],"product_cat":[15,26,25],"product_tag":[305,338,378,347,376,343,346],"class_list":{"0":"post-6219","1":"product","2":"type-product","3":"status-publish","4":"has-post-thumbnail","6":"product_cat-flaschen","7":"product_cat-chemikalien","8":"product_cat-kosmetik","9":"product_tag-500ml","10":"product_tag-chemie","11":"product_tag-kosmetik","12":"product_tag-kunststoffflasche","13":"product_tag-pe","14":"product_tag-rundflasche","15":"product_tag-weiss","16":"product_shipping_class-1-3-tage-lieferzeit","17":"pa_farbe-weiss","18":"pa_form-rund","19":"pa_form-zylindrisch","20":"pa_fuellmenge-58","21":"pa_gewinde-24-410","22":"pa_material-hd-pe","24":"first","25":"instock","26":"taxable","27":"shipping-taxable","28":"purchasable","29":"product-type-variable"},"_links":{"self":[{"href":"https:\/\/supermatic.ch\/en\/wp-json\/wp\/v2\/product\/6219","targetHints":{"allow":["GET"]}}],"collection":[{"href":"https:\/\/supermatic.ch\/en\/wp-json\/wp\/v2\/product"}],"about":[{"href":"https:\/\/supermatic.ch\/en\/wp-json\/wp\/v2\/types\/product"}],"replies":[{"embeddable":true,"href":"https:\/\/supermatic.ch\/en\/wp-json\/wp\/v2\/comments?post=6219"}],"wp:featuredmedia":[{"embeddable":true,"href":"https:\/\/supermatic.ch\/en\/wp-json\/wp\/v2\/media\/6229"}],"wp:attachment":[{"href":"https:\/\/supermatic.ch\/en\/wp-json\/wp\/v2\/media?parent=6219"}],"wp:term":[{"taxonomy":"product_brand","embeddable":true,"href":"https:\/\/supermatic.ch\/en\/wp-json\/wp\/v2\/product_brand?post=6219"},{"taxonomy":"product_cat","embeddable":true,"href":"https:\/\/supermatic.ch\/en\/wp-json\/wp\/v2\/product_cat?post=6219"},{"taxonomy":"product_tag","embeddable":true,"href":"https:\/\/supermatic.ch\/en\/wp-json\/wp\/v2\/product_tag?post=6219"}],"curies":[{"name":"wp","href":"https:\/\/api.w.org\/{rel}","templated":true}]}}