{"id":638,"date":"2022-10-03T18:36:34","date_gmt":"2022-10-03T16:36:34","guid":{"rendered":"https:\/\/supermatic.ch\/produkt\/250ml-rundflasche-weiss\/"},"modified":"2026-03-09T09:45:27","modified_gmt":"2026-03-09T07:45:27","slug":"250ml-round-bottle-white-3","status":"publish","type":"product","link":"https:\/\/supermatic.ch\/en\/produkte\/flaschen\/250ml-rundflasche-weiss\/","title":{"rendered":"250ml atomiser bottle white, 20\/410"},"content":{"rendered":"<h4><strong>250ml Atomiser Bottle in White<\/strong><\/h4>\n<p>Combined with an atomiser cap, this bottle allows for an even distribution of the contents. Suitable for a wide range of applications, both professional and everyday. The 250ml atomiser bottle is a practical and reliable choice for diverse needs.<\/p>\n<p><strong>Product details:<\/strong><\/p>\n<ul>\n<li><strong>Form<\/strong>: Round.<\/li>\n<li><strong>Mass<\/strong>:\n<ul>\n<li>Diameter: 50mm<\/li>\n<li>Height: 176mm<\/li>\n<\/ul>\n<\/li>\n<\/ul>\n<p><strong>Areas of application<\/strong>:<\/p>\n<ul>\n<li><strong>Cosmetics<\/strong>: For creams, lotions and soaps.<\/li>\n<li><strong>Chemicals &amp; Cleaning<\/strong>: For glass cleaners, disinfectants and other cleaning solutions.<\/li>\n<li><strong>Plant care<\/strong>: Fertiliser, pesticide.<\/li>\n<li><strong>Hair care<\/strong>: For hair products and applications, such as shampoo and conditioner.<\/li>\n<\/ul>","protected":false},"excerpt":{"rendered":"<p>250ml Zerst\u00e4uberflasche in Weiss Kombiniert mit einem Zerst\u00e4uberverschluss erm\u00f6glicht diese Flasche eine gleichm\u00e4ssige Verteilung des Inhalts. [&hellip;]<\/p>\n","protected":false},"featured_media":3732,"comment_status":"open","ping_status":"closed","template":"","meta":[],"product_brand":[],"product_cat":[15,26,25],"product_tag":[],"class_list":{"0":"post-638","1":"product","2":"type-product","3":"status-publish","4":"has-post-thumbnail","6":"product_cat-flaschen","7":"product_cat-chemikalien","8":"product_cat-kosmetik","9":"product_shipping_class-3-5-tage-lieferzeit","10":"pa_farbe-weiss","11":"pa_fuellmenge-133","12":"pa_gewinde-20-410","13":"pa_material-hd-pe","15":"first","16":"instock","17":"taxable","18":"shipping-taxable","19":"purchasable","20":"product-type-variable"},"_links":{"self":[{"href":"https:\/\/supermatic.ch\/en\/wp-json\/wp\/v2\/product\/638","targetHints":{"allow":["GET"]}}],"collection":[{"href":"https:\/\/supermatic.ch\/en\/wp-json\/wp\/v2\/product"}],"about":[{"href":"https:\/\/supermatic.ch\/en\/wp-json\/wp\/v2\/types\/product"}],"replies":[{"embeddable":true,"href":"https:\/\/supermatic.ch\/en\/wp-json\/wp\/v2\/comments?post=638"}],"wp:featuredmedia":[{"embeddable":true,"href":"https:\/\/supermatic.ch\/en\/wp-json\/wp\/v2\/media\/3732"}],"wp:attachment":[{"href":"https:\/\/supermatic.ch\/en\/wp-json\/wp\/v2\/media?parent=638"}],"wp:term":[{"taxonomy":"product_brand","embeddable":true,"href":"https:\/\/supermatic.ch\/en\/wp-json\/wp\/v2\/product_brand?post=638"},{"taxonomy":"product_cat","embeddable":true,"href":"https:\/\/supermatic.ch\/en\/wp-json\/wp\/v2\/product_cat?post=638"},{"taxonomy":"product_tag","embeddable":true,"href":"https:\/\/supermatic.ch\/en\/wp-json\/wp\/v2\/product_tag?post=638"}],"curies":[{"name":"wp","href":"https:\/\/api.w.org\/{rel}","templated":true}]}}