{"id":6481,"date":"2025-03-11T09:14:59","date_gmt":"2025-03-11T07:14:59","guid":{"rendered":"https:\/\/supermatic.ch\/?post_type=product&#038;p=6481"},"modified":"2025-03-31T12:46:44","modified_gmt":"2025-03-31T10:46:44","slug":"hinged-cap-40mm-black-for-sauce-bottle-38-400-pet-copy","status":"publish","type":"product","link":"https:\/\/supermatic.ch\/en\/produkte\/flaschen\/saucenflaschen\/klappverschluss-40mm-schwarz-zu-saucenflasche-38-400-pet-kopie\/","title":{"rendered":"Flip top 40mm black for sauce bottle 38\/400 PET"},"content":{"rendered":"<p>Black hinged clasp, vertically grooved,<br \/>\nwith sealing film for PET bottles,<br \/>\nwithout membrane,<br \/>\nOpening 6mm<br \/>\n1 box of 2,250 pcs.<\/p>\n<p>other quantities on request<\/p>","protected":false},"excerpt":{"rendered":"<p>Klappverschluss schwarz, senkrecht gerillt, mit Siegelfolie f\u00fcr PET Flaschen, ohne Membrane, \u00d6ffnung 6mm 1 Karton \u00e0 [&hellip;]<\/p>\n","protected":false},"featured_media":6414,"comment_status":"open","ping_status":"closed","template":"","meta":[],"product_brand":[],"product_cat":[24,538,23],"product_tag":[355,544,356,351,353,530,352],"class_list":{"0":"post-6481","1":"product","2":"type-product","3":"status-publish","4":"has-post-thumbnail","6":"product_cat-lebensmittel","7":"product_cat-saucenflaschen","8":"product_cat-verschluesse","9":"product_tag-barbecue","10":"product_tag-deckel","11":"product_tag-ketchup","12":"product_tag-klappverschluss","13":"product_tag-sauce","14":"product_tag-schwarz","15":"product_tag-verschluss","16":"pa_farbe-schwarz","17":"pa_gewinde-38-400","19":"first","20":"instock","21":"taxable","22":"shipping-taxable","23":"purchasable","24":"product-type-variable"},"_links":{"self":[{"href":"https:\/\/supermatic.ch\/en\/wp-json\/wp\/v2\/product\/6481","targetHints":{"allow":["GET"]}}],"collection":[{"href":"https:\/\/supermatic.ch\/en\/wp-json\/wp\/v2\/product"}],"about":[{"href":"https:\/\/supermatic.ch\/en\/wp-json\/wp\/v2\/types\/product"}],"replies":[{"embeddable":true,"href":"https:\/\/supermatic.ch\/en\/wp-json\/wp\/v2\/comments?post=6481"}],"wp:featuredmedia":[{"embeddable":true,"href":"https:\/\/supermatic.ch\/en\/wp-json\/wp\/v2\/media\/6414"}],"wp:attachment":[{"href":"https:\/\/supermatic.ch\/en\/wp-json\/wp\/v2\/media?parent=6481"}],"wp:term":[{"taxonomy":"product_brand","embeddable":true,"href":"https:\/\/supermatic.ch\/en\/wp-json\/wp\/v2\/product_brand?post=6481"},{"taxonomy":"product_cat","embeddable":true,"href":"https:\/\/supermatic.ch\/en\/wp-json\/wp\/v2\/product_cat?post=6481"},{"taxonomy":"product_tag","embeddable":true,"href":"https:\/\/supermatic.ch\/en\/wp-json\/wp\/v2\/product_tag?post=6481"}],"curies":[{"name":"wp","href":"https:\/\/api.w.org\/{rel}","templated":true}]}}