{"id":6786,"date":"2025-08-21T10:06:36","date_gmt":"2025-08-21T08:06:36","guid":{"rendered":"https:\/\/supermatic.ch\/?post_type=product&#038;p=6786"},"modified":"2025-08-21T10:13:56","modified_gmt":"2025-08-21T08:13:56","slug":"20ml-glass-bottle","status":"publish","type":"product","link":"https:\/\/supermatic.ch\/en\/produkte\/flaschen\/20ml-glasflasche\/","title":{"rendered":"20ml glass bottle"},"content":{"rendered":"<p>Height: 84mm<br \/>\nDiameter: 28mm<br \/>\nShape: round<\/p>\n<p>Small glass bottle (glass miniature) for filling alcoholic and non-alcoholic beverages, drugstore, pharmaceutical and food products.<\/p>\n<p><strong>Packaging: on trays\/layers<br \/>\n<\/strong>Pallet quantity: 13420pcs.<br \/>\nPalettenabmessungen: 1200x1000x1130mm<br \/>\nPallet weight: 614kg<\/p>","protected":false},"excerpt":{"rendered":"<p>H\u00f6he: 84mm Durchmesser: 28mm Form: rund Kleine Glasflasche (Glasminiatur) f\u00fcr das Abf\u00fcllen von alkoholischen und alkoholfreien [&hellip;]<\/p>\n","protected":false},"featured_media":6787,"comment_status":"open","ping_status":"closed","template":"","meta":[],"product_brand":[],"product_cat":[15,24],"product_tag":[],"class_list":{"0":"post-6786","1":"product","2":"type-product","3":"status-publish","4":"has-post-thumbnail","6":"product_cat-flaschen","7":"product_cat-lebensmittel","8":"product_shipping_class-5-8-tage-lieferzeit","9":"pa_farbe-transparent","10":"pa_fuellmenge-39","11":"pa_gewinde-pp-18","12":"pa_material-glas","14":"first","15":"instock","16":"taxable","17":"shipping-taxable","18":"purchasable","19":"product-type-simple"},"_links":{"self":[{"href":"https:\/\/supermatic.ch\/en\/wp-json\/wp\/v2\/product\/6786","targetHints":{"allow":["GET"]}}],"collection":[{"href":"https:\/\/supermatic.ch\/en\/wp-json\/wp\/v2\/product"}],"about":[{"href":"https:\/\/supermatic.ch\/en\/wp-json\/wp\/v2\/types\/product"}],"replies":[{"embeddable":true,"href":"https:\/\/supermatic.ch\/en\/wp-json\/wp\/v2\/comments?post=6786"}],"wp:featuredmedia":[{"embeddable":true,"href":"https:\/\/supermatic.ch\/en\/wp-json\/wp\/v2\/media\/6787"}],"wp:attachment":[{"href":"https:\/\/supermatic.ch\/en\/wp-json\/wp\/v2\/media?parent=6786"}],"wp:term":[{"taxonomy":"product_brand","embeddable":true,"href":"https:\/\/supermatic.ch\/en\/wp-json\/wp\/v2\/product_brand?post=6786"},{"taxonomy":"product_cat","embeddable":true,"href":"https:\/\/supermatic.ch\/en\/wp-json\/wp\/v2\/product_cat?post=6786"},{"taxonomy":"product_tag","embeddable":true,"href":"https:\/\/supermatic.ch\/en\/wp-json\/wp\/v2\/product_tag?post=6786"}],"curies":[{"name":"wp","href":"https:\/\/api.w.org\/{rel}","templated":true}]}}