{"id":679,"date":"2022-10-03T18:36:42","date_gmt":"2022-10-03T16:36:42","guid":{"rendered":"https:\/\/supermatic.ch\/produkt\/100ml-rundflasche-weiss\/"},"modified":"2025-02-19T10:21:09","modified_gmt":"2025-02-19T08:21:09","slug":"100ml-round-bottle-white","status":"publish","type":"product","link":"https:\/\/supermatic.ch\/en\/produkte\/flaschen\/100ml-rundflasche-weiss\/","title":{"rendered":"100ml atomiser bottle white, 20\/410"},"content":{"rendered":"<h5><strong>100ml Atomiser Bottle in White<\/strong><\/h5>\n<p>Perfect for your spraying and atomising applications. This HD-PE bottle combines stability and flexibility and is ideal for use with everything from cosmetics to cleaning products.<\/p>\n<ul>\n<li><strong>Material:<\/strong> High-density polyethylene (HD-PE), robust and durable<\/li>\n<li><strong>Closure:<\/strong> 20\/410<\/li>\n<li><strong>Mass:<\/strong>\n<ul>\n<li>Height: 110mm<\/li>\n<li>Diameter: 45mm<\/li>\n<li>Weight: 12 gram<\/li>\n<\/ul>\n<\/li>\n<\/ul>\n<p>This atomiser bottle is ideal for daily use or professional use. Thanks to its compact size, it is ideal for travelling and ensures a fine and even distribution of the contents. Get quality and functionality in one product!<\/p>","protected":false},"excerpt":{"rendered":"<p>100ml Zerst\u00e4uberflasche in Weiss Perfekt f\u00fcr Ihre Spr\u00fch- und Zerst\u00e4ubungandwendungen. Diese Flasche aus HD-PE vereint Stabilit\u00e4t [&hellip;]<\/p>\n","protected":false},"featured_media":3724,"comment_status":"open","ping_status":"closed","template":"","meta":[],"product_brand":[],"product_cat":[15,26,25],"product_tag":[],"class_list":{"0":"post-679","1":"product","2":"type-product","3":"status-publish","4":"has-post-thumbnail","6":"product_cat-flaschen","7":"product_cat-chemikalien","8":"product_cat-kosmetik","9":"product_shipping_class-3-5-tage-lieferzeit","10":"pa_farbe-weiss","11":"pa_fuellmenge-87","12":"pa_gewinde-20-410","13":"pa_material-hd-pe","15":"first","16":"instock","17":"taxable","18":"shipping-taxable","19":"purchasable","20":"product-type-variable"},"_links":{"self":[{"href":"https:\/\/supermatic.ch\/en\/wp-json\/wp\/v2\/product\/679","targetHints":{"allow":["GET"]}}],"collection":[{"href":"https:\/\/supermatic.ch\/en\/wp-json\/wp\/v2\/product"}],"about":[{"href":"https:\/\/supermatic.ch\/en\/wp-json\/wp\/v2\/types\/product"}],"replies":[{"embeddable":true,"href":"https:\/\/supermatic.ch\/en\/wp-json\/wp\/v2\/comments?post=679"}],"wp:featuredmedia":[{"embeddable":true,"href":"https:\/\/supermatic.ch\/en\/wp-json\/wp\/v2\/media\/3724"}],"wp:attachment":[{"href":"https:\/\/supermatic.ch\/en\/wp-json\/wp\/v2\/media?parent=679"}],"wp:term":[{"taxonomy":"product_brand","embeddable":true,"href":"https:\/\/supermatic.ch\/en\/wp-json\/wp\/v2\/product_brand?post=679"},{"taxonomy":"product_cat","embeddable":true,"href":"https:\/\/supermatic.ch\/en\/wp-json\/wp\/v2\/product_cat?post=679"},{"taxonomy":"product_tag","embeddable":true,"href":"https:\/\/supermatic.ch\/en\/wp-json\/wp\/v2\/product_tag?post=679"}],"curies":[{"name":"wp","href":"https:\/\/api.w.org\/{rel}","templated":true}]}}