{"id":695,"date":"2022-10-03T18:36:47","date_gmt":"2022-10-03T16:36:47","guid":{"rendered":"https:\/\/supermatic.ch\/produkt\/schraubverschluss-weiss\/"},"modified":"2024-10-03T12:10:31","modified_gmt":"2024-10-03T10:10:31","slug":"screw-cap-white","status":"publish","type":"product","link":"https:\/\/supermatic.ch\/en\/produkte\/chemikalien\/schraubverschluss-weiss\/","title":{"rendered":"Screw cap white, 20\/410"},"content":{"rendered":"<p>The screw cap in white with a grooved outer design is suitable for bottles with a 20\/410 thread. The flat-sealing function ensures a secure seal. The grooved rim makes it easier to open and close the bottle. It is a practical and functional closure for various applications.<\/p>\n<p><strong>Details:<\/strong><\/p>\n<ul>\n<li>Colour: White<\/li>\n<li>Thread: 20\/410<\/li>\n<li>Seal: Flat sealing<\/li>\n<li>Design: Grooved on the outside<\/li>\n<\/ul>","protected":false},"excerpt":{"rendered":"<p>Der Schraubverschluss in Weiss mit einem gerillten \u00e4u\u00dferen Design eignet sich f\u00fcr Flaschen mit einem 20\/410 [&hellip;]<\/p>\n","protected":false},"featured_media":3462,"comment_status":"open","ping_status":"closed","template":"","meta":[],"product_brand":[],"product_cat":[26,25,23],"product_tag":[],"class_list":{"0":"post-695","1":"product","2":"type-product","3":"status-publish","4":"has-post-thumbnail","6":"product_cat-chemikalien","7":"product_cat-kosmetik","8":"product_cat-verschluesse","9":"pa_gewinde-20-410","11":"first","12":"instock","13":"taxable","14":"shipping-taxable","15":"purchasable","16":"product-type-variable"},"_links":{"self":[{"href":"https:\/\/supermatic.ch\/en\/wp-json\/wp\/v2\/product\/695","targetHints":{"allow":["GET"]}}],"collection":[{"href":"https:\/\/supermatic.ch\/en\/wp-json\/wp\/v2\/product"}],"about":[{"href":"https:\/\/supermatic.ch\/en\/wp-json\/wp\/v2\/types\/product"}],"replies":[{"embeddable":true,"href":"https:\/\/supermatic.ch\/en\/wp-json\/wp\/v2\/comments?post=695"}],"wp:featuredmedia":[{"embeddable":true,"href":"https:\/\/supermatic.ch\/en\/wp-json\/wp\/v2\/media\/3462"}],"wp:attachment":[{"href":"https:\/\/supermatic.ch\/en\/wp-json\/wp\/v2\/media?parent=695"}],"wp:term":[{"taxonomy":"product_brand","embeddable":true,"href":"https:\/\/supermatic.ch\/en\/wp-json\/wp\/v2\/product_brand?post=695"},{"taxonomy":"product_cat","embeddable":true,"href":"https:\/\/supermatic.ch\/en\/wp-json\/wp\/v2\/product_cat?post=695"},{"taxonomy":"product_tag","embeddable":true,"href":"https:\/\/supermatic.ch\/en\/wp-json\/wp\/v2\/product_tag?post=695"}],"curies":[{"name":"wp","href":"https:\/\/api.w.org\/{rel}","templated":true}]}}