{"id":7180,"date":"2026-02-28T21:21:50","date_gmt":"2026-02-28T19:21:50","guid":{"rendered":"https:\/\/supermatic.ch\/?post_type=product&#038;p=7180"},"modified":"2026-02-28T21:24:31","modified_gmt":"2026-02-28T19:24:31","slug":"500ml-spray-bottle-arol-white-28-410","status":"publish","type":"product","link":"https:\/\/supermatic.ch\/en\/produkte\/flaschen\/500ml-spruehflasche-arol-weiss-28-410\/","title":{"rendered":"500ml spray bottle AROL white, 28\/410"},"content":{"rendered":"<p>Mass:<br \/>\nHeight 186.5mm<br \/>\nWidth 109.5mm<br \/>\nDepth 57mm<br \/>\nLarge labelling area<br \/>\nThread with lock cap cam<\/p>\n<p>Quantity, availability and prices on request!<\/p>","protected":false},"excerpt":{"rendered":"<p>Masse: H\u00f6he 186.5mm Breite 109.5mm Tiefe 57mm grosse Etikettierfl\u00e4che Gewinde mit Lock Cap Nocken Menge, Verf\u00fcgbarkeit [&hellip;]<\/p>\n","protected":false},"featured_media":7179,"comment_status":"open","ping_status":"closed","template":"","meta":[],"product_brand":[],"product_cat":[15,26,25],"product_tag":[332,338,336,309,80,335,334,331,330,337],"class_list":{"0":"post-7180","1":"product","2":"type-product","3":"status-publish","4":"has-post-thumbnail","6":"product_cat-flaschen","7":"product_cat-chemikalien","8":"product_cat-kosmetik","9":"product_tag-4kant","10":"product_tag-chemie","11":"product_tag-desinfektionsmittel","12":"product_tag-dispenser","13":"product_tag-flasche","14":"product_tag-hd-pe","15":"product_tag-natur","16":"product_tag-reinigungsflasche","17":"product_tag-reinigungsmittel","18":"product_tag-vierkant","19":"product_shipping_class-3-5-tage-lieferzeit","20":"pa_farbe-weiss","21":"pa_form-eckig","22":"pa_fuellmenge-58","23":"pa_gewinde-28-410","24":"pa_material-hd-pe","26":"first","27":"instock","28":"taxable","29":"shipping-taxable","30":"product-type-simple"},"_links":{"self":[{"href":"https:\/\/supermatic.ch\/en\/wp-json\/wp\/v2\/product\/7180","targetHints":{"allow":["GET"]}}],"collection":[{"href":"https:\/\/supermatic.ch\/en\/wp-json\/wp\/v2\/product"}],"about":[{"href":"https:\/\/supermatic.ch\/en\/wp-json\/wp\/v2\/types\/product"}],"replies":[{"embeddable":true,"href":"https:\/\/supermatic.ch\/en\/wp-json\/wp\/v2\/comments?post=7180"}],"wp:featuredmedia":[{"embeddable":true,"href":"https:\/\/supermatic.ch\/en\/wp-json\/wp\/v2\/media\/7179"}],"wp:attachment":[{"href":"https:\/\/supermatic.ch\/en\/wp-json\/wp\/v2\/media?parent=7180"}],"wp:term":[{"taxonomy":"product_brand","embeddable":true,"href":"https:\/\/supermatic.ch\/en\/wp-json\/wp\/v2\/product_brand?post=7180"},{"taxonomy":"product_cat","embeddable":true,"href":"https:\/\/supermatic.ch\/en\/wp-json\/wp\/v2\/product_cat?post=7180"},{"taxonomy":"product_tag","embeddable":true,"href":"https:\/\/supermatic.ch\/en\/wp-json\/wp\/v2\/product_tag?post=7180"}],"curies":[{"name":"wp","href":"https:\/\/api.w.org\/{rel}","templated":true}]}}