{"id":7198,"date":"2026-04-02T09:48:55","date_gmt":"2026-04-02T07:48:55","guid":{"rendered":"https:\/\/supermatic.ch\/?post_type=product&#038;p=7198"},"modified":"2026-04-02T10:37:04","modified_gmt":"2026-04-02T08:37:04","slug":"250ml-clear-glass-jar-clear-glass-with-white-screw-cap","status":"publish","type":"product","link":"https:\/\/supermatic.ch\/en\/produkte\/nachhaltig\/250ml-klarglastiegel-klarglas-mit-weissem-schraubverschluss\/","title":{"rendered":"250ml clear glass jar Clear glass with white screw cap"},"content":{"rendered":"<p>Diameter: 87mm<br \/>\nHeight: 73mm<\/p>\n<p>Lid surface: smooth<br \/>\nFlat gasket: yes, EPE insert<\/p>\n<p>Original packaging:<br \/>\n1 box of 120 pcs \/ 1 pallet of 2964 pcs.<\/p>\n<p>other quantities on request<\/p>","protected":false},"excerpt":{"rendered":"<p>Durchmesser: 87mm H\u00f6he: 73mm Deckeloberfl\u00e4che: glatt Flachdichtung: ja, EPE Einlage Originalverpackung: 1 Karton \u00e0 120St. \/ [&hellip;]<\/p>\n","protected":false},"featured_media":3867,"comment_status":"open","ping_status":"closed","template":"","meta":[],"product_brand":[],"product_cat":[55,19,25],"product_tag":[],"class_list":{"0":"post-7198","1":"product","2":"type-product","3":"status-publish","4":"has-post-thumbnail","6":"product_cat-nachhaltig","7":"product_cat-dosen","8":"product_cat-kosmetik","9":"product_shipping_class-5-8-tage-lieferzeit","10":"pa_farbe-transparent","11":"pa_farbe-weiss","12":"pa_form-rund","13":"pa_form-zylindrisch","14":"pa_fuellmenge-133","15":"pa_gewinde-70-400","16":"pa_material-glas","18":"first","19":"instock","20":"taxable","21":"shipping-taxable","22":"purchasable","23":"product-type-variable"},"_links":{"self":[{"href":"https:\/\/supermatic.ch\/en\/wp-json\/wp\/v2\/product\/7198","targetHints":{"allow":["GET"]}}],"collection":[{"href":"https:\/\/supermatic.ch\/en\/wp-json\/wp\/v2\/product"}],"about":[{"href":"https:\/\/supermatic.ch\/en\/wp-json\/wp\/v2\/types\/product"}],"replies":[{"embeddable":true,"href":"https:\/\/supermatic.ch\/en\/wp-json\/wp\/v2\/comments?post=7198"}],"wp:featuredmedia":[{"embeddable":true,"href":"https:\/\/supermatic.ch\/en\/wp-json\/wp\/v2\/media\/3867"}],"wp:attachment":[{"href":"https:\/\/supermatic.ch\/en\/wp-json\/wp\/v2\/media?parent=7198"}],"wp:term":[{"taxonomy":"product_brand","embeddable":true,"href":"https:\/\/supermatic.ch\/en\/wp-json\/wp\/v2\/product_brand?post=7198"},{"taxonomy":"product_cat","embeddable":true,"href":"https:\/\/supermatic.ch\/en\/wp-json\/wp\/v2\/product_cat?post=7198"},{"taxonomy":"product_tag","embeddable":true,"href":"https:\/\/supermatic.ch\/en\/wp-json\/wp\/v2\/product_tag?post=7198"}],"curies":[{"name":"wp","href":"https:\/\/api.w.org\/{rel}","templated":true}]}}