{"id":875,"date":"2022-10-03T18:37:39","date_gmt":"2022-10-03T16:37:39","guid":{"rendered":"https:\/\/supermatic.ch\/produkt\/500ml-pet-flasche-ohne-verschluss\/"},"modified":"2024-10-03T12:10:38","modified_gmt":"2024-10-03T10:10:38","slug":"500ml-pet-bottle-without-cap","status":"publish","type":"product","link":"https:\/\/supermatic.ch\/en\/produkte\/flaschen\/500ml-pet-flasche-ohne-verschluss\/","title":{"rendered":"500ml PET round bottle"},"content":{"rendered":"<div class=\"relative flex w-[calc(100%-50px)] flex-col gap-1 md:gap-3 lg:w-[calc(100%-115px)]\">\n<div class=\"flex flex-grow flex-col gap-3 max-w-full\">\n<div class=\"min-h-[20px] flex flex-col items-start gap-3 overflow-x-auto whitespace-pre-wrap break-words\">\n<div class=\"markdown prose w-full break-words dark:prose-invert light\">\n<p>Die 500ml PET-Flasche aus transparentem PET ist eine vielseitige Flasche f\u00fcr verschiedene Fl\u00fcssigkeiten. Sie eignet sich besonders gut f\u00fcr Getr\u00e4nke wie Fruchtsaft, Eistee und Wasser. Kann jedoch auch f\u00fcr Chemikalien, einschliesslich Reinigungsmitteln und Kosmetikprodukten, verwendet werden.<\/p>\n<ul>\n<li>Material: Transparentes PET<\/li>\n<li>Masse:\n<ul>\n<li>Durchmesser: 69mm<\/li>\n<li>H\u00f6he: 196mm<\/li>\n<\/ul>\n<\/li>\n<\/ul>\n<\/div>\n<\/div>\n<\/div>\n<\/div>\n","protected":false},"excerpt":{"rendered":"<p>Die 500ml PET-Flasche aus transparentem PET ist eine vielseitige Flasche f\u00fcr verschiedene Fl\u00fcssigkeiten. Sie eignet sich [&hellip;]<\/p>\n","protected":false},"featured_media":3608,"comment_status":"open","ping_status":"closed","template":"","meta":[],"product_brand":[],"product_cat":[15,24],"product_tag":[],"class_list":{"0":"post-875","1":"product","2":"type-product","3":"status-publish","4":"has-post-thumbnail","6":"product_cat-flaschen","7":"product_cat-lebensmittel","8":"product_shipping_class-1-3-tage-lieferzeit","9":"pa_farbe-transparent","10":"pa_form-rund","11":"pa_fuellmenge-58","12":"pa_gewinde-28mm-pco1810","13":"pa_material-pet","15":"first","16":"instock","17":"taxable","18":"shipping-taxable","19":"purchasable","20":"product-type-variable"},"_links":{"self":[{"href":"https:\/\/supermatic.ch\/en\/wp-json\/wp\/v2\/product\/875","targetHints":{"allow":["GET"]}}],"collection":[{"href":"https:\/\/supermatic.ch\/en\/wp-json\/wp\/v2\/product"}],"about":[{"href":"https:\/\/supermatic.ch\/en\/wp-json\/wp\/v2\/types\/product"}],"replies":[{"embeddable":true,"href":"https:\/\/supermatic.ch\/en\/wp-json\/wp\/v2\/comments?post=875"}],"wp:featuredmedia":[{"embeddable":true,"href":"https:\/\/supermatic.ch\/en\/wp-json\/wp\/v2\/media\/3608"}],"wp:attachment":[{"href":"https:\/\/supermatic.ch\/en\/wp-json\/wp\/v2\/media?parent=875"}],"wp:term":[{"taxonomy":"product_brand","embeddable":true,"href":"https:\/\/supermatic.ch\/en\/wp-json\/wp\/v2\/product_brand?post=875"},{"taxonomy":"product_cat","embeddable":true,"href":"https:\/\/supermatic.ch\/en\/wp-json\/wp\/v2\/product_cat?post=875"},{"taxonomy":"product_tag","embeddable":true,"href":"https:\/\/supermatic.ch\/en\/wp-json\/wp\/v2\/product_tag?post=875"}],"curies":[{"name":"wp","href":"https:\/\/api.w.org\/{rel}","templated":true}]}}