{"id":1010,"date":"2022-10-03T18:38:20","date_gmt":"2022-10-03T16:38:20","guid":{"rendered":"https:\/\/supermatic.ch\/produkt\/200ml-flasche-standard-mit-holzgriffkorken\/"},"modified":"2024-10-03T12:10:27","modified_gmt":"2024-10-03T10:10:27","slug":"bouteille-standard-de-200ml-avec-bouchon-poignee-bois","status":"publish","type":"product","link":"https:\/\/supermatic.ch\/fr\/produkte\/nachhaltig\/200ml-flasche-standard-mit-holzgriffkorken\/","title":{"rendered":"Bouteille en gr\u00e8s noir de 200 ml avec bouchon \u00e0 poign\u00e9e en bois"},"content":{"rendered":"<p>&nbsp;<\/p>\n<h5><strong>Bouteille en gr\u00e8s noir de 200ml<\/strong><\/h5>\n<p>Id\u00e9ale pour la conservation de liqueurs, de spiritueux ou de jus tr\u00e8s concentr\u00e9s, cette bouteille en gr\u00e8s de 200 ml se pr\u00e9sente dans un noir \u00e9l\u00e9gant. Le mat\u00e9riau robuste du gr\u00e8s garantit une meilleure r\u00e9sistance par rapport aux bouteilles en terre cuite traditionnelles.<\/p>\n<p><strong>masse :<\/strong><\/p>\n<ul>\n<li>hauteur : 175mm<\/li>\n<li>diam\u00e8tre : 53mm<\/li>\n<li>Capacit\u00e9 de remplissage : 200ml<\/li>\n<\/ul>\n<p><strong>Caract\u00e9ristiques :<\/strong><\/p>\n<ul>\n<li><strong>100% Protection contre la lumi\u00e8re<\/strong>: Garanti par la cuisson dense \u00e0 plus de 1230 degr\u00e9s.<\/li>\n<li><strong>Fermeture<\/strong>\u00c9quip\u00e9 d'un bouchon \u00e0 poign\u00e9e en bois non verni. En alternative, un bouchon \u00e0 \u00e9trier ou un bouchon \u00e0 vis (31,5 PP standard) sont disponibles sur demande.<\/li>\n<li><strong>Polyvalent<\/strong>La bouteille est vitr\u00e9e \u00e0 l'int\u00e9rieur, convient pour les aliments, r\u00e9siste aux acides et aux bases et peut \u00eatre utilis\u00e9e au micro-ondes.<\/li>\n<li><strong>Une qualit\u00e9 sup\u00e9rieure<\/strong>: Par rapport aux bouteilles en terre cuite uniquement, le gr\u00e8s offre une r\u00e9sistance accrue.<\/li>\n<li><strong>Personnalisable<\/strong>: D'autres options de couleurs et d'impressions sont disponibles sur demande.<\/li>\n<\/ul>\n<p>D\u00e9tails de l'emballage : les bouteilles sont livr\u00e9es en toute s\u00e9curit\u00e9 sur des palettes de 100 x 120 cm, prot\u00e9g\u00e9es par un film r\u00e9tractable. Chaque palette contient 2628 bouteilles.<\/p>\n<p>La bouteille en gr\u00e8s noir de 200 ml allie fonctionnalit\u00e9 et design attrayant tout en offrant une protection optimale \u00e0 vos boissons.<\/p>","protected":false},"excerpt":{"rendered":"<p>&nbsp; Steinzeug-Flasche 200ml in Schwarz Ideal f\u00fcr die Aufbewahrung von Lik\u00f6ren, Spirituosen oder hochkonzentrierten S\u00e4ften, pr\u00e4sentiert [&hellip;]<\/p>\n","protected":false},"featured_media":3284,"comment_status":"open","ping_status":"closed","template":"","meta":[],"product_brand":[],"product_cat":[55,15,24],"product_tag":[],"class_list":{"0":"post-1010","1":"product","2":"type-product","3":"status-publish","4":"has-post-thumbnail","6":"product_cat-nachhaltig","7":"product_cat-flaschen","8":"product_cat-lebensmittel","9":"product_shipping_class-5-8-tage-lieferzeit","10":"pa_farbe-schwarz","11":"pa_form-rund","12":"pa_form-zylindrisch","13":"pa_fuellmenge-47","14":"pa_material-steinzeug","16":"first","17":"instock","18":"taxable","19":"shipping-taxable","20":"product-type-simple"},"_links":{"self":[{"href":"https:\/\/supermatic.ch\/fr\/wp-json\/wp\/v2\/product\/1010","targetHints":{"allow":["GET"]}}],"collection":[{"href":"https:\/\/supermatic.ch\/fr\/wp-json\/wp\/v2\/product"}],"about":[{"href":"https:\/\/supermatic.ch\/fr\/wp-json\/wp\/v2\/types\/product"}],"replies":[{"embeddable":true,"href":"https:\/\/supermatic.ch\/fr\/wp-json\/wp\/v2\/comments?post=1010"}],"wp:featuredmedia":[{"embeddable":true,"href":"https:\/\/supermatic.ch\/fr\/wp-json\/wp\/v2\/media\/3284"}],"wp:attachment":[{"href":"https:\/\/supermatic.ch\/fr\/wp-json\/wp\/v2\/media?parent=1010"}],"wp:term":[{"taxonomy":"product_brand","embeddable":true,"href":"https:\/\/supermatic.ch\/fr\/wp-json\/wp\/v2\/product_brand?post=1010"},{"taxonomy":"product_cat","embeddable":true,"href":"https:\/\/supermatic.ch\/fr\/wp-json\/wp\/v2\/product_cat?post=1010"},{"taxonomy":"product_tag","embeddable":true,"href":"https:\/\/supermatic.ch\/fr\/wp-json\/wp\/v2\/product_tag?post=1010"}],"curies":[{"name":"wp","href":"https:\/\/api.w.org\/{rel}","templated":true}]}}