{"id":1016,"date":"2022-10-03T18:38:20","date_gmt":"2022-10-03T16:38:20","guid":{"rendered":"https:\/\/supermatic.ch\/produkt\/350ml-flasche-standard-mit-holzgriffkorken\/"},"modified":"2024-10-03T12:10:27","modified_gmt":"2024-10-03T10:10:27","slug":"bouteille-standard-de-350ml-avec-bouchon-poignee-bois","status":"publish","type":"product","link":"https:\/\/supermatic.ch\/fr\/produkte\/nachhaltig\/350ml-flasche-standard-mit-holzgriffkorken\/","title":{"rendered":"Bouteille en gr\u00e8s noir de 350 ml avec bouchon \u00e0 poign\u00e9e en bois"},"content":{"rendered":"<h5><strong>Bouteille en gr\u00e8s noir de 350ml<\/strong><\/h5>\n<p>Id\u00e9ale pour les liqueurs, les spiritueux et les jus tr\u00e8s concentr\u00e9s, la bouteille en gr\u00e8s de 350 ml d'un noir intemporel allie design et fonctionnalit\u00e9. Fabriqu\u00e9e en gr\u00e8s robuste, elle fait preuve d'une r\u00e9sistance nettement sup\u00e9rieure \u00e0 celle des bouteilles en terre cuite traditionnelles.<\/p>\n<p><strong>masse :<\/strong><\/p>\n<ul>\n<li>hauteur : 200mm<\/li>\n<li>diam\u00e8tre : 63mm<\/li>\n<li>Capacit\u00e9 de remplissage : 350ml<\/li>\n<\/ul>\n<p><strong>Caract\u00e9ristiques :<\/strong><\/p>\n<ul>\n<li><strong>100% Protection contre la lumi\u00e8re<\/strong>: Gr\u00e2ce au processus de cuisson \u00e0 plus de 1230 degr\u00e9s.<\/li>\n<li><strong>Fermeture<\/strong>Livr\u00e9 en standard avec un bouchon \u00e0 poign\u00e9e en bois non verni. Alternativement, un bouchon \u00e0 \u00e9trier ou un bouchon \u00e0 vis (31,5 PP standard) sont disponibles sur demande.<\/li>\n<li><strong>Promesse de qualit\u00e9<\/strong>: Le biberon est vitr\u00e9 \u00e0 l'int\u00e9rieur, convient pour les aliments, r\u00e9siste aux acides et aux bases et peut \u00eatre utilis\u00e9 dans le four \u00e0 micro-ondes.<\/li>\n<li><strong>Meilleure r\u00e9sistance<\/strong>: Par rapport aux bouteilles en terre cuite pure, le gr\u00e8s est nettement plus robuste.<\/li>\n<li><strong>Individualisation<\/strong>: D'autres variantes de couleurs et possibilit\u00e9s d'impression sont disponibles sur demande.<\/li>\n<\/ul>\n<p>D\u00e9tails de l'emballage : les bouteilles sont livr\u00e9es en toute s\u00e9curit\u00e9 sur des palettes de 100 x 120 cm et prot\u00e9g\u00e9es par un film r\u00e9tractable. Une palette contient 1890 bouteilles.<\/p>\n<p>Avec la bouteille en gr\u00e8s noir de 350 ml, vous disposez non seulement d'une solution d'emballage esth\u00e9tique, mais aussi pratique.<\/p>","protected":false},"excerpt":{"rendered":"<p>Steinzeug-Flasche 350ml in Schwarz Ideal f\u00fcr Lik\u00f6re, Spirituosen und hochkonzentrierte S\u00e4fte, verbindet die 350ml Steinzeug-Flasche in [&hellip;]<\/p>\n","protected":false},"featured_media":3284,"comment_status":"open","ping_status":"closed","template":"","meta":[],"product_brand":[],"product_cat":[55,15,24],"product_tag":[],"class_list":{"0":"post-1016","1":"product","2":"type-product","3":"status-publish","4":"has-post-thumbnail","6":"product_cat-nachhaltig","7":"product_cat-flaschen","8":"product_cat-lebensmittel","9":"product_shipping_class-5-8-tage-lieferzeit","10":"pa_farbe-schwarz","11":"pa_form-rund","12":"pa_form-zylindrisch","13":"pa_fuellmenge-148","14":"pa_material-steinzeug","16":"first","17":"instock","18":"taxable","19":"shipping-taxable","20":"product-type-simple"},"_links":{"self":[{"href":"https:\/\/supermatic.ch\/fr\/wp-json\/wp\/v2\/product\/1016","targetHints":{"allow":["GET"]}}],"collection":[{"href":"https:\/\/supermatic.ch\/fr\/wp-json\/wp\/v2\/product"}],"about":[{"href":"https:\/\/supermatic.ch\/fr\/wp-json\/wp\/v2\/types\/product"}],"replies":[{"embeddable":true,"href":"https:\/\/supermatic.ch\/fr\/wp-json\/wp\/v2\/comments?post=1016"}],"wp:featuredmedia":[{"embeddable":true,"href":"https:\/\/supermatic.ch\/fr\/wp-json\/wp\/v2\/media\/3284"}],"wp:attachment":[{"href":"https:\/\/supermatic.ch\/fr\/wp-json\/wp\/v2\/media?parent=1016"}],"wp:term":[{"taxonomy":"product_brand","embeddable":true,"href":"https:\/\/supermatic.ch\/fr\/wp-json\/wp\/v2\/product_brand?post=1016"},{"taxonomy":"product_cat","embeddable":true,"href":"https:\/\/supermatic.ch\/fr\/wp-json\/wp\/v2\/product_cat?post=1016"},{"taxonomy":"product_tag","embeddable":true,"href":"https:\/\/supermatic.ch\/fr\/wp-json\/wp\/v2\/product_tag?post=1016"}],"curies":[{"name":"wp","href":"https:\/\/api.w.org\/{rel}","templated":true}]}}