{"id":1037,"date":"2022-10-03T18:38:29","date_gmt":"2022-10-03T16:38:29","guid":{"rendered":"https:\/\/supermatic.ch\/produkt\/1000ml-flasche-standard-mit-holzgriffkorken\/"},"modified":"2024-10-03T12:10:26","modified_gmt":"2024-10-03T10:10:26","slug":"bouteille-standard-de-1000ml-avec-bouchon-poignee-bois","status":"publish","type":"product","link":"https:\/\/supermatic.ch\/fr\/produkte\/flaschen\/1000ml-flasche-standard-mit-holzgriffkorken\/","title":{"rendered":"Bouteille en gr\u00e8s noir de 1000ml avec bouchon \u00e0 poign\u00e9e en bois"},"content":{"rendered":"<h5><strong>Bouteille en gr\u00e8s noir 1000ml<\/strong><\/h5>\n<p>Cette bouteille en gr\u00e8s noir intemporelle d'une capacit\u00e9 de 1000 ml est parfaite pour les liqueurs, les spiritueux, les jus et les sirops. Son mat\u00e9riau solide en gr\u00e8s lui assure une robustesse sup\u00e9rieure \u00e0 celle des bouteilles en terre cuite conventionnelles.<\/p>\n<p><strong>masse :<\/strong><\/p>\n<ul>\n<li>hauteur : 297mm<\/li>\n<li>diam\u00e8tre : 84mm<\/li>\n<li>Capacit\u00e9 de remplissage : 1000ml<\/li>\n<\/ul>\n<p><strong>Caract\u00e9ristiques :<\/strong><\/p>\n<ul>\n<li><strong>100% Protection contre la lumi\u00e8re<\/strong>: Gr\u00e2ce \u00e0 une cuisson dense \u00e0 plus de 1230 degr\u00e9s.<\/li>\n<li><strong>Fermeture<\/strong>: Livr\u00e9 avec un bouchon \u00e0 poign\u00e9e en bois non verni. D'autres variantes de bouchons comme le bouchon \u00e0 \u00e9trier ou le bouchon \u00e0 vis (31,5 PP standard) sont disponibles sur demande.<\/li>\n<li><strong>Multifonctionnel<\/strong>Le biberon \u00e0 vitrage int\u00e9rieur est adapt\u00e9 au contact alimentaire, r\u00e9sistant aux acides et aux bases et adapt\u00e9 au four \u00e0 micro-ondes.<\/li>\n<li><strong>Qualit\u00e9 robuste<\/strong>Les bouteilles en gr\u00e8s offrent une meilleure r\u00e9sistance que les bouteilles en terre cuite.<\/li>\n<li><strong>Adaptable<\/strong>Diff\u00e9rentes couleurs et options d'impression sont disponibles sur demande.<\/li>\n<\/ul>\n<p>D\u00e9tails de l'emballage : pour une protection optimale, les bouteilles sont livr\u00e9es sur des palettes de 100 x 120 cm, recouvertes d'un film r\u00e9tractable. Une palette contient 880 bouteilles.<\/p>\n<p>D\u00e9couvrez la grande qualit\u00e9 et le design marquant de notre bouteille en gr\u00e8s noir de 1000 ml - une combinaison de fonctionnalit\u00e9 et d'esth\u00e9tique.<\/p>","protected":false},"excerpt":{"rendered":"<p>Steinzeug-Flasche 1000ml in Schwarz Diese zeitlos schwarze Steinzeug-Flasche mit einer Kapazit\u00e4t von 1000ml ist perfekt f\u00fcr [&hellip;]<\/p>\n","protected":false},"featured_media":3284,"comment_status":"open","ping_status":"closed","template":"","meta":[],"product_brand":[],"product_cat":[15,24,55],"product_tag":[],"class_list":{"0":"post-1037","1":"product","2":"type-product","3":"status-publish","4":"has-post-thumbnail","6":"product_cat-flaschen","7":"product_cat-lebensmittel","8":"product_cat-nachhaltig","9":"product_shipping_class-5-8-tage-lieferzeit","10":"pa_farbe-schwarz","11":"pa_form-rund","12":"pa_form-zylindrisch","13":"pa_fuellmenge-91","14":"pa_material-steinzeug","16":"first","17":"instock","18":"taxable","19":"shipping-taxable","20":"product-type-simple"},"_links":{"self":[{"href":"https:\/\/supermatic.ch\/fr\/wp-json\/wp\/v2\/product\/1037","targetHints":{"allow":["GET"]}}],"collection":[{"href":"https:\/\/supermatic.ch\/fr\/wp-json\/wp\/v2\/product"}],"about":[{"href":"https:\/\/supermatic.ch\/fr\/wp-json\/wp\/v2\/types\/product"}],"replies":[{"embeddable":true,"href":"https:\/\/supermatic.ch\/fr\/wp-json\/wp\/v2\/comments?post=1037"}],"wp:featuredmedia":[{"embeddable":true,"href":"https:\/\/supermatic.ch\/fr\/wp-json\/wp\/v2\/media\/3284"}],"wp:attachment":[{"href":"https:\/\/supermatic.ch\/fr\/wp-json\/wp\/v2\/media?parent=1037"}],"wp:term":[{"taxonomy":"product_brand","embeddable":true,"href":"https:\/\/supermatic.ch\/fr\/wp-json\/wp\/v2\/product_brand?post=1037"},{"taxonomy":"product_cat","embeddable":true,"href":"https:\/\/supermatic.ch\/fr\/wp-json\/wp\/v2\/product_cat?post=1037"},{"taxonomy":"product_tag","embeddable":true,"href":"https:\/\/supermatic.ch\/fr\/wp-json\/wp\/v2\/product_tag?post=1037"}],"curies":[{"name":"wp","href":"https:\/\/api.w.org\/{rel}","templated":true}]}}