{"id":1187,"date":"2022-10-03T18:39:16","date_gmt":"2022-10-03T16:39:16","guid":{"rendered":"https:\/\/supermatic.ch\/produkt\/auslaufhahn-m60-zu-20-30lt-kanister\/"},"modified":"2026-05-05T09:28:03","modified_gmt":"2026-05-05T07:28:03","slug":"auslaufhahn-m60-zu-20-30lt-kanister","status":"publish","type":"product","link":"https:\/\/supermatic.ch\/fr\/produkte\/kanister\/auslaufhahn-m60-kanister\/","title":{"rendered":"Robinet d'\u00e9coulement M60 pour bidon 20 - 30lt"},"content":{"rendered":"<p>Le robinet d'\u00e9coulement adapt\u00e9 \u00e0 nos bidons d'une capacit\u00e9 de remplissage entre 20 et 30 litres avec filetage M60.<\/p>","protected":false},"excerpt":{"rendered":"<p>Le robinet d'\u00e9coulement adapt\u00e9 \u00e0 nos bidons d'une capacit\u00e9 de remplissage entre 20 et 30 litres avec filetage M60.<\/p>","protected":false},"featured_media":3230,"comment_status":"open","ping_status":"closed","template":"","meta":[],"product_brand":[],"product_cat":[18,23],"product_tag":[],"class_list":{"0":"post-1187","1":"product","2":"type-product","3":"status-publish","4":"has-post-thumbnail","6":"product_cat-kanister","7":"product_cat-verschluesse","8":"product_shipping_class-1-3-tage-lieferzeit","9":"pa_farbe-rot","10":"pa_gewinde-m60","12":"first","13":"instock","14":"taxable","15":"shipping-taxable","16":"purchasable","17":"product-type-variable"},"_links":{"self":[{"href":"https:\/\/supermatic.ch\/fr\/wp-json\/wp\/v2\/product\/1187","targetHints":{"allow":["GET"]}}],"collection":[{"href":"https:\/\/supermatic.ch\/fr\/wp-json\/wp\/v2\/product"}],"about":[{"href":"https:\/\/supermatic.ch\/fr\/wp-json\/wp\/v2\/types\/product"}],"replies":[{"embeddable":true,"href":"https:\/\/supermatic.ch\/fr\/wp-json\/wp\/v2\/comments?post=1187"}],"wp:featuredmedia":[{"embeddable":true,"href":"https:\/\/supermatic.ch\/fr\/wp-json\/wp\/v2\/media\/3230"}],"wp:attachment":[{"href":"https:\/\/supermatic.ch\/fr\/wp-json\/wp\/v2\/media?parent=1187"}],"wp:term":[{"taxonomy":"product_brand","embeddable":true,"href":"https:\/\/supermatic.ch\/fr\/wp-json\/wp\/v2\/product_brand?post=1187"},{"taxonomy":"product_cat","embeddable":true,"href":"https:\/\/supermatic.ch\/fr\/wp-json\/wp\/v2\/product_cat?post=1187"},{"taxonomy":"product_tag","embeddable":true,"href":"https:\/\/supermatic.ch\/fr\/wp-json\/wp\/v2\/product_tag?post=1187"}],"curies":[{"name":"wp","href":"https:\/\/api.w.org\/{rel}","templated":true}]}}