{"id":1198,"date":"2022-10-03T18:39:16","date_gmt":"2022-10-03T16:39:16","guid":{"rendered":"https:\/\/supermatic.ch\/produkt\/klappverschluss-28-410\/"},"modified":"2024-10-03T12:10:25","modified_gmt":"2024-10-03T10:10:25","slug":"klappverschluss-28-410","status":"publish","type":"product","link":"https:\/\/supermatic.ch\/fr\/produkte\/verschluesse\/klappverschluss-28-410\/","title":{"rendered":"Fermeture \u00e0 clapet avec ouverture de 4,6mm, 28\/410"},"content":{"rendered":"<p>Cette fermeture \u00e0 rabat, \u00e9galement appel\u00e9e flip-top, est parfaite pour une grande vari\u00e9t\u00e9 de produits. Sa couleur neutre et son filetage 28\/410, avec une ouverture de 4,6 mm, en font un bon choix pour de nombreuses applications.<\/p>\n<p>Charni\u00e8re pliante<br \/>\nBouchon \u00e0 vis en PP<br \/>\nFiletage 28\/410<br \/>\nouverture 4,6mm<\/p>","protected":false},"excerpt":{"rendered":"<p>Dieser Klappverschluss, auch Flip-Top genannt, ist perfekt f\u00fcr eine Vielzahl von Produkten. Die neutrale Farbe und [&hellip;]<\/p>\n","protected":false},"featured_media":3443,"comment_status":"open","ping_status":"closed","template":"","meta":[],"product_brand":[],"product_cat":[23],"product_tag":[],"class_list":{"0":"post-1198","1":"product","2":"type-product","3":"status-publish","4":"has-post-thumbnail","6":"product_cat-verschluesse","7":"product_shipping_class-3-5-tage-lieferzeit","8":"pa_farbe-weiss","9":"pa_gewinde-28-410","10":"pa_material-pp","12":"first","13":"instock","14":"taxable","15":"shipping-taxable","16":"purchasable","17":"product-type-variable"},"_links":{"self":[{"href":"https:\/\/supermatic.ch\/fr\/wp-json\/wp\/v2\/product\/1198","targetHints":{"allow":["GET"]}}],"collection":[{"href":"https:\/\/supermatic.ch\/fr\/wp-json\/wp\/v2\/product"}],"about":[{"href":"https:\/\/supermatic.ch\/fr\/wp-json\/wp\/v2\/types\/product"}],"replies":[{"embeddable":true,"href":"https:\/\/supermatic.ch\/fr\/wp-json\/wp\/v2\/comments?post=1198"}],"wp:featuredmedia":[{"embeddable":true,"href":"https:\/\/supermatic.ch\/fr\/wp-json\/wp\/v2\/media\/3443"}],"wp:attachment":[{"href":"https:\/\/supermatic.ch\/fr\/wp-json\/wp\/v2\/media?parent=1198"}],"wp:term":[{"taxonomy":"product_brand","embeddable":true,"href":"https:\/\/supermatic.ch\/fr\/wp-json\/wp\/v2\/product_brand?post=1198"},{"taxonomy":"product_cat","embeddable":true,"href":"https:\/\/supermatic.ch\/fr\/wp-json\/wp\/v2\/product_cat?post=1198"},{"taxonomy":"product_tag","embeddable":true,"href":"https:\/\/supermatic.ch\/fr\/wp-json\/wp\/v2\/product_tag?post=1198"}],"curies":[{"name":"wp","href":"https:\/\/api.w.org\/{rel}","templated":true}]}}