{"id":1278,"date":"2022-10-03T18:39:39","date_gmt":"2022-10-03T16:39:39","guid":{"rendered":"https:\/\/supermatic.ch\/produkt\/1000ml-veralflasche-aus-braunglas-pp28\/"},"modified":"2023-11-23T18:15:58","modified_gmt":"2023-11-23T16:15:58","slug":"1000ml-bouteille-verre-brun-pp28","status":"publish","type":"product","link":"https:\/\/supermatic.ch\/fr\/produkte\/flaschen\/1000ml-veralflasche-aus-braunglas-pp28\/","title":{"rendered":"Bouteille de Veral 1000ml en verre brun PP28"},"content":{"rendered":"<p>masse :<br \/>\nhauteur 205.5mm<br \/>\ndiam\u00e8tre 100.6mm<\/p>\n<p>1 unit\u00e9 \u00e0 14pcs<br \/>\n1 palette de 336pcs<\/p>","protected":false},"excerpt":{"rendered":"<p>Dimensions : hauteur 205.5mm diam\u00e8tre 100.6mm 1 unit\u00e9 \u00e0 14pcs. 1 palette \u00e0 336pcs.<\/p>","protected":false},"featured_media":3410,"comment_status":"open","ping_status":"closed","template":"","meta":[],"product_brand":[],"product_cat":[15,26,25,24,55],"product_tag":[],"class_list":{"0":"post-1278","1":"product","2":"type-product","3":"status-publish","4":"has-post-thumbnail","6":"product_cat-flaschen","7":"product_cat-chemikalien","8":"product_cat-kosmetik","9":"product_cat-lebensmittel","10":"product_cat-nachhaltig","11":"product_shipping_class-3-5-tage-lieferzeit","12":"pa_farbe-braun","13":"pa_fuellmenge-91","14":"pa_gewinde-pp-28","15":"pa_material-glas","17":"first","18":"instock","19":"taxable","20":"shipping-taxable","21":"purchasable","22":"product-type-simple"},"_links":{"self":[{"href":"https:\/\/supermatic.ch\/fr\/wp-json\/wp\/v2\/product\/1278","targetHints":{"allow":["GET"]}}],"collection":[{"href":"https:\/\/supermatic.ch\/fr\/wp-json\/wp\/v2\/product"}],"about":[{"href":"https:\/\/supermatic.ch\/fr\/wp-json\/wp\/v2\/types\/product"}],"replies":[{"embeddable":true,"href":"https:\/\/supermatic.ch\/fr\/wp-json\/wp\/v2\/comments?post=1278"}],"wp:featuredmedia":[{"embeddable":true,"href":"https:\/\/supermatic.ch\/fr\/wp-json\/wp\/v2\/media\/3410"}],"wp:attachment":[{"href":"https:\/\/supermatic.ch\/fr\/wp-json\/wp\/v2\/media?parent=1278"}],"wp:term":[{"taxonomy":"product_brand","embeddable":true,"href":"https:\/\/supermatic.ch\/fr\/wp-json\/wp\/v2\/product_brand?post=1278"},{"taxonomy":"product_cat","embeddable":true,"href":"https:\/\/supermatic.ch\/fr\/wp-json\/wp\/v2\/product_cat?post=1278"},{"taxonomy":"product_tag","embeddable":true,"href":"https:\/\/supermatic.ch\/fr\/wp-json\/wp\/v2\/product_tag?post=1278"}],"curies":[{"name":"wp","href":"https:\/\/api.w.org\/{rel}","templated":true}]}}