{"id":1282,"date":"2022-10-03T18:39:39","date_gmt":"2022-10-03T16:39:39","guid":{"rendered":"https:\/\/supermatic.ch\/produkt\/250ml-sirupflasche-aus-braunglas-pp28\/"},"modified":"2024-10-03T12:10:24","modified_gmt":"2024-10-03T10:10:24","slug":"bouteille-de-sirop-de-verre-brun-de-250ml-pp28","status":"publish","type":"product","link":"https:\/\/supermatic.ch\/fr\/produkte\/flaschen\/250ml-sirupflasche-braunglas\/","title":{"rendered":"Bouteille de sirop de 250 ml en verre brun PP28"},"content":{"rendered":"<p>Cette bouteille de sirop de 250 ml en verre brun avec un filetage PP28 est polyvalente et se distingue par sa qualit\u00e9 durable. Le verre brun offre non seulement une excellente protection contre la lumi\u00e8re pour pr\u00e9server la qualit\u00e9 de votre contenu, mais il la rend \u00e9galement esth\u00e9tique.<\/p>\n<p>Combin\u00e9e \u00e0 un distributeur de savon, elle convient aussi parfaitement \u00e0 une utilisation avec des savons, des lotions ou des d\u00e9sinfectants.<\/p>\n<p><strong>D\u00e9tails du produit :<\/strong><\/p>\n<p><strong>masse :<\/strong><\/p>\n<ul>\n<li>Hauteur<strong>:<\/strong> 143mm<\/li>\n<li>Diam\u00e8tre<strong>:<\/strong> 62mm<\/li>\n<\/ul>\n<p><strong>unit\u00e9s :<\/strong><\/p>\n<ul>\n<li>1 carton \u00e0 180 pi\u00e8ces<\/li>\n<li>1 palette de 2220 pi\u00e8ces<\/li>\n<\/ul>","protected":false},"excerpt":{"rendered":"<p>Diese 250ml Sirupflasche aus Braunglas mit einem PP28-Gewinde ist vielseitig einsetzbar und zeichnet sich durch ihre [&hellip;]<\/p>\n","protected":false},"featured_media":3424,"comment_status":"open","ping_status":"closed","template":"","meta":[],"product_brand":[],"product_cat":[15],"product_tag":[],"class_list":{"0":"post-1282","1":"product","2":"type-product","3":"status-publish","4":"has-post-thumbnail","6":"product_cat-flaschen","7":"product_shipping_class-3-5-tage-lieferzeit","8":"pa_farbe-braun","9":"pa_form-rund","10":"pa_fuellmenge-133","11":"pa_gewinde-pp-28","12":"pa_material-glas","14":"first","15":"instock","16":"taxable","17":"shipping-taxable","18":"purchasable","19":"product-type-simple"},"_links":{"self":[{"href":"https:\/\/supermatic.ch\/fr\/wp-json\/wp\/v2\/product\/1282","targetHints":{"allow":["GET"]}}],"collection":[{"href":"https:\/\/supermatic.ch\/fr\/wp-json\/wp\/v2\/product"}],"about":[{"href":"https:\/\/supermatic.ch\/fr\/wp-json\/wp\/v2\/types\/product"}],"replies":[{"embeddable":true,"href":"https:\/\/supermatic.ch\/fr\/wp-json\/wp\/v2\/comments?post=1282"}],"wp:featuredmedia":[{"embeddable":true,"href":"https:\/\/supermatic.ch\/fr\/wp-json\/wp\/v2\/media\/3424"}],"wp:attachment":[{"href":"https:\/\/supermatic.ch\/fr\/wp-json\/wp\/v2\/media?parent=1282"}],"wp:term":[{"taxonomy":"product_brand","embeddable":true,"href":"https:\/\/supermatic.ch\/fr\/wp-json\/wp\/v2\/product_brand?post=1282"},{"taxonomy":"product_cat","embeddable":true,"href":"https:\/\/supermatic.ch\/fr\/wp-json\/wp\/v2\/product_cat?post=1282"},{"taxonomy":"product_tag","embeddable":true,"href":"https:\/\/supermatic.ch\/fr\/wp-json\/wp\/v2\/product_tag?post=1282"}],"curies":[{"name":"wp","href":"https:\/\/api.w.org\/{rel}","templated":true}]}}