{"id":1284,"date":"2022-10-03T18:39:39","date_gmt":"2022-10-03T16:39:39","guid":{"rendered":"https:\/\/supermatic.ch\/produkt\/seifendispenser-weiss-gewinde-28-410\/"},"modified":"2024-10-03T12:10:24","modified_gmt":"2024-10-03T10:10:24","slug":"distributeur-blanc-rainure-filet-28-410","status":"publish","type":"product","link":"https:\/\/supermatic.ch\/fr\/produkte\/verschluesse\/dispenser-und-pumpen\/dispenser-weiss-gerillt\/","title":{"rendered":"Distributeur blanc, rainures verticales, 28\/410"},"content":{"rendered":"<p>Dispenser Blanc : Un distributeur de savon \u00e0 rainures verticales, id\u00e9al pour les produits \u00e0 viscosit\u00e9 \u00e9lev\u00e9e comme les cr\u00e8mes, les savons, les lotions et les shampooings.<\/p>\n<p><strong>Caract\u00e9ristiques :<\/strong><\/p>\n<ul>\n<li>Type : Distributeur de savon\/doseur\/pompe \u00e0 lotion<\/li>\n<li>Surface : rainures verticales<\/li>\n<li>Longueur de la colonne montante : 260 mm d'origine \u00e0 partir du joint (adaptation \u00e0 la longueur de la bouteille possible sur demande)<\/li>\n<li>Couleur : Blanc<\/li>\n<li>Convenance : id\u00e9al pour les produits \u00e0 viscosit\u00e9 \u00e9lev\u00e9e, y compris les cr\u00e8mes pour le corps, les shampooings et plus encore.<\/li>\n<\/ul>","protected":false},"excerpt":{"rendered":"<p>Dispenser Weiss: Ein senkrecht gerillter Seifenspender, der ideal f\u00fcr Produkte mit hoher Viskosit\u00e4t wie Cremes, Seifen, [&hellip;]<\/p>\n","protected":false},"featured_media":2800,"comment_status":"open","ping_status":"closed","template":"","meta":[],"product_brand":[],"product_cat":[26,301,25,23],"product_tag":[],"class_list":{"0":"post-1284","1":"product","2":"type-product","3":"status-publish","4":"has-post-thumbnail","6":"product_cat-chemikalien","7":"product_cat-dispenser-und-pumpen","8":"product_cat-kosmetik","9":"product_cat-verschluesse","10":"product_shipping_class-5-8-tage-lieferzeit","11":"pa_farbe-weiss","12":"pa_gewinde-28-410","14":"first","15":"instock","16":"taxable","17":"shipping-taxable","18":"purchasable","19":"product-type-variable"},"_links":{"self":[{"href":"https:\/\/supermatic.ch\/fr\/wp-json\/wp\/v2\/product\/1284","targetHints":{"allow":["GET"]}}],"collection":[{"href":"https:\/\/supermatic.ch\/fr\/wp-json\/wp\/v2\/product"}],"about":[{"href":"https:\/\/supermatic.ch\/fr\/wp-json\/wp\/v2\/types\/product"}],"replies":[{"embeddable":true,"href":"https:\/\/supermatic.ch\/fr\/wp-json\/wp\/v2\/comments?post=1284"}],"wp:featuredmedia":[{"embeddable":true,"href":"https:\/\/supermatic.ch\/fr\/wp-json\/wp\/v2\/media\/2800"}],"wp:attachment":[{"href":"https:\/\/supermatic.ch\/fr\/wp-json\/wp\/v2\/media?parent=1284"}],"wp:term":[{"taxonomy":"product_brand","embeddable":true,"href":"https:\/\/supermatic.ch\/fr\/wp-json\/wp\/v2\/product_brand?post=1284"},{"taxonomy":"product_cat","embeddable":true,"href":"https:\/\/supermatic.ch\/fr\/wp-json\/wp\/v2\/product_cat?post=1284"},{"taxonomy":"product_tag","embeddable":true,"href":"https:\/\/supermatic.ch\/fr\/wp-json\/wp\/v2\/product_tag?post=1284"}],"curies":[{"name":"wp","href":"https:\/\/api.w.org\/{rel}","templated":true}]}}