{"id":1288,"date":"2022-10-03T18:39:39","date_gmt":"2022-10-03T16:39:39","guid":{"rendered":"https:\/\/supermatic.ch\/produkt\/125ml-sirupflasche-aus-braunglas-pp28\/"},"modified":"2024-10-03T12:10:24","modified_gmt":"2024-10-03T10:10:24","slug":"bouteille-de-sirop-de-verre-brun-de-125ml-pp28","status":"publish","type":"product","link":"https:\/\/supermatic.ch\/fr\/produkte\/flaschen\/125ml-sirupflasche-braunglas\/","title":{"rendered":"Bouteille de sirop de 125 ml en verre brun PP28"},"content":{"rendered":"<p>Cette bouteille de sirop de 125 ml en verre brun avec un filetage PP28 est polyvalente et se distingue par sa qualit\u00e9 durable. Le verre brun offre non seulement une excellente protection contre la lumi\u00e8re pour pr\u00e9server la qualit\u00e9 de votre contenu, mais il le rend \u00e9galement esth\u00e9tiquement attrayant.<\/p>\n<p>Combin\u00e9e \u00e0 un distributeur de savon, elle convient aussi parfaitement \u00e0 une utilisation avec des savons, des lotions ou des d\u00e9sinfectants.<\/p>\n<p><strong>D\u00e9tails du produit :<\/strong><\/p>\n<p><strong>masse :<\/strong><\/p>\n<ul>\n<li>Hauteur<strong>:<\/strong> 114mm<\/li>\n<li>Diam\u00e8tre<strong>:<\/strong> 49mm<\/li>\n<\/ul>\n<p><strong>unit\u00e9s :<\/strong><\/p>\n<ul>\n<li>1 carton \u00e0 312 pi\u00e8ces<\/li>\n<li>1 palette de 3328 pi\u00e8ces<\/li>\n<\/ul>","protected":false},"excerpt":{"rendered":"<p>Diese 125ml Sirupflasche aus Braunglas mit einem PP28-Gewinde ist vielseitig einsetzbar und zeichnet sich durch ihre [&hellip;]<\/p>\n","protected":false},"featured_media":3420,"comment_status":"open","ping_status":"closed","template":"","meta":[],"product_brand":[],"product_cat":[15,26,25,24,55],"product_tag":[],"class_list":{"0":"post-1288","1":"product","2":"type-product","3":"status-publish","4":"has-post-thumbnail","6":"product_cat-flaschen","7":"product_cat-chemikalien","8":"product_cat-kosmetik","9":"product_cat-lebensmittel","10":"product_cat-nachhaltig","11":"product_shipping_class-3-5-tage-lieferzeit","12":"pa_farbe-braun","13":"pa_form-rund","14":"pa_fuellmenge-45","15":"pa_gewinde-pp-28","16":"pa_material-glas","18":"first","19":"instock","20":"taxable","21":"shipping-taxable","22":"purchasable","23":"product-type-simple"},"_links":{"self":[{"href":"https:\/\/supermatic.ch\/fr\/wp-json\/wp\/v2\/product\/1288","targetHints":{"allow":["GET"]}}],"collection":[{"href":"https:\/\/supermatic.ch\/fr\/wp-json\/wp\/v2\/product"}],"about":[{"href":"https:\/\/supermatic.ch\/fr\/wp-json\/wp\/v2\/types\/product"}],"replies":[{"embeddable":true,"href":"https:\/\/supermatic.ch\/fr\/wp-json\/wp\/v2\/comments?post=1288"}],"wp:featuredmedia":[{"embeddable":true,"href":"https:\/\/supermatic.ch\/fr\/wp-json\/wp\/v2\/media\/3420"}],"wp:attachment":[{"href":"https:\/\/supermatic.ch\/fr\/wp-json\/wp\/v2\/media?parent=1288"}],"wp:term":[{"taxonomy":"product_brand","embeddable":true,"href":"https:\/\/supermatic.ch\/fr\/wp-json\/wp\/v2\/product_brand?post=1288"},{"taxonomy":"product_cat","embeddable":true,"href":"https:\/\/supermatic.ch\/fr\/wp-json\/wp\/v2\/product_cat?post=1288"},{"taxonomy":"product_tag","embeddable":true,"href":"https:\/\/supermatic.ch\/fr\/wp-json\/wp\/v2\/product_tag?post=1288"}],"curies":[{"name":"wp","href":"https:\/\/api.w.org\/{rel}","templated":true}]}}