{"id":1358,"date":"2022-10-03T18:39:54","date_gmt":"2022-10-03T16:39:54","guid":{"rendered":"https:\/\/supermatic.ch\/produkt\/aluminiumschraubverschluss-mit-glattrand-28-x-15mm\/"},"modified":"2025-12-01T17:46:59","modified_gmt":"2025-12-01T15:46:59","slug":"vis-aluminium-avec-un-bord-lisse-28-x-15mm","status":"publish","type":"product","link":"https:\/\/supermatic.ch\/fr\/produkte\/verschluesse\/aluminium-schraubverschluss-28-x-15mm\/","title":{"rendered":"Fermeture \u00e0 vis en aluminium avec bord lisse - 28 x 15mm"},"content":{"rendered":"<p>Bouchon \u00e0 pression en aluminium (28x15mm) avec rondelle d'\u00e9tanch\u00e9it\u00e9 EPE Notre bouchon \u00e0 pression en aluminium a un diam\u00e8tre de 28mm et une hauteur de 15mm. Il est \u00e9quip\u00e9 d'un filetage et d'un disque d'\u00e9tanch\u00e9it\u00e9 EPE. Les clients peuvent faire personnaliser le bouchon, par exemple avec une impression monochrome ou multicolore, une impression UV ou un relief sup\u00e9rieur.<\/p>\n<p>Dimensions (diam\u00e8tre x hauteur) : 28x15mm<br \/>\nInsert d'\u00e9tanch\u00e9it\u00e9 : EPE<\/p>\n<p>Bouchon \u00e0 pression en aluminium avec filetage et avec rondelle d'\u00e9tanch\u00e9it\u00e9 EPE.<\/p>\n<p>La fermeture peut \u00eatre adapt\u00e9e selon les souhaits du client, par exemple avec une impression unicolore ou multicolore, avec une impression UV ou avec un haut relief.<\/p>\n<p><strong><span lang=\"DE\" xml:lang=\"DE\">Emballage<\/span><\/strong>:<br \/>\nNombre de pi\u00e8ces dans la bo\u00eete : 6'000pc<br \/>\nDimensions du carton : 600x400x360 mm<br \/>\nQuantit\u00e9 de palettes : 144'000<span class=\"table-hili2\">St.<br \/>\n<\/span>Dimensions de la palette : 800x1200x2140 mm<\/p>\n<p>autres couleurs sur demande !<\/p>","protected":false},"excerpt":{"rendered":"<p>Alu-Druckverschluss (28x15mm) mit EPE-Dichtscheibe Unser Alu-Druckverschluss hat einen Durchmesser von 28mm und eine H\u00f6he von 15mm. [&hellip;]<\/p>\n","protected":false},"featured_media":2574,"comment_status":"open","ping_status":"closed","template":"","meta":[],"product_brand":[],"product_cat":[23],"product_tag":[],"class_list":{"0":"post-1358","1":"product","2":"type-product","3":"status-publish","4":"has-post-thumbnail","6":"product_cat-verschluesse","7":"product_shipping_class-1-3-tage-lieferzeit","8":"pa_farbe-gold","9":"pa_farbe-variabel","10":"pa_form-rund","11":"pa_gewinde-pp-28","12":"pa_material-aluminium","14":"first","15":"instock","16":"taxable","17":"shipping-taxable","18":"purchasable","19":"product-type-simple"},"_links":{"self":[{"href":"https:\/\/supermatic.ch\/fr\/wp-json\/wp\/v2\/product\/1358","targetHints":{"allow":["GET"]}}],"collection":[{"href":"https:\/\/supermatic.ch\/fr\/wp-json\/wp\/v2\/product"}],"about":[{"href":"https:\/\/supermatic.ch\/fr\/wp-json\/wp\/v2\/types\/product"}],"replies":[{"embeddable":true,"href":"https:\/\/supermatic.ch\/fr\/wp-json\/wp\/v2\/comments?post=1358"}],"wp:featuredmedia":[{"embeddable":true,"href":"https:\/\/supermatic.ch\/fr\/wp-json\/wp\/v2\/media\/2574"}],"wp:attachment":[{"href":"https:\/\/supermatic.ch\/fr\/wp-json\/wp\/v2\/media?parent=1358"}],"wp:term":[{"taxonomy":"product_brand","embeddable":true,"href":"https:\/\/supermatic.ch\/fr\/wp-json\/wp\/v2\/product_brand?post=1358"},{"taxonomy":"product_cat","embeddable":true,"href":"https:\/\/supermatic.ch\/fr\/wp-json\/wp\/v2\/product_cat?post=1358"},{"taxonomy":"product_tag","embeddable":true,"href":"https:\/\/supermatic.ch\/fr\/wp-json\/wp\/v2\/product_tag?post=1358"}],"curies":[{"name":"wp","href":"https:\/\/api.w.org\/{rel}","templated":true}]}}