{"id":1395,"date":"2022-10-03T18:40:11","date_gmt":"2022-10-03T16:40:11","guid":{"rendered":"https:\/\/supermatic.ch\/produkt\/aluminiumverschluss-315-x-24mm-dsl\/"},"modified":"2024-10-03T12:10:22","modified_gmt":"2024-10-03T10:10:22","slug":"bouchon-en-aluminium-315-x-24mm-dsl","status":"publish","type":"product","link":"https:\/\/supermatic.ch\/fr\/produkte\/verschluesse\/aluminiumverschluss-315-x-24mm-dsl\/","title":{"rendered":"Fermeture en aluminium - 31,5 x 24mm (DSL)"},"content":{"rendered":"<p>Dimensions (diam\u00e8tre x hauteur) : 31,5x24 (DSL) mm<br \/>\nInsert d'\u00e9tanch\u00e9it\u00e9 : PE<\/p>\n<p>Bouchon en aluminium avec filetage et avec la garniture int\u00e9rieure en plastique en 2 parties contre l'\u00e9gouttement, convient surtout pour les huiles alimentaires et les sirops.<\/p>\n<p>La fermeture peut \u00eatre adapt\u00e9e selon les souhaits du client, par exemple avec une impression unicolore ou multicolore, avec une impression UV, avec un relief sup\u00e9rieur ou avec une coupe lat\u00e9rale.<\/p>\n<p>&nbsp;<\/p>\n<p><strong><span lang=\"DE\" xml:lang=\"DE\">Emballage<\/span><\/strong>:<\/p>\n<p>Nombre de pi\u00e8ces dans le carton : 2'000 pcs.<br \/>\nDimensions du carton : 600x400x360 mm<br \/>\nQuantit\u00e9 de palettes : 48'000 <span class=\"table-hili2\">pcs.<br \/>\n<\/span>Palettenabmessung: 800x1200x2140mm<\/p>\n<p>autres couleurs sur demande<\/p>","protected":false},"excerpt":{"rendered":"<p>Abmessung (Durchmesser x\u00a0 H\u00f6he): 31,5x24 (DSL) mm Dichteinlage: PE Aluminiumverschluss mit Schraubgewinde und mit der inneren [&hellip;]<\/p>\n","protected":false},"featured_media":2642,"comment_status":"open","ping_status":"closed","template":"","meta":[],"product_brand":[],"product_cat":[23,24],"product_tag":[],"class_list":{"0":"post-1395","1":"product","2":"type-product","3":"status-publish","4":"has-post-thumbnail","6":"product_cat-verschluesse","7":"product_cat-lebensmittel","8":"product_shipping_class-5-8-tage-lieferzeit","9":"pa_farbe-gold","10":"pa_farbe-silber","11":"pa_farbe-variabel","12":"pa_form-rund","13":"pa_gewinde-pp-31-5","14":"pa_material-aluminium","16":"first","17":"instock","18":"taxable","19":"shipping-taxable","20":"product-type-simple"},"_links":{"self":[{"href":"https:\/\/supermatic.ch\/fr\/wp-json\/wp\/v2\/product\/1395","targetHints":{"allow":["GET"]}}],"collection":[{"href":"https:\/\/supermatic.ch\/fr\/wp-json\/wp\/v2\/product"}],"about":[{"href":"https:\/\/supermatic.ch\/fr\/wp-json\/wp\/v2\/types\/product"}],"replies":[{"embeddable":true,"href":"https:\/\/supermatic.ch\/fr\/wp-json\/wp\/v2\/comments?post=1395"}],"wp:featuredmedia":[{"embeddable":true,"href":"https:\/\/supermatic.ch\/fr\/wp-json\/wp\/v2\/media\/2642"}],"wp:attachment":[{"href":"https:\/\/supermatic.ch\/fr\/wp-json\/wp\/v2\/media?parent=1395"}],"wp:term":[{"taxonomy":"product_brand","embeddable":true,"href":"https:\/\/supermatic.ch\/fr\/wp-json\/wp\/v2\/product_brand?post=1395"},{"taxonomy":"product_cat","embeddable":true,"href":"https:\/\/supermatic.ch\/fr\/wp-json\/wp\/v2\/product_cat?post=1395"},{"taxonomy":"product_tag","embeddable":true,"href":"https:\/\/supermatic.ch\/fr\/wp-json\/wp\/v2\/product_tag?post=1395"}],"curies":[{"name":"wp","href":"https:\/\/api.w.org\/{rel}","templated":true}]}}