{"id":1403,"date":"2022-10-03T18:40:11","date_gmt":"2022-10-03T16:40:11","guid":{"rendered":"https:\/\/supermatic.ch\/produkt\/aluminiumverschluss-alpla-hl-28-x-175mm\/"},"modified":"2024-10-03T12:10:23","modified_gmt":"2024-10-03T10:10:23","slug":"fermeture-aluminium-alpla-hl-28-x-175mm","status":"publish","type":"product","link":"https:\/\/supermatic.ch\/fr\/produkte\/verschluesse\/aluminiumverschluss-alpla-hl-28-x-175mm\/","title":{"rendered":"Fermeture en aluminium - ALPLA-HL - 28 x 17,5mm"},"content":{"rendered":"<p>Dimensions (diam\u00e8tre x hauteur) : 28x17,5mm<br \/>\nMat\u00e9riau : alliage d'aluminium<br \/>\nInsert d'\u00e9tanch\u00e9it\u00e9 : PVC \/ PVC free<\/p>\n<p>Bouchon \u00e0 visser \u00e0 pression en aluminium avec rondelle d'\u00e9tanch\u00e9it\u00e9 en PE ou PVC pour boissons gazeuses ou produits laitiers.<\/p>\n<p>La fermeture peut \u00eatre adapt\u00e9e selon les souhaits du client, par exemple avec une impression unicolore ou multicolore ou avec une impression UV.<\/p>\n<p><strong><span lang=\"DE\" xml:lang=\"DE\">Emballage<\/span><\/strong>:<\/p>\n<p>Nombre de pi\u00e8ces dans le carton : 4'600 pcs.<br \/>\nDimensions du carton : 600x400x360 mm<br \/>\nQuantit\u00e9 de palettes : 110'400 <span class=\"table-hili2\">pcs.<br \/>\n<\/span>Dimensions de la palette : 800x1200x2140 mm<\/p>\n<p>autres couleurs sur demande !<\/p>","protected":false},"excerpt":{"rendered":"<p>Abmessung (Durchmesser x\u00a0 H\u00f6he): 28x17,5mm Material: Aluminiumlegierung Dichteinlage: PVC \/ PVC free Alu-Druckschraubverschluss mit PE oder [&hellip;]<\/p>\n","protected":false},"featured_media":2578,"comment_status":"open","ping_status":"closed","template":"","meta":[],"product_brand":[],"product_cat":[23,24],"product_tag":[],"class_list":{"0":"post-1403","1":"product","2":"type-product","3":"status-publish","4":"has-post-thumbnail","6":"product_cat-verschluesse","7":"product_cat-lebensmittel","8":"product_shipping_class-1-3-tage-lieferzeit","9":"pa_farbe-gold","10":"pa_farbe-variabel","11":"pa_form-rund","12":"pa_gewinde-pp-28","13":"pa_material-aluminium","15":"first","16":"instock","17":"taxable","18":"shipping-taxable","19":"purchasable","20":"product-type-simple"},"_links":{"self":[{"href":"https:\/\/supermatic.ch\/fr\/wp-json\/wp\/v2\/product\/1403","targetHints":{"allow":["GET"]}}],"collection":[{"href":"https:\/\/supermatic.ch\/fr\/wp-json\/wp\/v2\/product"}],"about":[{"href":"https:\/\/supermatic.ch\/fr\/wp-json\/wp\/v2\/types\/product"}],"replies":[{"embeddable":true,"href":"https:\/\/supermatic.ch\/fr\/wp-json\/wp\/v2\/comments?post=1403"}],"wp:featuredmedia":[{"embeddable":true,"href":"https:\/\/supermatic.ch\/fr\/wp-json\/wp\/v2\/media\/2578"}],"wp:attachment":[{"href":"https:\/\/supermatic.ch\/fr\/wp-json\/wp\/v2\/media?parent=1403"}],"wp:term":[{"taxonomy":"product_brand","embeddable":true,"href":"https:\/\/supermatic.ch\/fr\/wp-json\/wp\/v2\/product_brand?post=1403"},{"taxonomy":"product_cat","embeddable":true,"href":"https:\/\/supermatic.ch\/fr\/wp-json\/wp\/v2\/product_cat?post=1403"},{"taxonomy":"product_tag","embeddable":true,"href":"https:\/\/supermatic.ch\/fr\/wp-json\/wp\/v2\/product_tag?post=1403"}],"curies":[{"name":"wp","href":"https:\/\/api.w.org\/{rel}","templated":true}]}}