{"id":1433,"date":"2022-10-03T18:40:19","date_gmt":"2022-10-03T16:40:19","guid":{"rendered":"https:\/\/supermatic.ch\/produkt\/aluminiumverschluss-35-x-18mm\/"},"modified":"2024-10-03T12:10:22","modified_gmt":"2024-10-03T10:10:22","slug":"fermeture-en-aluminium-35-x-18mm","status":"publish","type":"product","link":"https:\/\/supermatic.ch\/fr\/produkte\/verschluesse\/aluminiumverschluss-35-x-18mm\/","title":{"rendered":"Fermeture en aluminium - 35 x 18mm"},"content":{"rendered":"<p>Dimensions (diam\u00e8tre x hauteur) : 35x18mm<br \/>\nInsert d'\u00e9tanch\u00e9it\u00e9 : EPE<\/p>\n<p>Bouchon \u00e0 visser en aluminium avec garniture d'\u00e9tanch\u00e9it\u00e9 en PE.<\/p>\n<p>La fermeture peut \u00eatre adapt\u00e9e selon les souhaits du client, par exemple avec une impression unicolore ou multicolore, avec une impression UV, avec un relief sup\u00e9rieur ou avec une coupe lat\u00e9rale.<\/p>\n<p>&nbsp;<\/p>\n<p><strong><span lang=\"DE\" xml:lang=\"DE\">Emballage<\/span><\/strong>:<\/p>\n<p>Nombre de pi\u00e8ces dans le carton : sur demande<br \/>\nDimensions du carton : 600x400x360 mm<br \/>\nQuantit\u00e9 de palettes : sur demande<br \/>\nPalettenabmessung: 800x1200x2140mm<\/p>\n<p>autres couleurs sur demande !<\/p>","protected":false},"excerpt":{"rendered":"<p>Abmessung (Durchmesser x\u00a0 H\u00f6he): 35x18mm Dichteinlage: EPE Alu-Schraubverschluss mit PE-Dichteinlage. Der Verschluss kann nach Kundenwunsch angepasst [&hellip;]<\/p>\n","protected":false},"featured_media":2650,"comment_status":"open","ping_status":"closed","template":"","meta":[],"product_brand":[],"product_cat":[23,24],"product_tag":[],"class_list":{"0":"post-1433","1":"product","2":"type-product","3":"status-publish","4":"has-post-thumbnail","6":"product_cat-verschluesse","7":"product_cat-lebensmittel","8":"product_shipping_class-1-3-tage-lieferzeit","9":"pa_farbe-gold","10":"pa_farbe-variabel","11":"pa_form-rund","12":"pa_gewinde-pp-35","13":"pa_material-aluminium","15":"first","16":"instock","17":"taxable","18":"shipping-taxable","19":"product-type-simple"},"_links":{"self":[{"href":"https:\/\/supermatic.ch\/fr\/wp-json\/wp\/v2\/product\/1433","targetHints":{"allow":["GET"]}}],"collection":[{"href":"https:\/\/supermatic.ch\/fr\/wp-json\/wp\/v2\/product"}],"about":[{"href":"https:\/\/supermatic.ch\/fr\/wp-json\/wp\/v2\/types\/product"}],"replies":[{"embeddable":true,"href":"https:\/\/supermatic.ch\/fr\/wp-json\/wp\/v2\/comments?post=1433"}],"wp:featuredmedia":[{"embeddable":true,"href":"https:\/\/supermatic.ch\/fr\/wp-json\/wp\/v2\/media\/2650"}],"wp:attachment":[{"href":"https:\/\/supermatic.ch\/fr\/wp-json\/wp\/v2\/media?parent=1433"}],"wp:term":[{"taxonomy":"product_brand","embeddable":true,"href":"https:\/\/supermatic.ch\/fr\/wp-json\/wp\/v2\/product_brand?post=1433"},{"taxonomy":"product_cat","embeddable":true,"href":"https:\/\/supermatic.ch\/fr\/wp-json\/wp\/v2\/product_cat?post=1433"},{"taxonomy":"product_tag","embeddable":true,"href":"https:\/\/supermatic.ch\/fr\/wp-json\/wp\/v2\/product_tag?post=1433"}],"curies":[{"name":"wp","href":"https:\/\/api.w.org\/{rel}","templated":true}]}}