{"id":1439,"date":"2022-10-03T18:40:19","date_gmt":"2022-10-03T16:40:19","guid":{"rendered":"https:\/\/supermatic.ch\/produkt\/aluminiumschraubverschluss-mit-rollrand-63-x-11mm\/"},"modified":"2024-10-03T12:10:22","modified_gmt":"2024-10-03T10:10:22","slug":"vis-aluminium-avec-bord-de-roulis-63-x-11mm","status":"publish","type":"product","link":"https:\/\/supermatic.ch\/fr\/produkte\/verschluesse\/aluminium-schraubverschluss-rollrand-63-x-11mm\/","title":{"rendered":"Fermeture \u00e0 vis en aluminium avec bord roul\u00e9 - 63 x 11mm"},"content":{"rendered":"<p><strong>Bouchon \u00e0 vis en aluminium avec joint EPE (63x11mm)<\/strong><br \/>\nCe bouchon en aluminium est dot\u00e9 d'un filetage, d'un bord roul\u00e9 et d'un joint EPE. Le bouchon peut \u00eatre fabriqu\u00e9 en diff\u00e9rentes couleurs et peut \u00eatre pourvu d'un haut-relief selon les souhaits du client.<\/p>\n<p>Dimensions (diam\u00e8tre x hauteur) : 63x11mm<br \/>\nInsert d'\u00e9tanch\u00e9it\u00e9 : EPE<\/p>\n<p>D\u00e9tails de l'emballage :<br \/>\n- Nombre de pi\u00e8ces par carton : 1.000 pi\u00e8ces<br \/>\n- Dimensions du carton : 600x400x360 mm<br \/>\n- Nombre de pi\u00e8ces par palette : 24.000 pi\u00e8ces<br \/>\n- Dimensions des palettes : 800x1200x2140 mm<\/p>\n<p>autres couleurs sur demande !<\/p>","protected":false},"excerpt":{"rendered":"<p>Aluminium-Schraubverschluss mit EPE-Dichtung (63x11mm) Dieser Aluminiumverschluss hat ein Schraubgewinde, einen Rollrand und eine EPE-Dichtung. Der Verschluss [&hellip;]<\/p>\n","protected":false},"featured_media":2655,"comment_status":"open","ping_status":"closed","template":"","meta":[],"product_brand":[],"product_cat":[23,26,25,24],"product_tag":[],"class_list":{"0":"post-1439","1":"product","2":"type-product","3":"status-publish","4":"has-post-thumbnail","6":"product_cat-verschluesse","7":"product_cat-chemikalien","8":"product_cat-kosmetik","9":"product_cat-lebensmittel","10":"product_shipping_class-1-3-tage-lieferzeit","11":"pa_farbe-silber","12":"pa_farbe-variabel","13":"pa_form-rund","14":"pa_gewinde-gl-63","15":"pa_material-aluminium","17":"first","18":"instock","19":"taxable","20":"shipping-taxable","21":"product-type-simple"},"_links":{"self":[{"href":"https:\/\/supermatic.ch\/fr\/wp-json\/wp\/v2\/product\/1439","targetHints":{"allow":["GET"]}}],"collection":[{"href":"https:\/\/supermatic.ch\/fr\/wp-json\/wp\/v2\/product"}],"about":[{"href":"https:\/\/supermatic.ch\/fr\/wp-json\/wp\/v2\/types\/product"}],"replies":[{"embeddable":true,"href":"https:\/\/supermatic.ch\/fr\/wp-json\/wp\/v2\/comments?post=1439"}],"wp:featuredmedia":[{"embeddable":true,"href":"https:\/\/supermatic.ch\/fr\/wp-json\/wp\/v2\/media\/2655"}],"wp:attachment":[{"href":"https:\/\/supermatic.ch\/fr\/wp-json\/wp\/v2\/media?parent=1439"}],"wp:term":[{"taxonomy":"product_brand","embeddable":true,"href":"https:\/\/supermatic.ch\/fr\/wp-json\/wp\/v2\/product_brand?post=1439"},{"taxonomy":"product_cat","embeddable":true,"href":"https:\/\/supermatic.ch\/fr\/wp-json\/wp\/v2\/product_cat?post=1439"},{"taxonomy":"product_tag","embeddable":true,"href":"https:\/\/supermatic.ch\/fr\/wp-json\/wp\/v2\/product_tag?post=1439"}],"curies":[{"name":"wp","href":"https:\/\/api.w.org\/{rel}","templated":true}]}}