{"id":1450,"date":"2022-10-03T18:40:19","date_gmt":"2022-10-03T16:40:19","guid":{"rendered":"https:\/\/supermatic.ch\/produkt\/gewuerzstreuer-mit-schwarzem-kunststoffeinsatz\/"},"modified":"2024-10-03T12:10:22","modified_gmt":"2024-10-03T10:10:22","slug":"saupoudreuse-a-epices-avec-insert-en-plastique-noir","status":"publish","type":"product","link":"https:\/\/supermatic.ch\/fr\/produkte\/dosen\/gewuerzstreuer-mit-schwarzem-kunststoffeinsatz\/","title":{"rendered":"Sali\u00e8re \u00e0 \u00e9pices avec insert noir pour saupoudrage\/plastique, 54 x 90mm"},"content":{"rendered":"<p>\u00c9pandeur rond avec couvercle cloche,<br \/>\nen fer blanc \u00e9lectrolytique,<br \/>\navec insert en plastique noir<\/p>\n<p>masse :<br \/>\nhauteur 90mm<br \/>\ndiam\u00e8tre 54mm<\/p>\n<p>Quantit\u00e9 par unit\u00e9 : 36pcs<\/p>","protected":false},"excerpt":{"rendered":"<p>Rundstreuer mit St\u00fclpdeckel, aus elektrolytischem Weissblech, mit schwarzem Kunststoffeinsatz Masse: H\u00f6he 90mm Durchmesser 54mm Menge pro [&hellip;]<\/p>\n","protected":false},"featured_media":3216,"comment_status":"open","ping_status":"closed","template":"","meta":[],"product_brand":[],"product_cat":[19,24],"product_tag":[],"class_list":{"0":"post-1450","1":"product","2":"type-product","3":"status-publish","4":"has-post-thumbnail","6":"product_cat-dosen","7":"product_cat-lebensmittel","8":"product_shipping_class-1-3-tage-lieferzeit","9":"pa_farbe-silber","10":"pa_material-weissblech","12":"first","13":"instock","14":"taxable","15":"shipping-taxable","16":"purchasable","17":"product-type-variable"},"_links":{"self":[{"href":"https:\/\/supermatic.ch\/fr\/wp-json\/wp\/v2\/product\/1450","targetHints":{"allow":["GET"]}}],"collection":[{"href":"https:\/\/supermatic.ch\/fr\/wp-json\/wp\/v2\/product"}],"about":[{"href":"https:\/\/supermatic.ch\/fr\/wp-json\/wp\/v2\/types\/product"}],"replies":[{"embeddable":true,"href":"https:\/\/supermatic.ch\/fr\/wp-json\/wp\/v2\/comments?post=1450"}],"wp:featuredmedia":[{"embeddable":true,"href":"https:\/\/supermatic.ch\/fr\/wp-json\/wp\/v2\/media\/3216"}],"wp:attachment":[{"href":"https:\/\/supermatic.ch\/fr\/wp-json\/wp\/v2\/media?parent=1450"}],"wp:term":[{"taxonomy":"product_brand","embeddable":true,"href":"https:\/\/supermatic.ch\/fr\/wp-json\/wp\/v2\/product_brand?post=1450"},{"taxonomy":"product_cat","embeddable":true,"href":"https:\/\/supermatic.ch\/fr\/wp-json\/wp\/v2\/product_cat?post=1450"},{"taxonomy":"product_tag","embeddable":true,"href":"https:\/\/supermatic.ch\/fr\/wp-json\/wp\/v2\/product_tag?post=1450"}],"curies":[{"name":"wp","href":"https:\/\/api.w.org\/{rel}","templated":true}]}}