{"id":1453,"date":"2022-10-03T18:40:19","date_gmt":"2022-10-03T16:40:19","guid":{"rendered":"https:\/\/supermatic.ch\/produkt\/streuer-13-loch\/"},"modified":"2024-10-03T12:10:22","modified_gmt":"2024-10-03T10:10:22","slug":"epandeur-13-trous","status":"publish","type":"product","link":"https:\/\/supermatic.ch\/fr\/produkte\/dosen\/streuer-13-loch\/","title":{"rendered":"Epandeur en fer blanc, 13 trous"},"content":{"rendered":"<p>\u00c9pandeur en fer blanc \u00e9lectrolytique,<br \/>\navec insert d'\u00e9pandage \u00e0 13 ouvertures,<br \/>\navec couvercle coiffant,<br \/>\navec vernis de protection<\/p>\n<p>masse :<br \/>\nhauteur 63mm<br \/>\ndiam\u00e8tre 45mm<\/p>\n<p>Quantit\u00e9 par unit\u00e9 : 36pcs<\/p>","protected":false},"excerpt":{"rendered":"<p>Streuer\u00a0aus elektrolytischem Weissblech, mit Streueinsatz mit 13 \u00d6ffnungen, mit St\u00fclpdeckel, mit Schutzlack Masse: H\u00f6he 63mm Durchmesser [&hellip;]<\/p>\n","protected":false},"featured_media":2675,"comment_status":"open","ping_status":"closed","template":"","meta":[],"product_brand":[],"product_cat":[19,24],"product_tag":[438,437,440,439],"class_list":{"0":"post-1453","1":"product","2":"type-product","3":"status-publish","4":"has-post-thumbnail","6":"product_cat-dosen","7":"product_cat-lebensmittel","8":"product_tag-gewuerze","9":"product_tag-streuer","10":"product_tag-streuwuerze","11":"product_tag-weissblech","12":"product_shipping_class-1-3-tage-lieferzeit","13":"pa_farbe-silber","14":"pa_material-weissblech","16":"first","17":"instock","18":"taxable","19":"shipping-taxable","20":"purchasable","21":"product-type-variable"},"_links":{"self":[{"href":"https:\/\/supermatic.ch\/fr\/wp-json\/wp\/v2\/product\/1453","targetHints":{"allow":["GET"]}}],"collection":[{"href":"https:\/\/supermatic.ch\/fr\/wp-json\/wp\/v2\/product"}],"about":[{"href":"https:\/\/supermatic.ch\/fr\/wp-json\/wp\/v2\/types\/product"}],"replies":[{"embeddable":true,"href":"https:\/\/supermatic.ch\/fr\/wp-json\/wp\/v2\/comments?post=1453"}],"wp:featuredmedia":[{"embeddable":true,"href":"https:\/\/supermatic.ch\/fr\/wp-json\/wp\/v2\/media\/2675"}],"wp:attachment":[{"href":"https:\/\/supermatic.ch\/fr\/wp-json\/wp\/v2\/media?parent=1453"}],"wp:term":[{"taxonomy":"product_brand","embeddable":true,"href":"https:\/\/supermatic.ch\/fr\/wp-json\/wp\/v2\/product_brand?post=1453"},{"taxonomy":"product_cat","embeddable":true,"href":"https:\/\/supermatic.ch\/fr\/wp-json\/wp\/v2\/product_cat?post=1453"},{"taxonomy":"product_tag","embeddable":true,"href":"https:\/\/supermatic.ch\/fr\/wp-json\/wp\/v2\/product_tag?post=1453"}],"curies":[{"name":"wp","href":"https:\/\/api.w.org\/{rel}","templated":true}]}}