{"id":146,"date":"2022-08-18T16:48:56","date_gmt":"2022-08-18T14:48:56","guid":{"rendered":"https:\/\/supermatic.ch\/?post_type=product&#038;p=146"},"modified":"2025-05-09T15:59:03","modified_gmt":"2025-05-09T13:59:03","slug":"500ml-sachet-rechargeable-blanc","status":"publish","type":"product","link":"https:\/\/supermatic.ch\/fr\/produkte\/beutel\/500ml-nachfuellbeutel-weiss\/","title":{"rendered":"Sachet \u00e0 fond plat\/recharge de 500ml PE blanc mat, avec bouchon blanc"},"content":{"rendered":"<p>Sacs \u00e0 fond plat en PE Mono,<br \/>\nblanc mat semi-transparent,<br \/>\nouverture lat\u00e9rale \u00e0 45 degr\u00e9s,<br \/>\nDiam\u00e8tre d'ouverture 16mm,<br \/>\nRemplissage par filetage,<br \/>\nQuantit\u00e9 de remplissage 500ml,<br \/>\n\u00c9paisseur du mat\u00e9riau 150my,<br \/>\nBouchon \u00e0 vis blanc avec bague de garantie,<\/p>\n<p>Longueur : 210x140mm + 40mmx2 (pli de fond)<\/p>\n<p>Unit\u00e9 d'emballage : <\/p>\n<p>Livrable sur demande - env. juillet 2024.<\/p>\n<p>D\u00e9couvrez notre sachet \u00e0 fond plat robuste Mono PE blanc mat. Le sachet recharge est id\u00e9al pour la conservation de shampooing, gel douche, savon liquide, lotions, produits de nettoyage et autres produits liquides. La fermeture avec rainures verticales et anneau de garantie garantit une manipulation simple et s\u00fbre, id\u00e9ale pour un usage quotidien. La surface mate offre en outre un toucher tr\u00e8s agr\u00e9able et de qualit\u00e9.<\/p>\n<p>Que ce soit pour un usage personnel, dans la restauration ou l'industrie, ce sachet de recharge est la solution parfaite pour stocker et recharger des produits de mani\u00e8re s\u00fbre, hygi\u00e9nique et efficace. <\/p>\n<p>Gr\u00e2ce \u00e0 son faible poids et \u00e0 sa conception, le sac est facile \u00e0 recycler et peut \u00eatre tri\u00e9.<\/p>","protected":false},"excerpt":{"rendered":"<p>Mono PE-Standbodenbeutel, weiss matt halbtransparent, seitliche \u00d6ffnung 45Grad, \u00d6ffnungsdurchmesser 16mm, Bef\u00fcllung durch Gewinde, F\u00fcllmenge 500ml, Materialst\u00e4rke [&hellip;]<\/p>\n","protected":false},"featured_media":5919,"comment_status":"open","ping_status":"closed","template":"","meta":[],"product_brand":[],"product_cat":[27,26],"product_tag":[],"class_list":{"0":"post-146","1":"product","2":"type-product","3":"status-publish","4":"has-post-thumbnail","6":"product_cat-beutel","7":"product_cat-chemikalien","8":"product_shipping_class-5-8-tage-lieferzeit","9":"pa_farbe-weiss","10":"pa_fuellmenge-58","11":"pa_gewinde-9-5mm","13":"first","14":"instock","15":"taxable","16":"shipping-taxable","17":"purchasable","18":"product-type-variable"},"_links":{"self":[{"href":"https:\/\/supermatic.ch\/fr\/wp-json\/wp\/v2\/product\/146","targetHints":{"allow":["GET"]}}],"collection":[{"href":"https:\/\/supermatic.ch\/fr\/wp-json\/wp\/v2\/product"}],"about":[{"href":"https:\/\/supermatic.ch\/fr\/wp-json\/wp\/v2\/types\/product"}],"replies":[{"embeddable":true,"href":"https:\/\/supermatic.ch\/fr\/wp-json\/wp\/v2\/comments?post=146"}],"wp:featuredmedia":[{"embeddable":true,"href":"https:\/\/supermatic.ch\/fr\/wp-json\/wp\/v2\/media\/5919"}],"wp:attachment":[{"href":"https:\/\/supermatic.ch\/fr\/wp-json\/wp\/v2\/media?parent=146"}],"wp:term":[{"taxonomy":"product_brand","embeddable":true,"href":"https:\/\/supermatic.ch\/fr\/wp-json\/wp\/v2\/product_brand?post=146"},{"taxonomy":"product_cat","embeddable":true,"href":"https:\/\/supermatic.ch\/fr\/wp-json\/wp\/v2\/product_cat?post=146"},{"taxonomy":"product_tag","embeddable":true,"href":"https:\/\/supermatic.ch\/fr\/wp-json\/wp\/v2\/product_tag?post=146"}],"curies":[{"name":"wp","href":"https:\/\/api.w.org\/{rel}","templated":true}]}}