{"id":1728,"date":"2022-10-03T18:52:00","date_gmt":"2022-10-03T16:52:00","guid":{"rendered":"https:\/\/supermatic.ch\/produkt\/sprueher-opus-funktion-spruehnebel-strahl-28-400\/"},"modified":"2025-03-03T10:55:21","modified_gmt":"2025-03-03T08:55:21","slug":"sprueher-opus-fonction-jet-de-brouillard-28-400","status":"publish","type":"product","link":"https:\/\/supermatic.ch\/fr\/produkte\/verschluesse\/sprueher\/sprueher-opus-nebel-strahl-rot\/","title":{"rendered":"Pulv\u00e9risateur OpUs Brume\/Jet rouge"},"content":{"rendered":"<p>Le pulv\u00e9risateur OpUs, dans sa combinaison de couleurs marquante rouge\/blanc\/nature, est un v\u00e9ritable atout, tant sur le plan visuel que fonctionnel. Gr\u00e2ce \u00e0 sa technologie de pr\u00e9-compression fiable, il assure un dosage pr\u00e9cis et r\u00e9gulier \u00e0 chaque pression. Son domaine d'utilisation polyvalent s'\u00e9tend des produits cosm\u00e9tiques aux produits de nettoyage. Gr\u00e2ce \u00e0 l'option de couper la colonne montante \u00e0 la longueur souhait\u00e9e, il offre des possibilit\u00e9s d'adaptation suppl\u00e9mentaires.<\/p>\n<p><strong>D\u00e9tails du produit :<\/strong><\/p>\n<ul>\n<li><strong>Mod\u00e8le<\/strong>: OpUs.<\/li>\n<li><strong>Fonction<\/strong>: Offre \u00e0 la fois un brouillard et un jet de pulv\u00e9risation.<\/li>\n<li><strong>Combinaison de couleurs<\/strong>Rouge, blanc, transparent.<\/li>\n<li><strong>\u00c9pandage<\/strong>: 1.3ml par pression.<\/li>\n<li><strong>Technologie<\/strong>: Avec pr\u00e9-compression pour un dosage r\u00e9gulier et pr\u00e9cis.<\/li>\n<li><strong>Levier<\/strong>: version standard.<\/li>\n<\/ul>\n<p><strong>Sp\u00e9cifications de la colonne montante :<\/strong><\/p>\n<ul>\n<li><strong>Longueur<\/strong>267mm.<\/li>\n<li><strong>Forme<\/strong>Courb\u00e9e.<\/li>\n<li>Remarque : les tubes de mont\u00e9e peuvent \u00eatre coup\u00e9s \u00e0 la longueur souhait\u00e9e.<\/li>\n<\/ul>\n<p>&nbsp;<\/p>","protected":false},"excerpt":{"rendered":"<p>Der OpUs Spr\u00fcher in der markanten Farbkombination Rot\/Weiss\/Natur ist sowohl optisch als auch funktional ein echtes [&hellip;]<\/p>\n","protected":false},"featured_media":3259,"comment_status":"open","ping_status":"closed","template":"","meta":[],"product_brand":[],"product_cat":[26,25,302],"product_tag":[],"class_list":{"0":"post-1728","1":"product","2":"type-product","3":"status-publish","4":"has-post-thumbnail","6":"product_cat-chemikalien","7":"product_cat-kosmetik","8":"product_cat-sprueher","9":"product_shipping_class-3-5-tage-lieferzeit","10":"pa_farbe-rot","11":"pa_farbe-weiss","12":"pa_gewinde-28-400","13":"pa_material-pp","15":"first","16":"instock","17":"taxable","18":"shipping-taxable","19":"purchasable","20":"product-type-variable"},"_links":{"self":[{"href":"https:\/\/supermatic.ch\/fr\/wp-json\/wp\/v2\/product\/1728","targetHints":{"allow":["GET"]}}],"collection":[{"href":"https:\/\/supermatic.ch\/fr\/wp-json\/wp\/v2\/product"}],"about":[{"href":"https:\/\/supermatic.ch\/fr\/wp-json\/wp\/v2\/types\/product"}],"replies":[{"embeddable":true,"href":"https:\/\/supermatic.ch\/fr\/wp-json\/wp\/v2\/comments?post=1728"}],"wp:featuredmedia":[{"embeddable":true,"href":"https:\/\/supermatic.ch\/fr\/wp-json\/wp\/v2\/media\/3259"}],"wp:attachment":[{"href":"https:\/\/supermatic.ch\/fr\/wp-json\/wp\/v2\/media?parent=1728"}],"wp:term":[{"taxonomy":"product_brand","embeddable":true,"href":"https:\/\/supermatic.ch\/fr\/wp-json\/wp\/v2\/product_brand?post=1728"},{"taxonomy":"product_cat","embeddable":true,"href":"https:\/\/supermatic.ch\/fr\/wp-json\/wp\/v2\/product_cat?post=1728"},{"taxonomy":"product_tag","embeddable":true,"href":"https:\/\/supermatic.ch\/fr\/wp-json\/wp\/v2\/product_tag?post=1728"}],"curies":[{"name":"wp","href":"https:\/\/api.w.org\/{rel}","templated":true}]}}