{"id":1827,"date":"2022-10-03T18:52:35","date_gmt":"2022-10-03T16:52:35","guid":{"rendered":"https:\/\/supermatic.ch\/produkt\/500ml-pet-flasche-inkl-seifendispenser-weiss-gewinde-28-410\/"},"modified":"2024-10-03T12:05:48","modified_gmt":"2024-10-03T10:05:48","slug":"500ml-bouteille-pet-distributeur-de-savon-blanc-filet-28-410","status":"publish","type":"product","link":"https:\/\/supermatic.ch\/fr\/produkte\/verschluesse\/dispenser-und-pumpen\/500ml-pet-flasche-seifendispenser-weiss\/","title":{"rendered":"Bouteille PET 500ml avec distributeur de savon Blanc 28\/410"},"content":{"rendered":"<p><strong>Bouteille PET de 500 ml avec distributeur de savon blanc 28\/410<\/strong><\/p>\n<p>bouteille :<br \/>\n- Volume nominal : 500ml<br \/>\n- volume de d\u00e9bordement : 535ml<br \/>\n- Filetage : 28\/410<br \/>\n- diam\u00e8tre : 70mm<br \/>\n- hauteur : 168mm<br \/>\n- Num\u00e9ro d'article : 9008Z22<\/p>\n<p>Distributeur de savon :<br \/>\n- Couleur : Blanc<br \/>\n- Surface ext\u00e9rieure : Lisse<br \/>\n- Num\u00e9ro d'article : 9016Z16<\/p>\n<p>Ce set se compose d'une bouteille PET de 500 ml et d'un distributeur de savon blanc assorti. Il est id\u00e9al pour le stockage et le dosage de savons, lotions et autres liquides. Le distributeur a une surface ext\u00e9rieure lisse et est facile \u00e0 nettoyer.<\/p>","protected":false},"excerpt":{"rendered":"<p>500ml PET-Flasche inkl. wei\u00dfem Seifendispenser 28\/410 Flasche: - Nennvolumen: 500ml - \u00dcberlaufvolumen: 535ml - Gewinde: 28\/410 [&hellip;]<\/p>\n","protected":false},"featured_media":3279,"comment_status":"open","ping_status":"closed","template":"","meta":[],"product_brand":[],"product_cat":[26,301,15,25],"product_tag":[],"class_list":{"0":"post-1827","1":"product","2":"type-product","3":"status-publish","4":"has-post-thumbnail","6":"product_cat-chemikalien","7":"product_cat-dispenser-und-pumpen","8":"product_cat-flaschen","9":"product_cat-kosmetik","10":"product_shipping_class-5-8-tage-lieferzeit","11":"pa_farbe-transparent","12":"pa_farbe-weiss","13":"pa_gewinde-28-410","14":"pa_material-pet","16":"first","17":"instock","18":"taxable","19":"shipping-taxable","20":"purchasable","21":"product-type-variable"},"_links":{"self":[{"href":"https:\/\/supermatic.ch\/fr\/wp-json\/wp\/v2\/product\/1827","targetHints":{"allow":["GET"]}}],"collection":[{"href":"https:\/\/supermatic.ch\/fr\/wp-json\/wp\/v2\/product"}],"about":[{"href":"https:\/\/supermatic.ch\/fr\/wp-json\/wp\/v2\/types\/product"}],"replies":[{"embeddable":true,"href":"https:\/\/supermatic.ch\/fr\/wp-json\/wp\/v2\/comments?post=1827"}],"wp:featuredmedia":[{"embeddable":true,"href":"https:\/\/supermatic.ch\/fr\/wp-json\/wp\/v2\/media\/3279"}],"wp:attachment":[{"href":"https:\/\/supermatic.ch\/fr\/wp-json\/wp\/v2\/media?parent=1827"}],"wp:term":[{"taxonomy":"product_brand","embeddable":true,"href":"https:\/\/supermatic.ch\/fr\/wp-json\/wp\/v2\/product_brand?post=1827"},{"taxonomy":"product_cat","embeddable":true,"href":"https:\/\/supermatic.ch\/fr\/wp-json\/wp\/v2\/product_cat?post=1827"},{"taxonomy":"product_tag","embeddable":true,"href":"https:\/\/supermatic.ch\/fr\/wp-json\/wp\/v2\/product_tag?post=1827"}],"curies":[{"name":"wp","href":"https:\/\/api.w.org\/{rel}","templated":true}]}}