{"id":1836,"date":"2022-10-03T18:52:35","date_gmt":"2022-10-03T16:52:35","guid":{"rendered":"https:\/\/supermatic.ch\/produkt\/1000ml-pet-flasche-inkl-seifendispenser-weiss-gewinde-28-410\/"},"modified":"2024-10-03T12:05:48","modified_gmt":"2024-10-03T10:05:48","slug":"1000ml-bouteille-pet-distributeur-de-savon-blanc-filet-28-410","status":"publish","type":"product","link":"https:\/\/supermatic.ch\/fr\/produkte\/verschluesse\/dispenser-und-pumpen\/1000ml-pet-flasche-seifendispenser-schwarz\/","title":{"rendered":"Bouteille PET 1000ml avec distributeur de savon Noir 28\/410"},"content":{"rendered":"<p>La bouteille en PET de 1000 ml, d'un volume r\u00e9el (RV) de 1035 ml, est \u00e9quip\u00e9e d'un distributeur de savon noir de 280 mm. Le filetage de la bouteille est de 28\/410. Le distributeur de savon en noir \u00e9l\u00e9gant a une surface ext\u00e9rieure lisse et s'int\u00e8gre parfaitement dans tout environnement. Il est id\u00e9al pour une utilisation dans les cuisines, les salles de bains et les espaces de travail.<\/p>\n<p><strong><br \/>\nBouteille<br \/>\n<\/strong>Volume de la fermeture \u00e9clair : 1035ml<br \/>\nFiletage : 28\/410<br \/>\nDiam\u00e8tre : 87mm<br \/>\nhauteur : 210mm<\/p>\n<p><strong>Art. 9008Z23<\/strong><\/p>\n<p>Distributeur<br \/>\ncouleur noire<br \/>\nSurface ext\u00e9rieure lisse,<\/p>\n<p><strong>Art. 9016Z11<\/strong><\/p>","protected":false},"excerpt":{"rendered":"<p>Die 1000ml PET-Flasche, mit einem realen Volumen (RV) von 1035ml, ist inklusive einem schwarzen Seifendispenser ausgestattet. [&hellip;]<\/p>\n","protected":false},"featured_media":3280,"comment_status":"open","ping_status":"closed","template":"","meta":[],"product_brand":[],"product_cat":[15,26,301,25],"product_tag":[],"class_list":{"0":"post-1836","1":"product","2":"type-product","3":"status-publish","4":"has-post-thumbnail","6":"product_cat-flaschen","7":"product_cat-chemikalien","8":"product_cat-dispenser-und-pumpen","9":"product_cat-kosmetik","10":"product_shipping_class-5-8-tage-lieferzeit","11":"pa_farbe-schwarz","12":"pa_farbe-transparent","13":"pa_fuellmenge-91","14":"pa_gewinde-28-410","15":"pa_material-pet","17":"first","18":"instock","19":"taxable","20":"shipping-taxable","21":"purchasable","22":"product-type-variable"},"_links":{"self":[{"href":"https:\/\/supermatic.ch\/fr\/wp-json\/wp\/v2\/product\/1836","targetHints":{"allow":["GET"]}}],"collection":[{"href":"https:\/\/supermatic.ch\/fr\/wp-json\/wp\/v2\/product"}],"about":[{"href":"https:\/\/supermatic.ch\/fr\/wp-json\/wp\/v2\/types\/product"}],"replies":[{"embeddable":true,"href":"https:\/\/supermatic.ch\/fr\/wp-json\/wp\/v2\/comments?post=1836"}],"wp:featuredmedia":[{"embeddable":true,"href":"https:\/\/supermatic.ch\/fr\/wp-json\/wp\/v2\/media\/3280"}],"wp:attachment":[{"href":"https:\/\/supermatic.ch\/fr\/wp-json\/wp\/v2\/media?parent=1836"}],"wp:term":[{"taxonomy":"product_brand","embeddable":true,"href":"https:\/\/supermatic.ch\/fr\/wp-json\/wp\/v2\/product_brand?post=1836"},{"taxonomy":"product_cat","embeddable":true,"href":"https:\/\/supermatic.ch\/fr\/wp-json\/wp\/v2\/product_cat?post=1836"},{"taxonomy":"product_tag","embeddable":true,"href":"https:\/\/supermatic.ch\/fr\/wp-json\/wp\/v2\/product_tag?post=1836"}],"curies":[{"name":"wp","href":"https:\/\/api.w.org\/{rel}","templated":true}]}}