{"id":1873,"date":"2022-10-03T18:52:54","date_gmt":"2022-10-03T16:52:54","guid":{"rendered":"https:\/\/supermatic.ch\/produkt\/40ml-pet-flasche-m0401\/"},"modified":"2023-11-23T18:14:03","modified_gmt":"2023-11-23T16:14:03","slug":"40ml-pet-flasche-m0401","status":"publish","type":"product","link":"https:\/\/supermatic.ch\/fr\/produkte\/flaschen\/40ml-pet-flasche-m0401\/","title":{"rendered":"Flacon PET de 40 ml M0401"},"content":{"rendered":"<p>hauteur : 102.3mm<br \/>\nlongueur : 25mm<br \/>\nlargeur : 25mm<\/p>\n<p>Forme : carr\u00e9e<br \/>\nCouleurs : transparent et vert<\/p>\n<p>Petite bouteille en PET (PET miniature) pour le remplissage de boissons alcoolis\u00e9es et non alcoolis\u00e9es, de produits droguerie, pharmaceutiques et alimentaires.<\/p>\n<p><strong>Emballage :<br \/>\n<\/strong>Nombre de pi\u00e8ces dans la bo\u00eete : 1000pcs<br \/>\nKartonabmessungen: 580x400x450mm<br \/>\nQuantit\u00e9 par palette : 20000pcs<br \/>\nPalettenabmessungen: 1200x1000x1960mm<br \/>\nPoids de la palette : 225kg<\/p>","protected":false},"excerpt":{"rendered":"<p>H\u00f6he: 102.3mm L\u00e4nge: 25mm Breite: 25mm Form: quadratisch Farben: transparent und gr\u00fcn Kleine PET-Flasche (PET-Miniatur) f\u00fcr [&hellip;]<\/p>\n","protected":false},"featured_media":2864,"comment_status":"open","ping_status":"closed","template":"","meta":[],"product_brand":[],"product_cat":[15,24],"product_tag":[],"class_list":{"0":"post-1873","1":"product","2":"type-product","3":"status-publish","4":"has-post-thumbnail","6":"product_cat-flaschen","7":"product_cat-lebensmittel","8":"product_shipping_class-5-8-tage-lieferzeit","9":"pa_farbe-gruen","10":"pa_farbe-transparent","11":"pa_fuellmenge-42","12":"pa_gewinde-pp-18","13":"pa_material-pet","15":"first","16":"instock","17":"taxable","18":"shipping-taxable","19":"purchasable","20":"product-type-simple"},"_links":{"self":[{"href":"https:\/\/supermatic.ch\/fr\/wp-json\/wp\/v2\/product\/1873","targetHints":{"allow":["GET"]}}],"collection":[{"href":"https:\/\/supermatic.ch\/fr\/wp-json\/wp\/v2\/product"}],"about":[{"href":"https:\/\/supermatic.ch\/fr\/wp-json\/wp\/v2\/types\/product"}],"replies":[{"embeddable":true,"href":"https:\/\/supermatic.ch\/fr\/wp-json\/wp\/v2\/comments?post=1873"}],"wp:featuredmedia":[{"embeddable":true,"href":"https:\/\/supermatic.ch\/fr\/wp-json\/wp\/v2\/media\/2864"}],"wp:attachment":[{"href":"https:\/\/supermatic.ch\/fr\/wp-json\/wp\/v2\/media?parent=1873"}],"wp:term":[{"taxonomy":"product_brand","embeddable":true,"href":"https:\/\/supermatic.ch\/fr\/wp-json\/wp\/v2\/product_brand?post=1873"},{"taxonomy":"product_cat","embeddable":true,"href":"https:\/\/supermatic.ch\/fr\/wp-json\/wp\/v2\/product_cat?post=1873"},{"taxonomy":"product_tag","embeddable":true,"href":"https:\/\/supermatic.ch\/fr\/wp-json\/wp\/v2\/product_tag?post=1873"}],"curies":[{"name":"wp","href":"https:\/\/api.w.org\/{rel}","templated":true}]}}