{"id":1875,"date":"2022-10-03T18:52:54","date_gmt":"2022-10-03T16:52:54","guid":{"rendered":"https:\/\/supermatic.ch\/produkt\/10ml-pet-flasche-m0101\/"},"modified":"2023-11-23T18:14:03","modified_gmt":"2023-11-23T16:14:03","slug":"10ml-pet-flasche-m0101","status":"publish","type":"product","link":"https:\/\/supermatic.ch\/fr\/produkte\/flaschen\/10ml-pet-flasche-m0101\/","title":{"rendered":"Flacon PET de 10 ml M0101"},"content":{"rendered":"<p>hauteur : 50mm<br \/>\ndiam\u00e8tre : 21.8mm<br \/>\nforme : ronde<br \/>\nCouleurs : transparent et vert<\/p>\n<p>Petite bouteille en PET (PET miniature) pour le remplissage de boissons alcoolis\u00e9es et non alcoolis\u00e9es, de produits droguerie, pharmaceutiques et alimentaires.<\/p>\n<p><strong>Emballage :<br \/>\n<\/strong>Nombre de pi\u00e8ces dans la bo\u00eete : 3000pcs<br \/>\nKartonabmessungen: 580x400x450mm<br \/>\nQuantit\u00e9 de palettes : 60000pcs<br \/>\nPalettenabmessungen: 1200x1000x1960mm<br \/>\nPoids de la palette : 367kg<\/p>","protected":false},"excerpt":{"rendered":"<p>H\u00f6he: 50mm Durchmesser: 21.8mm Form: rund Farben: transparent und gr\u00fcn Kleine PET-Flasche (PET-Miniatur) f\u00fcr das Abf\u00fcllen [&hellip;]<\/p>\n","protected":false},"featured_media":2857,"comment_status":"open","ping_status":"closed","template":"","meta":[],"product_brand":[],"product_cat":[15,25,24],"product_tag":[],"class_list":{"0":"post-1875","1":"product","2":"type-product","3":"status-publish","4":"has-post-thumbnail","6":"product_cat-flaschen","7":"product_cat-kosmetik","8":"product_cat-lebensmittel","9":"product_shipping_class-5-8-tage-lieferzeit","10":"pa_farbe-gruen","11":"pa_farbe-transparent","12":"pa_fuellmenge-38","13":"pa_gewinde-pp-18","14":"pa_material-pet","16":"first","17":"instock","18":"taxable","19":"shipping-taxable","20":"purchasable","21":"product-type-simple"},"_links":{"self":[{"href":"https:\/\/supermatic.ch\/fr\/wp-json\/wp\/v2\/product\/1875","targetHints":{"allow":["GET"]}}],"collection":[{"href":"https:\/\/supermatic.ch\/fr\/wp-json\/wp\/v2\/product"}],"about":[{"href":"https:\/\/supermatic.ch\/fr\/wp-json\/wp\/v2\/types\/product"}],"replies":[{"embeddable":true,"href":"https:\/\/supermatic.ch\/fr\/wp-json\/wp\/v2\/comments?post=1875"}],"wp:featuredmedia":[{"embeddable":true,"href":"https:\/\/supermatic.ch\/fr\/wp-json\/wp\/v2\/media\/2857"}],"wp:attachment":[{"href":"https:\/\/supermatic.ch\/fr\/wp-json\/wp\/v2\/media?parent=1875"}],"wp:term":[{"taxonomy":"product_brand","embeddable":true,"href":"https:\/\/supermatic.ch\/fr\/wp-json\/wp\/v2\/product_brand?post=1875"},{"taxonomy":"product_cat","embeddable":true,"href":"https:\/\/supermatic.ch\/fr\/wp-json\/wp\/v2\/product_cat?post=1875"},{"taxonomy":"product_tag","embeddable":true,"href":"https:\/\/supermatic.ch\/fr\/wp-json\/wp\/v2\/product_tag?post=1875"}],"curies":[{"name":"wp","href":"https:\/\/api.w.org\/{rel}","templated":true}]}}