{"id":1897,"date":"2022-10-03T18:52:54","date_gmt":"2022-10-03T16:52:54","guid":{"rendered":"https:\/\/supermatic.ch\/produkt\/50ml-pet-flasche-m0511\/"},"modified":"2023-11-23T18:14:06","modified_gmt":"2023-11-23T16:14:06","slug":"flacon-pet-50ml-m0511","status":"publish","type":"product","link":"https:\/\/supermatic.ch\/fr\/produkte\/flaschen\/50ml-pet-flasche-m0511\/","title":{"rendered":"Flacon PET de 50 ml M0511"},"content":{"rendered":"<p>hauteur : 81mm<br \/>\ndiam\u00e8tre : 43mm<br \/>\nforme : ronde<br \/>\nCouleurs : transparent et vert<\/p>\n<p>Petite bouteille en PET (PET miniature) pour le remplissage de boissons alcoolis\u00e9es et non alcoolis\u00e9es, de produits droguerie, pharmaceutiques et alimentaires.<\/p>\n<p><strong>Emballage :<br \/>\n<\/strong>Nombre de pi\u00e8ces dans la bo\u00eete : 900pc<br \/>\nKartonabmessungen: 580x400x450mm<br \/>\nQuantit\u00e9 par palette : 18000pcs<br \/>\nPalettenabmessungen: 1200x1000x1960mm<br \/>\nPoids de la palette : 205kg<\/p>","protected":false},"excerpt":{"rendered":"<p>H\u00f6he: 81mm Durchmesser: 43mm Form: rund Farben: transparent und gr\u00fcn Kleine PET-Flasche (PET-Miniatur) f\u00fcr das Abf\u00fcllen [&hellip;]<\/p>\n","protected":false},"featured_media":2888,"comment_status":"open","ping_status":"closed","template":"","meta":[],"product_brand":[],"product_cat":[15,24],"product_tag":[],"class_list":{"0":"post-1897","1":"product","2":"type-product","3":"status-publish","4":"has-post-thumbnail","6":"product_cat-flaschen","7":"product_cat-lebensmittel","8":"product_shipping_class-5-8-tage-lieferzeit","10":"first","11":"instock","12":"taxable","13":"shipping-taxable","14":"purchasable","15":"product-type-simple"},"_links":{"self":[{"href":"https:\/\/supermatic.ch\/fr\/wp-json\/wp\/v2\/product\/1897","targetHints":{"allow":["GET"]}}],"collection":[{"href":"https:\/\/supermatic.ch\/fr\/wp-json\/wp\/v2\/product"}],"about":[{"href":"https:\/\/supermatic.ch\/fr\/wp-json\/wp\/v2\/types\/product"}],"replies":[{"embeddable":true,"href":"https:\/\/supermatic.ch\/fr\/wp-json\/wp\/v2\/comments?post=1897"}],"wp:featuredmedia":[{"embeddable":true,"href":"https:\/\/supermatic.ch\/fr\/wp-json\/wp\/v2\/media\/2888"}],"wp:attachment":[{"href":"https:\/\/supermatic.ch\/fr\/wp-json\/wp\/v2\/media?parent=1897"}],"wp:term":[{"taxonomy":"product_brand","embeddable":true,"href":"https:\/\/supermatic.ch\/fr\/wp-json\/wp\/v2\/product_brand?post=1897"},{"taxonomy":"product_cat","embeddable":true,"href":"https:\/\/supermatic.ch\/fr\/wp-json\/wp\/v2\/product_cat?post=1897"},{"taxonomy":"product_tag","embeddable":true,"href":"https:\/\/supermatic.ch\/fr\/wp-json\/wp\/v2\/product_tag?post=1897"}],"curies":[{"name":"wp","href":"https:\/\/api.w.org\/{rel}","templated":true}]}}