{"id":1903,"date":"2022-10-03T18:53:00","date_gmt":"2022-10-03T16:53:00","guid":{"rendered":"https:\/\/supermatic.ch\/produkt\/20ml-pet-flasche-m0206\/"},"modified":"2023-11-23T18:13:59","modified_gmt":"2023-11-23T16:13:59","slug":"20ml-pet-flasche-m0206","status":"publish","type":"product","link":"https:\/\/supermatic.ch\/fr\/produkte\/flaschen\/20ml-pet-flasche-m0206\/","title":{"rendered":"Bouteille en verre de 20 ml"},"content":{"rendered":"<p>hauteur : 104mm<br \/>\nDiam\u00e8tre : 26.3mm<br \/>\nforme : ronde<\/p>\n<p>Petite bouteille en verre (miniature en verre) pour le remplissage de boissons alcoolis\u00e9es et non alcoolis\u00e9es, de produits droguerie, pharmaceutiques et alimentaires.<\/p>\n<p>&nbsp;<\/p>\n<p><strong>Emballage :<br \/>\n<\/strong>Quantit\u00e9 par palette : 17136pcs.<br \/>\nPoids de la palette : 934kg<\/p>","protected":false},"excerpt":{"rendered":"<p>H\u00f6he: 104mm Durchmesser: 26.3mm Form: rund Kleine Glasflasche (Glasminiatur) f\u00fcr das Abf\u00fcllen von alkoholischen und alkoholfreien [&hellip;]<\/p>\n","protected":false},"featured_media":2753,"comment_status":"open","ping_status":"closed","template":"","meta":[],"product_brand":[],"product_cat":[15,24],"product_tag":[],"class_list":{"0":"post-1903","1":"product","2":"type-product","3":"status-publish","4":"has-post-thumbnail","6":"product_cat-flaschen","7":"product_cat-lebensmittel","8":"product_shipping_class-5-8-tage-lieferzeit","9":"pa_farbe-braun","10":"pa_farbe-transparent","11":"pa_fuellmenge-39","12":"pa_gewinde-pp-18","13":"pa_material-glas","15":"first","16":"instock","17":"taxable","18":"shipping-taxable","19":"purchasable","20":"product-type-simple"},"_links":{"self":[{"href":"https:\/\/supermatic.ch\/fr\/wp-json\/wp\/v2\/product\/1903","targetHints":{"allow":["GET"]}}],"collection":[{"href":"https:\/\/supermatic.ch\/fr\/wp-json\/wp\/v2\/product"}],"about":[{"href":"https:\/\/supermatic.ch\/fr\/wp-json\/wp\/v2\/types\/product"}],"replies":[{"embeddable":true,"href":"https:\/\/supermatic.ch\/fr\/wp-json\/wp\/v2\/comments?post=1903"}],"wp:featuredmedia":[{"embeddable":true,"href":"https:\/\/supermatic.ch\/fr\/wp-json\/wp\/v2\/media\/2753"}],"wp:attachment":[{"href":"https:\/\/supermatic.ch\/fr\/wp-json\/wp\/v2\/media?parent=1903"}],"wp:term":[{"taxonomy":"product_brand","embeddable":true,"href":"https:\/\/supermatic.ch\/fr\/wp-json\/wp\/v2\/product_brand?post=1903"},{"taxonomy":"product_cat","embeddable":true,"href":"https:\/\/supermatic.ch\/fr\/wp-json\/wp\/v2\/product_cat?post=1903"},{"taxonomy":"product_tag","embeddable":true,"href":"https:\/\/supermatic.ch\/fr\/wp-json\/wp\/v2\/product_tag?post=1903"}],"curies":[{"name":"wp","href":"https:\/\/api.w.org\/{rel}","templated":true}]}}