{"id":191,"date":"2022-08-26T12:58:50","date_gmt":"2022-08-26T10:58:50","guid":{"rendered":"https:\/\/supermatic.ch\/?post_type=product&#038;p=191"},"modified":"2024-10-03T12:10:36","modified_gmt":"2024-10-03T10:10:36","slug":"fermeture-en-aluminium-18-x-12mm","status":"publish","type":"product","link":"https:\/\/supermatic.ch\/fr\/produkte\/lebensmittel\/aluminiumverschluss-18-x-12mm\/","title":{"rendered":"Fermeture en aluminium - 18 x 12mm"},"content":{"rendered":"<p>Ce bouchon en aluminium dispose d'un filetage et d'une bague de s\u00e9curit\u00e9. Des adaptations, telles que des impressions ou des reliefs, sont possibles sur demande du client.<\/p>\n<p><strong>Fermeture en aluminium - 18 x 12mm<\/strong><\/p>\n<ul>\n<li>Dimensions : 18x12mm<\/li>\n<li>Bouche : PP 18<\/li>\n<li>Mat\u00e9riau : alliage d'aluminium<\/li>\n<li>Joint d'\u00e9tanch\u00e9it\u00e9 : EPE<\/li>\n<\/ul>\n<p><strong>Emballage<\/strong>:<\/p>\n<ul>\n<li>En carton : 16'000pcs (dimensions du carton : 600x400x360mm)<\/li>\n<li>Par palette : 384'000pcs (Dimensions palettes : 800x1200x2300mm)<\/li>\n<\/ul>\n<p>autres couleurs sur demande !<\/p>","protected":false},"excerpt":{"rendered":"<p>Dieser Aluminiumverschluss verf\u00fcgt \u00fcber ein Schraubgewinde und einen Sicherungsring. Anpassungen, wie Bedruckungen oder Reliefs, sind auf [&hellip;]<\/p>\n","protected":false},"featured_media":192,"comment_status":"open","ping_status":"closed","template":"","meta":[],"product_brand":[],"product_cat":[24,23],"product_tag":[],"class_list":{"0":"post-191","1":"product","2":"type-product","3":"status-publish","4":"has-post-thumbnail","6":"product_cat-lebensmittel","7":"product_cat-verschluesse","8":"product_shipping_class-1-3-tage-lieferzeit","9":"pa_farbe-gold","10":"pa_farbe-variabel","11":"pa_form-rund","12":"pa_gewinde-pp-18","13":"pa_material-aluminium","15":"first","16":"instock","17":"taxable","18":"shipping-taxable","19":"product-type-simple"},"_links":{"self":[{"href":"https:\/\/supermatic.ch\/fr\/wp-json\/wp\/v2\/product\/191","targetHints":{"allow":["GET"]}}],"collection":[{"href":"https:\/\/supermatic.ch\/fr\/wp-json\/wp\/v2\/product"}],"about":[{"href":"https:\/\/supermatic.ch\/fr\/wp-json\/wp\/v2\/types\/product"}],"replies":[{"embeddable":true,"href":"https:\/\/supermatic.ch\/fr\/wp-json\/wp\/v2\/comments?post=191"}],"wp:featuredmedia":[{"embeddable":true,"href":"https:\/\/supermatic.ch\/fr\/wp-json\/wp\/v2\/media\/192"}],"wp:attachment":[{"href":"https:\/\/supermatic.ch\/fr\/wp-json\/wp\/v2\/media?parent=191"}],"wp:term":[{"taxonomy":"product_brand","embeddable":true,"href":"https:\/\/supermatic.ch\/fr\/wp-json\/wp\/v2\/product_brand?post=191"},{"taxonomy":"product_cat","embeddable":true,"href":"https:\/\/supermatic.ch\/fr\/wp-json\/wp\/v2\/product_cat?post=191"},{"taxonomy":"product_tag","embeddable":true,"href":"https:\/\/supermatic.ch\/fr\/wp-json\/wp\/v2\/product_tag?post=191"}],"curies":[{"name":"wp","href":"https:\/\/api.w.org\/{rel}","templated":true}]}}